{"id":99959,"date":"2024-07-20T05:52:58","date_gmt":"2024-07-20T05:52:58","guid":{"rendered":"https:\/\/www.ortopedski-ulosci.hr\/?page_id=99959"},"modified":"2024-07-23T11:35:43","modified_gmt":"2024-07-23T11:35:43","slug":"o-nama","status":"publish","type":"page","link":"https:\/\/www.ortopedski-ulosci.hr\/hr\/o-nama\/","title":{"rendered":"O nama"},"content":{"rendered":"<p>[et_pb_section fb_built=&#8221;1&#8243; _builder_version=&#8221;4.26.0&#8243; _module_preset=&#8221;default&#8221; background_color=&#8221;#0057ff&#8221; background_image=&#8221;https:\/\/www.ortopedski-ulosci.hr\/wp-content\/uploads\/2024\/07\/Ortho-Balance-Pozadina2.jpg&#8221; top_divider_color=&#8221;#FFFFFF&#8221; top_divider_height=&#8221;50px&#8221; box_shadow_style=&#8221;preset6&#8243; box_shadow_blur=&#8221;25px&#8221; box_shadow_color=&#8221;rgba(0,0,0,0.2)&#8221; global_colors_info=&#8221;{}&#8221;][et_pb_row _builder_version=&#8221;4.16&#8243; _module_preset=&#8221;default&#8221; global_colors_info=&#8221;{}&#8221;][et_pb_column type=&#8221;4_4&#8243; _builder_version=&#8221;4.16&#8243; _module_preset=&#8221;default&#8221; global_colors_info=&#8221;{}&#8221;][et_pb_text _builder_version=&#8221;4.26.0&#8243; _module_preset=&#8221;default&#8221; header_text_align=&#8221;center&#8221; header_text_color=&#8221;#FFFFFF&#8221; header_font_size=&#8221;62px&#8221; header_2_text_align=&#8221;center&#8221; header_2_text_color=&#8221;#FFFFFF&#8221; header_2_font_size=&#8221;40px&#8221; global_colors_info=&#8221;{}&#8221;]<\/p>\n<h1>O nama<\/h1>\n<p>[\/et_pb_text][\/et_pb_column][\/et_pb_row][\/et_pb_section][et_pb_section fb_built=&#8221;1&#8243; _builder_version=&#8221;4.16&#8243; _module_preset=&#8221;default&#8221; global_colors_info=&#8221;{}&#8221;][et_pb_row column_structure=&#8221;1_2,1_2&#8243; _builder_version=&#8221;4.26.0&#8243; _module_preset=&#8221;default&#8221; global_colors_info=&#8221;{}&#8221;][et_pb_column type=&#8221;1_2&#8243; _builder_version=&#8221;4.16&#8243; _module_preset=&#8221;default&#8221; global_colors_info=&#8221;{}&#8221;][et_pb_text _builder_version=&#8221;4.26.0&#8243; _module_preset=&#8221;default&#8221; text_font_size=&#8221;16px&#8221; global_colors_info=&#8221;{}&#8221;]<\/p>\n<h2>Na\u0161a pri\u010da<\/h2>\n<p>Ortho Balance ortopedski ulo\u0161ci nastali su iz potrebe da svojim pacijentima i sporta\u0161ima ponudimo ne\u0161to vi\u0161e od standardnog rje\u0161enja. Umjesto serijski proizvedenih ulo\u017eaka, na\u0161 <strong>cilj je pru\u017eiti personalizirane ulo\u0161ke izra\u0111ene prema specifi\u010dnostima Va\u0161eg stopala, obu\u0107i koju nosite i aktivnostima kojima se bavite.<\/strong> Digitalna analiza stopala, provedena u na\u0161em <a href=\"https:\/\/www.ortopedski-ulosci.hr\/dijagnostika-stopala\/\">vrhunskom dijagnosti\u010dkom centru<\/a>, omogu\u0107uje nam da stvorimo ulo\u017eak koji savr\u0161eno odgovara Va\u0161im jedinstvenim potrebama.<\/p>\n<h2>Na\u0161a vizija: Spoj strasti i tehnologije<\/h2>\n<p>Ortho Balance su osnovali iskusni fizioterapeut <strong>Velibor Viboh, mag.physioth.<\/strong>, i <strong>Mario Golubi\u0107<\/strong>, CAD\/CAM tehni\u010dar. Njihova strast prema anatomiji i biomehanici spojena s naprednom CNC tehnologijom rezultirala je kreiranjem ortopedskih ulo\u017eaka koji odgovaraju svim potrebama dana\u0161njice. Na\u0161 tim ima dugogodi\u0161nje iskustvo u fizioterapiji, rade\u0107i s razli\u010ditim dijagnozama i patologijama te pru\u017eaju\u0107i rje\u0161enja za sve tipove pacijenata, od op\u0107e populacije do vrhunskih sporta\u0161a.<\/p>\n<p>[\/et_pb_text][\/et_pb_column][et_pb_column type=&#8221;1_2&#8243; _builder_version=&#8221;4.16&#8243; _module_preset=&#8221;default&#8221; global_colors_info=&#8221;{}&#8221;][et_pb_image src=&#8221;https:\/\/www.ortopedski-ulosci.hr\/wp-content\/uploads\/2024\/07\/Velibor-Viboh-Ortho-Balance-4.jpg&#8221; title_text=&#8221;Velibor-Viboh-Ortho-Balance-4&#8243; _builder_version=&#8221;4.26.0&#8243; _module_preset=&#8221;default&#8221; custom_padding=&#8221;25px|25px|25px|25px|true|true&#8221; animation_style=&#8221;slide&#8221; animation_direction=&#8221;right&#8221; animation_duration=&#8221;750ms&#8221; animation_delay=&#8221;300ms&#8221; animation_starting_opacity=&#8221;50%&#8221; hover_enabled=&#8221;0&#8243; border_radii=&#8221;on|20px|20px|20px|20px&#8221; box_shadow_style=&#8221;preset4&#8243; box_shadow_horizontal=&#8221;25px&#8221; box_shadow_vertical=&#8221;25px&#8221; box_shadow_color=&#8221;#e0ecf0&#8243; global_colors_info=&#8221;{}&#8221; sticky_enabled=&#8221;0&#8243;][\/et_pb_image][\/et_pb_column][\/et_pb_row][et_pb_row column_structure=&#8221;1_2,1_2&#8243; _builder_version=&#8221;4.26.0&#8243; _module_preset=&#8221;default&#8221; global_colors_info=&#8221;{}&#8221;][et_pb_column type=&#8221;1_2&#8243; _builder_version=&#8221;4.16&#8243; _module_preset=&#8221;default&#8221; global_colors_info=&#8221;{}&#8221;][et_pb_image src=&#8221;https:\/\/www.ortopedski-ulosci.hr\/wp-content\/uploads\/2024\/07\/Velibor-Viboh-Ortho-Balance-2.jpg&#8221; title_text=&#8221;Velibor-Viboh-Ortho-Balance-2&#8243; _builder_version=&#8221;4.26.0&#8243; _module_preset=&#8221;default&#8221; custom_padding=&#8221;25px|25px|25px|25px|true|true&#8221; animation_style=&#8221;slide&#8221; animation_direction=&#8221;left&#8221; animation_duration=&#8221;750ms&#8221; animation_delay=&#8221;330ms&#8221; animation_starting_opacity=&#8221;50%&#8221; hover_enabled=&#8221;0&#8243; border_radii=&#8221;on|20px|20px|20px|20px&#8221; box_shadow_style=&#8221;preset4&#8243; box_shadow_horizontal=&#8221;25px&#8221; box_shadow_vertical=&#8221;25px&#8221; box_shadow_color=&#8221;#e0ecf0&#8243; global_colors_info=&#8221;{}&#8221; sticky_enabled=&#8221;0&#8243;][\/et_pb_image][\/et_pb_column][et_pb_column type=&#8221;1_2&#8243; _builder_version=&#8221;4.16&#8243; _module_preset=&#8221;default&#8221; global_colors_info=&#8221;{}&#8221;][et_pb_text _builder_version=&#8221;4.26.0&#8243; _module_preset=&#8221;default&#8221; text_font_size=&#8221;16px&#8221; global_colors_info=&#8221;{}&#8221;]<\/p>\n<h2>Povjerenje vrhunski sporta\u0161a<\/h2>\n<p>Stru\u010dnost i kvalitetan rad prepoznali su mnogi vrhunski sporta\u0161i koji redovito koriste Ortho Balance ortopedske ulo\u0161ke. Velibor Viboh je prvih osam godina svoje profesionalne karijere bio slu\u017ebeni fizioterapeut Borne \u0106ori\u0107a. Danas obna\u0161a istu du\u017enost za Donnu Veki\u0107, seniorsku tenisa\u010dicu, kao i za seniorsku mu\u0161ku DAVIS CUP reprezentaciju te seniorsku \u017eensku FED CUP reprezentaciju. Osim tenisa\u010da, sura\u0111uje sa sporta\u0161ima iz raznih disciplina poput gimnastike, MMA, boksa, taekwondoa, streli\u010darstva, atletike i mnogih drugih.<\/p>\n<h2>Znanost i istra\u017eivanje<\/h2>\n<p>Veliborov diplomski, magistarski i trenutni doktorski rad usmjereni su na <strong>specifi\u010dne metode oporavka u tenisu<\/strong>. U sklopu <a href=\"https:\/\/bodybalance.hr\/\" target=\"_blank\" rel=\"noopener\">Poliklinike Medical Body Balance<\/a>, redovito provodi testiranja i istra\u017eivanja te pi\u0161e stru\u010dne i znanstvene radove iz podru\u010dja fizioterapije. Njegova posve\u0107enost stru\u010dnom razvoju i istra\u017eivanju osigurava da su na\u0161 pristup i proizvod uvijek u skladu s najnovijim znanstvenim spoznajama i najboljim praksama.<\/p>\n<p>[\/et_pb_text][\/et_pb_column][\/et_pb_row][et_pb_row column_structure=&#8221;1_2,1_2&#8243; _builder_version=&#8221;4.26.0&#8243; _module_preset=&#8221;default&#8221; global_colors_info=&#8221;{}&#8221;][et_pb_column type=&#8221;1_2&#8243; _builder_version=&#8221;4.16&#8243; _module_preset=&#8221;default&#8221; global_colors_info=&#8221;{}&#8221;][et_pb_image src=&#8221;https:\/\/www.ortopedski-ulosci.hr\/wp-content\/uploads\/2024\/07\/Velibor-Viboh-Ortho-Balance.jpg&#8221; title_text=&#8221;Velibor-Viboh-Ortho-Balance&#8221; _builder_version=&#8221;4.26.0&#8243; _module_preset=&#8221;default&#8221; custom_padding=&#8221;25px|25px|25px|25px|true|true&#8221; animation_style=&#8221;slide&#8221; animation_direction=&#8221;left&#8221; animation_duration=&#8221;750ms&#8221; animation_delay=&#8221;300ms&#8221; animation_starting_opacity=&#8221;50%&#8221; border_radii=&#8221;on|20px|20px|20px|20px&#8221; box_shadow_style=&#8221;preset4&#8243; box_shadow_horizontal=&#8221;25px&#8221; box_shadow_vertical=&#8221;25px&#8221; box_shadow_color=&#8221;#e0ecf0&#8243; global_colors_info=&#8221;{}&#8221;][\/et_pb_image][\/et_pb_column][et_pb_column type=&#8221;1_2&#8243; _builder_version=&#8221;4.16&#8243; _module_preset=&#8221;default&#8221; global_colors_info=&#8221;{}&#8221;][et_pb_image src=&#8221;https:\/\/www.ortopedski-ulosci.hr\/wp-content\/uploads\/2024\/07\/Velibor-Viboh-Ortho-Balance6.jpg&#8221; title_text=&#8221;Velibor-Viboh-Ortho-Balance6&#8243; _builder_version=&#8221;4.26.0&#8243; _module_preset=&#8221;default&#8221; custom_padding=&#8221;25px|25px|25px|25px|true|true&#8221; animation_style=&#8221;slide&#8221; animation_direction=&#8221;right&#8221; animation_duration=&#8221;750ms&#8221; animation_delay=&#8221;300ms&#8221; animation_starting_opacity=&#8221;50%&#8221; hover_enabled=&#8221;0&#8243; border_radii=&#8221;on|20px|20px|20px|20px&#8221; box_shadow_style=&#8221;preset4&#8243; box_shadow_horizontal=&#8221;25px&#8221; box_shadow_vertical=&#8221;25px&#8221; box_shadow_color=&#8221;#e0ecf0&#8243; global_colors_info=&#8221;{}&#8221; sticky_enabled=&#8221;0&#8243;][\/et_pb_image][\/et_pb_column][\/et_pb_row][\/et_pb_section][et_pb_section fb_built=&#8221;1&#8243; _builder_version=&#8221;4.26.0&#8243; _module_preset=&#8221;default&#8221; background_image=&#8221;https:\/\/www.ortopedski-ulosci.hr\/wp-content\/uploads\/2024\/07\/DijagnostikaStopala-OrthoBalance-1.jpg&#8221; parallax=&#8221;on&#8221; parallax_method=&#8221;off&#8221; global_colors_info=&#8221;{}&#8221;][et_pb_row column_structure=&#8221;1_2,1_2&#8243; _builder_version=&#8221;4.16&#8243; _module_preset=&#8221;default&#8221; width_tablet=&#8221;&#8221; width_phone=&#8221;90%&#8221; width_last_edited=&#8221;on|phone&#8221; custom_margin=&#8221;||-150px||false|false&#8221; custom_margin_tablet=&#8221;||0px||false|false&#8221; custom_margin_phone=&#8221;||0px||false|false&#8221; custom_margin_last_edited=&#8221;on|tablet&#8221; global_colors_info=&#8221;{}&#8221;][et_pb_column type=&#8221;1_2&#8243; _builder_version=&#8221;4.16&#8243; _module_preset=&#8221;default&#8221; background_color=&#8221;#FFFFFF&#8221; custom_padding=&#8221;75px|75px|75px|75px|true|true&#8221; custom_padding_tablet=&#8221;75px|75px|75px|75px|true|true&#8221; custom_padding_phone=&#8221;35px|35px|35px|35px|true|true&#8221; custom_padding_last_edited=&#8221;on|phone&#8221; animation_style=&#8221;slide&#8221; animation_direction=&#8221;bottom&#8221; animation_duration=&#8221;750ms&#8221; animation_starting_opacity=&#8221;100%&#8221; border_radii=&#8221;on|15px|15px|15px|15px&#8221; box_shadow_style=&#8221;preset1&#8243; box_shadow_blur=&#8221;50px&#8221; box_shadow_color=&#8221;rgba(0,0,0,0.25)&#8221; global_colors_info=&#8221;{}&#8221;][et_pb_text _builder_version=&#8221;4.26.0&#8243; _module_preset=&#8221;default&#8221; text_font=&#8221;|800||on|||||&#8221; text_text_color=&#8221;#57c2b0&#8243; text_font_size=&#8221;16px&#8221; text_orientation=&#8221;center&#8221; custom_margin=&#8221;||5px||false|false&#8221; global_colors_info=&#8221;{}&#8221;]<\/p>\n<p style=\"text-align: left;\">MI SMO<\/p>\n<p>[\/et_pb_text][et_pb_text _builder_version=&#8221;4.26.0&#8243; _module_preset=&#8221;default&#8221; header_2_font_size=&#8221;40px&#8221; global_colors_info=&#8221;{}&#8221;]<\/p>\n<h2>Va\u0161 pouzdan partner<\/h2>\n<p>[\/et_pb_text][et_pb_text _builder_version=&#8221;4.26.0&#8243; _module_preset=&#8221;default&#8221; text_font_size=&#8221;16px&#8221; global_colors_info=&#8221;{}&#8221;]<\/p>\n<p>U Ortho Balanceu, vjerujemo da svaki korak treba biti udoban i siguran. Posve\u0107enost Va\u0161em zdravlju i dobrobiti reflektira se u svakom ulo\u0161ku koji izradimo. Posjetite nas i iskusite razliku koju mogu napraviti individualizirani ortopedski ulo\u0161ci izra\u0111eni ba\u0161 za Vas. <strong>Mi smo Va\u0161 partner na putu do zdravijih i sretnijih stopala.<\/strong><\/p>\n<p>[\/et_pb_text][et_pb_button button_url=&#8221;@ET-DC@eyJkeW5hbWljIjp0cnVlLCJjb250ZW50IjoicG9zdF9saW5rX3VybF9wYWdlIiwic2V0dGluZ3MiOnsicG9zdF9pZCI6Ijk5NzQ2In19@&#8221; button_text=&#8221;Saznajte vi\u0161e&#8221; button_alignment=&#8221;center&#8221; _builder_version=&#8221;4.26.0&#8243; _dynamic_attributes=&#8221;button_url&#8221; _module_preset=&#8221;a39e2adc-6a8e-4dfa-b7a9-381ff3b2cd2d&#8221; custom_button=&#8221;on&#8221; button_text_size=&#8221;16px&#8221; button_text_color=&#8221;#FFFFFF&#8221; button_bg_color=&#8221;#57c2b0&#8243; button_border_width=&#8221;0px&#8221; button_font=&#8221;|700|||||||&#8221; button_use_icon=&#8221;off&#8221; custom_margin=&#8221;10px||||false|false&#8221; custom_padding=&#8221;11px|25px|11px|25px|true|true&#8221; hover_enabled=&#8221;0&#8243; box_shadow_style=&#8221;preset1&#8243; global_colors_info=&#8221;{}&#8221; button_bg_color__hover_enabled=&#8221;on|hover&#8221; button_bg_color__hover=&#8221;#60d6d2&#8243; button_bg_enable_color__hover=&#8221;on&#8221; sticky_enabled=&#8221;0&#8243;][\/et_pb_button][\/et_pb_column][et_pb_column type=&#8221;1_2&#8243; _builder_version=&#8221;4.16&#8243; _module_preset=&#8221;default&#8221; global_colors_info=&#8221;{}&#8221;][\/et_pb_column][\/et_pb_row][\/et_pb_section][et_pb_section fb_built=&#8221;1&#8243; _builder_version=&#8221;4.26.0&#8243; _module_preset=&#8221;default&#8221; global_colors_info=&#8221;{}&#8221;][\/et_pb_section]<\/p>\n","protected":false},"excerpt":{"rendered":"<p>O namaNa\u0161a pri\u010da Ortho Balance ortopedski ulo\u0161ci nastali su iz potrebe da svojim pacijentima i sporta\u0161ima ponudimo ne\u0161to vi\u0161e od standardnog rje\u0161enja. Umjesto serijski proizvedenih ulo\u017eaka, na\u0161 cilj je pru\u017eiti personalizirane ulo\u0161ke izra\u0111ene prema specifi\u010dnostima Va\u0161eg stopala, obu\u0107i koju nosite i aktivnostima kojima se bavite. Digitalna analiza stopala, provedena u na\u0161em vrhunskom dijagnosti\u010dkom centru, omogu\u0107uje [&hellip;]<\/p>\n","protected":false},"author":1,"featured_media":0,"parent":0,"menu_order":0,"comment_status":"closed","ping_status":"closed","template":"","meta":{"_et_pb_use_builder":"on","_et_pb_old_content":"","_et_gb_content_width":"","footnotes":""},"class_list":["post-99959","page","type-page","status-publish","hentry"],"yoast_head":"<!-- This site is optimized with the Yoast SEO plugin v26.8 - https:\/\/yoast.com\/product\/yoast-seo-wordpress\/ -->\n<title>O nama - ORTHO BALANCE<\/title>\n<meta name=\"robots\" content=\"index, follow, max-snippet:-1, max-image-preview:large, max-video-preview:-1\" \/>\n<link rel=\"canonical\" href=\"https:\/\/www.ortopedski-ulosci.hr\/hr\/o-nama\/\" \/>\n<meta property=\"og:locale\" content=\"hr_HR\" \/>\n<meta property=\"og:type\" content=\"article\" \/>\n<meta property=\"og:title\" content=\"O nama - ORTHO BALANCE\" \/>\n<meta property=\"og:description\" content=\"O namaNa\u0161a pri\u010da Ortho Balance ortopedski ulo\u0161ci nastali su iz potrebe da svojim pacijentima i sporta\u0161ima ponudimo ne\u0161to vi\u0161e od standardnog rje\u0161enja. Umjesto serijski proizvedenih ulo\u017eaka, na\u0161 cilj je pru\u017eiti personalizirane ulo\u0161ke izra\u0111ene prema specifi\u010dnostima Va\u0161eg stopala, obu\u0107i koju nosite i aktivnostima kojima se bavite. Digitalna analiza stopala, provedena u na\u0161em vrhunskom dijagnosti\u010dkom centru, omogu\u0107uje [&hellip;]\" \/>\n<meta property=\"og:url\" content=\"https:\/\/www.ortopedski-ulosci.hr\/hr\/o-nama\/\" \/>\n<meta property=\"og:site_name\" content=\"ORTHO BALANCE\" \/>\n<meta property=\"article:publisher\" content=\"https:\/\/www.facebook.com\/bodybalanceZG\/?locale=hr_HR\" \/>\n<meta property=\"article:modified_time\" content=\"2024-07-23T11:35:43+00:00\" \/>\n<meta property=\"og:image\" content=\"https:\/\/www.ortopedski-ulosci.hr\/wp-content\/uploads\/2024\/07\/Ortopedski-ulosci-OrthoBalance-14.jpg\" \/>\n\t<meta property=\"og:image:width\" content=\"1200\" \/>\n\t<meta property=\"og:image:height\" content=\"600\" \/>\n\t<meta property=\"og:image:type\" content=\"image\/jpeg\" \/>\n<meta name=\"twitter:card\" content=\"summary_large_image\" \/>\n<meta name=\"twitter:label1\" content=\"Procijenjeno vrijeme \u010ditanja\" \/>\n\t<meta name=\"twitter:data1\" content=\"7 minuta\" \/>\n<script type=\"application\/ld+json\" class=\"yoast-schema-graph\">{\"@context\":\"https:\/\/schema.org\",\"@graph\":[{\"@type\":\"WebPage\",\"@id\":\"https:\/\/www.ortopedski-ulosci.hr\/o-nama\/\",\"url\":\"https:\/\/www.ortopedski-ulosci.hr\/o-nama\/\",\"name\":\"O nama - ORTHO BALANCE\",\"isPartOf\":{\"@id\":\"https:\/\/www.ortopedski-ulosci.hr\/#website\"},\"datePublished\":\"2024-07-20T05:52:58+00:00\",\"dateModified\":\"2024-07-23T11:35:43+00:00\",\"breadcrumb\":{\"@id\":\"https:\/\/www.ortopedski-ulosci.hr\/o-nama\/#breadcrumb\"},\"inLanguage\":\"hr\",\"potentialAction\":[{\"@type\":\"ReadAction\",\"target\":[\"https:\/\/www.ortopedski-ulosci.hr\/o-nama\/\"]}]},{\"@type\":\"BreadcrumbList\",\"@id\":\"https:\/\/www.ortopedski-ulosci.hr\/o-nama\/#breadcrumb\",\"itemListElement\":[{\"@type\":\"ListItem\",\"position\":1,\"name\":\"Po\u010detna stranica\",\"item\":\"https:\/\/www.ortopedski-ulosci.hr\/hr\/\"},{\"@type\":\"ListItem\",\"position\":2,\"name\":\"O nama\"}]},{\"@type\":\"WebSite\",\"@id\":\"https:\/\/www.ortopedski-ulosci.hr\/#website\",\"url\":\"https:\/\/www.ortopedski-ulosci.hr\/\",\"name\":\"ORTHO BALANCE\",\"description\":\"Personalizirani ortopedski ulo\u0161ci\",\"publisher\":{\"@id\":\"https:\/\/www.ortopedski-ulosci.hr\/#organization\"},\"alternateName\":\"ortopedski-ulosci.hr\",\"potentialAction\":[{\"@type\":\"SearchAction\",\"target\":{\"@type\":\"EntryPoint\",\"urlTemplate\":\"https:\/\/www.ortopedski-ulosci.hr\/?s={search_term_string}\"},\"query-input\":{\"@type\":\"PropertyValueSpecification\",\"valueRequired\":true,\"valueName\":\"search_term_string\"}}],\"inLanguage\":\"hr\"},{\"@type\":\"Organization\",\"@id\":\"https:\/\/www.ortopedski-ulosci.hr\/#organization\",\"name\":\"ORTHO BALANCE\",\"url\":\"https:\/\/www.ortopedski-ulosci.hr\/\",\"logo\":{\"@type\":\"ImageObject\",\"inLanguage\":\"hr\",\"@id\":\"https:\/\/www.ortopedski-ulosci.hr\/#\/schema\/logo\/image\/\",\"url\":\"https:\/\/www.ortopedski-ulosci.hr\/wp-content\/uploads\/2024\/07\/orthobalance.png\",\"contentUrl\":\"https:\/\/www.ortopedski-ulosci.hr\/wp-content\/uploads\/2024\/07\/orthobalance.png\",\"width\":600,\"height\":200,\"caption\":\"ORTHO BALANCE\"},\"image\":{\"@id\":\"https:\/\/www.ortopedski-ulosci.hr\/#\/schema\/logo\/image\/\"},\"sameAs\":[\"https:\/\/www.facebook.com\/bodybalanceZG\/?locale=hr_HR\",\"https:\/\/www.instagram.com\/poliklinikamedicalbodybalance\/\"]}]}<\/script>\n<!-- \/ Yoast SEO plugin. -->","yoast_head_json":{"title":"O nama - ORTHO BALANCE","robots":{"index":"index","follow":"follow","max-snippet":"max-snippet:-1","max-image-preview":"max-image-preview:large","max-video-preview":"max-video-preview:-1"},"canonical":"https:\/\/www.ortopedski-ulosci.hr\/hr\/o-nama\/","og_locale":"hr_HR","og_type":"article","og_title":"O nama - ORTHO BALANCE","og_description":"O namaNa\u0161a pri\u010da Ortho Balance ortopedski ulo\u0161ci nastali su iz potrebe da svojim pacijentima i sporta\u0161ima ponudimo ne\u0161to vi\u0161e od standardnog rje\u0161enja. Umjesto serijski proizvedenih ulo\u017eaka, na\u0161 cilj je pru\u017eiti personalizirane ulo\u0161ke izra\u0111ene prema specifi\u010dnostima Va\u0161eg stopala, obu\u0107i koju nosite i aktivnostima kojima se bavite. Digitalna analiza stopala, provedena u na\u0161em vrhunskom dijagnosti\u010dkom centru, omogu\u0107uje [&hellip;]","og_url":"https:\/\/www.ortopedski-ulosci.hr\/hr\/o-nama\/","og_site_name":"ORTHO BALANCE","article_publisher":"https:\/\/www.facebook.com\/bodybalanceZG\/?locale=hr_HR","article_modified_time":"2024-07-23T11:35:43+00:00","og_image":[{"width":1200,"height":600,"url":"https:\/\/www.ortopedski-ulosci.hr\/wp-content\/uploads\/2024\/07\/Ortopedski-ulosci-OrthoBalance-14.jpg","type":"image\/jpeg"}],"twitter_card":"summary_large_image","twitter_misc":{"Procijenjeno vrijeme \u010ditanja":"7 minuta"},"schema":{"@context":"https:\/\/schema.org","@graph":[{"@type":"WebPage","@id":"https:\/\/www.ortopedski-ulosci.hr\/o-nama\/","url":"https:\/\/www.ortopedski-ulosci.hr\/o-nama\/","name":"O nama - ORTHO BALANCE","isPartOf":{"@id":"https:\/\/www.ortopedski-ulosci.hr\/#website"},"datePublished":"2024-07-20T05:52:58+00:00","dateModified":"2024-07-23T11:35:43+00:00","breadcrumb":{"@id":"https:\/\/www.ortopedski-ulosci.hr\/o-nama\/#breadcrumb"},"inLanguage":"hr","potentialAction":[{"@type":"ReadAction","target":["https:\/\/www.ortopedski-ulosci.hr\/o-nama\/"]}]},{"@type":"BreadcrumbList","@id":"https:\/\/www.ortopedski-ulosci.hr\/o-nama\/#breadcrumb","itemListElement":[{"@type":"ListItem","position":1,"name":"Po\u010detna stranica","item":"https:\/\/www.ortopedski-ulosci.hr\/hr\/"},{"@type":"ListItem","position":2,"name":"O nama"}]},{"@type":"WebSite","@id":"https:\/\/www.ortopedski-ulosci.hr\/#website","url":"https:\/\/www.ortopedski-ulosci.hr\/","name":"ORTHO BALANCE","description":"Personalizirani ortopedski ulo\u0161ci","publisher":{"@id":"https:\/\/www.ortopedski-ulosci.hr\/#organization"},"alternateName":"ortopedski-ulosci.hr","potentialAction":[{"@type":"SearchAction","target":{"@type":"EntryPoint","urlTemplate":"https:\/\/www.ortopedski-ulosci.hr\/?s={search_term_string}"},"query-input":{"@type":"PropertyValueSpecification","valueRequired":true,"valueName":"search_term_string"}}],"inLanguage":"hr"},{"@type":"Organization","@id":"https:\/\/www.ortopedski-ulosci.hr\/#organization","name":"ORTHO BALANCE","url":"https:\/\/www.ortopedski-ulosci.hr\/","logo":{"@type":"ImageObject","inLanguage":"hr","@id":"https:\/\/www.ortopedski-ulosci.hr\/#\/schema\/logo\/image\/","url":"https:\/\/www.ortopedski-ulosci.hr\/wp-content\/uploads\/2024\/07\/orthobalance.png","contentUrl":"https:\/\/www.ortopedski-ulosci.hr\/wp-content\/uploads\/2024\/07\/orthobalance.png","width":600,"height":200,"caption":"ORTHO BALANCE"},"image":{"@id":"https:\/\/www.ortopedski-ulosci.hr\/#\/schema\/logo\/image\/"},"sameAs":["https:\/\/www.facebook.com\/bodybalanceZG\/?locale=hr_HR","https:\/\/www.instagram.com\/poliklinikamedicalbodybalance\/"]}]}},"_links":{"self":[{"href":"https:\/\/www.ortopedski-ulosci.hr\/hr\/wp-json\/wp\/v2\/pages\/99959","targetHints":{"allow":["GET"]}}],"collection":[{"href":"https:\/\/www.ortopedski-ulosci.hr\/hr\/wp-json\/wp\/v2\/pages"}],"about":[{"href":"https:\/\/www.ortopedski-ulosci.hr\/hr\/wp-json\/wp\/v2\/types\/page"}],"author":[{"embeddable":true,"href":"https:\/\/www.ortopedski-ulosci.hr\/hr\/wp-json\/wp\/v2\/users\/1"}],"replies":[{"embeddable":true,"href":"https:\/\/www.ortopedski-ulosci.hr\/hr\/wp-json\/wp\/v2\/comments?post=99959"}],"version-history":[{"count":10,"href":"https:\/\/www.ortopedski-ulosci.hr\/hr\/wp-json\/wp\/v2\/pages\/99959\/revisions"}],"predecessor-version":[{"id":100018,"href":"https:\/\/www.ortopedski-ulosci.hr\/hr\/wp-json\/wp\/v2\/pages\/99959\/revisions\/100018"}],"wp:attachment":[{"href":"https:\/\/www.ortopedski-ulosci.hr\/hr\/wp-json\/wp\/v2\/media?parent=99959"}],"curies":[{"name":"wp","href":"https:\/\/api.w.org\/{rel}","templated":true}]}}