{"id":99827,"date":"2024-07-19T07:45:51","date_gmt":"2024-07-19T07:45:51","guid":{"rendered":"https:\/\/www.ortopedski-ulosci.hr\/?page_id=99827"},"modified":"2026-01-02T16:33:38","modified_gmt":"2026-01-02T16:33:38","slug":"ortho-med","status":"publish","type":"page","link":"https:\/\/www.ortopedski-ulosci.hr\/hr\/ortopedski-ulosci\/ortho-med\/","title":{"rendered":"Ortho Med"},"content":{"rendered":"\n[et_pb_section fb_built=&#8221;1&#8243; _builder_version=&#8221;4.26.0&#8243; _module_preset=&#8221;default&#8221; background_color=&#8221;#0057ff&#8221; background_image=&#8221;https:\/\/www.ortopedski-ulosci.hr\/wp-content\/uploads\/2024\/07\/Ortho-Balance-Pozadina2.jpg&#8221; top_divider_color=&#8221;#FFFFFF&#8221; top_divider_height=&#8221;50px&#8221; box_shadow_style=&#8221;preset6&#8243; box_shadow_blur=&#8221;25px&#8221; box_shadow_color=&#8221;rgba(0,0,0,0.2)&#8221; global_colors_info=&#8221;{}&#8221;][et_pb_row _builder_version=&#8221;4.16&#8243; _module_preset=&#8221;default&#8221; custom_padding=&#8221;||30px|||&#8221; global_colors_info=&#8221;{}&#8221;][et_pb_column type=&#8221;4_4&#8243; _builder_version=&#8221;4.16&#8243; _module_preset=&#8221;default&#8221; global_colors_info=&#8221;{}&#8221;][et_pb_text _builder_version=&#8221;4.26.0&#8243; _module_preset=&#8221;default&#8221; header_text_align=&#8221;center&#8221; header_text_color=&#8221;#FFFFFF&#8221; header_font_size=&#8221;62px&#8221; header_2_text_align=&#8221;center&#8221; header_2_text_color=&#8221;#FFFFFF&#8221; header_2_font_size=&#8221;40px&#8221; hover_enabled=&#8221;0&#8243; global_colors_info=&#8221;{}&#8221; sticky_enabled=&#8221;0&#8243;]<h1>Ortho Med<\/h1>[\/et_pb_text][\/et_pb_column][\/et_pb_row][\/et_pb_section][et_pb_section fb_built=&#8221;1&#8243; _builder_version=&#8221;4.16&#8243; _module_preset=&#8221;default&#8221; global_colors_info=&#8221;{}&#8221;][et_pb_row column_structure=&#8221;3_5,2_5&#8243; _builder_version=&#8221;4.26.0&#8243; _module_preset=&#8221;default&#8221; global_colors_info=&#8221;{}&#8221;][et_pb_column type=&#8221;3_5&#8243; _builder_version=&#8221;4.16&#8243; _module_preset=&#8221;default&#8221; global_colors_info=&#8221;{}&#8221;][et_pb_text _builder_version=&#8221;4.26.0&#8243; _module_preset=&#8221;default&#8221; text_font_size=&#8221;16px&#8221; hover_enabled=&#8221;0&#8243; global_colors_info=&#8221;{}&#8221; sticky_enabled=&#8221;0&#8243;]<h2><strong>Maksimalna udobnost i korektivna potpora za visokoosjetljiva stopala<\/strong><o:p><\/o:p><\/h2>\n<p>Ortho Med ortopedski ulo\u0161ci posebno su dizajnirani za osobe s visokoosjetljivim stopalima i dijabeti\u010dkim stopalima. Ovi ulo\u0161ci pru\u017eaju maksimalnu udobnost i optimalnu korektivnu potporu, \u0161to je izuzetno va\u017eno za o\u010duvanje zdravlja stopala kod osoba s dijabetesom.<o:p><\/o:p><\/p>\n<h2><strong>Napredni dizajn za osjetljiva stopala<\/strong><o:p><\/o:p><\/h2>\n<p>Ulo\u0161ci su izra\u0111eni od visokokvalitetnih, mekanih materijala koji pru\u017eaju izvanrednu udobnost i za\u0161titu. Njihova sposobnost da ravnomjerno raspodjele te\u017einu i smanje pritisak na osjetljive dijelove stopala poma\u017ee u prevenciji nastanka rana i \u017euljeva, \u0161to je klju\u010dno za osobe s dijabeti\u010dkim stopalima.<o:p><\/o:p><\/p>\n<h2><strong>Korektivna potpora za bolju stabilnost<\/strong><o:p><\/o:p><\/h2>\n<p>Osim udobnosti, Ortho Med ulo\u0161ci pru\u017eaju i dobru korektivnu potporu koja poma\u017ee u odr\u017eavanju pravilne biomehanike stopala. Ova potpora smanjuje naprezanje mi\u0161i\u0107a i zglobova, pobolj\u0161ava stabilnost i olak\u0161ava hodanje, \u010dime se smanjuje rizik od ozljeda.<o:p><\/o:p><\/p>\n<h2><strong>Namijenjeni osobama s dijabeti\u010dkim stopalima<\/strong><o:p><\/o:p><\/h2>\n<p>Dijabetes mo\u017ee uzrokovati niz problema sa stopalima, uklju\u010duju\u0107i neuropatiju, lo\u0161u cirkulaciju i pove\u0107ani rizik od infekcija. Ortho Med ulo\u0161ci dizajnirani su da odgovore na ove izazove, pru\u017eaju\u0107i dodatnu za\u0161titu i udobnost potrebnu osobama s dijabeti\u010dkim stopalima. Njihova upotreba mo\u017ee zna\u010dajno doprinijeti pobolj\u0161anju kvalitete \u017eivota i o\u010duvanju zdravlja stopala.<o:p><\/o:p><\/p>\n<h2><strong>Visokokvalitetni materijali za dugotrajnu udobnost<\/strong><o:p><\/o:p><\/h2>\n<p>Materijali kori\u0161teni u izradi ovih ulo\u017eaka pa\u017eljivo su odabrani zbog svoje meko\u0107e, otpornosti na habanje i sposobnosti da zadr\u017ee oblik i funkcionalnost tijekom vremena. Ovi materijali osiguravaju da ulo\u0161ci pru\u017eaju dugotrajnu udobnost i podr\u0161ku, bez obzira na intenzitet kori\u0161tenja.<o:p><\/o:p><\/p>\n<h2><strong>Prilagodba za individualne potrebe<\/strong><o:p><\/o:p><\/h2>\n<p>Ortho Med ulo\u0161ci mogu se prilagoditi specifi\u010dnim potrebama svakog korisnika, uzimaju\u0107i u obzir individualne karakteristike njihovih stopala i posebne zahtjeve povezane s dijabeti\u010dkim stanjem. Ova personalizacija osigurava maksimalnu udobnost i optimalnu podr\u0161ku, prilago\u0111enu va\u0161im jedinstvenim potrebama.<o:p><\/o:p><\/p>\n<p><strong>Ortho Med ortopedski ulo\u0161ci nude savr\u0161enu kombinaciju maksimalne udobnosti i korektivne potpore, posebno dizajnirane za osobe s visokoosjetljivim stopalima i dijabeti\u010dkim stopalima. S naprednim dizajnom, visokokvalitetnim materijalima i mogu\u0107no\u0161\u0107u prilagodbe, ovi ulo\u0161ci poma\u017eu u o\u010duvanju zdravlja stopala i pobolj\u0161anju kvalitete \u017eivota osoba s dijabetesom.<\/strong><o:p><\/o:p><\/p>[\/et_pb_text][\/et_pb_column][et_pb_column type=&#8221;2_5&#8243; _builder_version=&#8221;4.16&#8243; _module_preset=&#8221;default&#8221; global_colors_info=&#8221;{}&#8221;][et_pb_image src=&#8221;https:\/\/www.ortopedski-ulosci.hr\/wp-content\/uploads\/2024\/07\/Ortho-Balance-Dijabetes-tenisice.jpg&#8221; title_text=&#8221;Ortho-Balance-Dijabetes-tenisice&#8221; _builder_version=&#8221;4.26.0&#8243; _module_preset=&#8221;default&#8221; border_radii=&#8221;on|15px|15px|15px|15px&#8221; global_colors_info=&#8221;{}&#8221;][\/et_pb_image][et_pb_blurb title=&#8221;Dijagnostika&#8221; use_icon=&#8221;on&#8221; font_icon=&#8221;&#xe052;||divi||400&#8243; image_icon_background_color=&#8221;RGBA(0,0,0,0)&#8221; icon_placement=&#8221;left&#8221; _builder_version=&#8221;4.26.0&#8243; _module_preset=&#8221;default&#8221; header_line_height=&#8221;2.2em&#8221; background_enable_color=&#8221;off&#8221; image_icon_custom_padding=&#8221;5px|5px|5px|5px|true|true&#8221; animation_direction=&#8221;bottom&#8221; animation=&#8221;off&#8221; global_colors_info=&#8221;{}&#8221;][\/et_pb_blurb][et_pb_blurb title=&#8221;Garancija&#8221; use_icon=&#8221;on&#8221; font_icon=&#8221;&#xe052;||divi||400&#8243; image_icon_background_color=&#8221;RGBA(0,0,0,0)&#8221; icon_placement=&#8221;left&#8221; _builder_version=&#8221;4.26.0&#8243; _module_preset=&#8221;default&#8221; header_line_height=&#8221;2.2em&#8221; background_enable_color=&#8221;off&#8221; image_icon_custom_padding=&#8221;5px|5px|5px|5px|true|true&#8221; animation_direction=&#8221;bottom&#8221; animation=&#8221;off&#8221; global_colors_info=&#8221;{}&#8221;][\/et_pb_blurb][et_pb_blurb title=&#8221;100% preciznost&#8221; use_icon=&#8221;on&#8221; font_icon=&#8221;&#xe052;||divi||400&#8243; image_icon_background_color=&#8221;RGBA(0,0,0,0)&#8221; icon_placement=&#8221;left&#8221; _builder_version=&#8221;4.26.0&#8243; _module_preset=&#8221;default&#8221; header_line_height=&#8221;2.2em&#8221; background_enable_color=&#8221;off&#8221; image_icon_custom_padding=&#8221;5px|5px|5px|5px|true|true&#8221; animation_direction=&#8221;bottom&#8221; animation=&#8221;off&#8221; global_colors_info=&#8221;{}&#8221;][\/et_pb_blurb][et_pb_blurb title=&#8221;CAD\/CAM izrada&#8221; use_icon=&#8221;on&#8221; font_icon=&#8221;&#xe052;||divi||400&#8243; image_icon_background_color=&#8221;RGBA(0,0,0,0)&#8221; icon_placement=&#8221;left&#8221; _builder_version=&#8221;4.26.0&#8243; _module_preset=&#8221;default&#8221; header_line_height=&#8221;2.2em&#8221; background_enable_color=&#8221;off&#8221; image_icon_custom_padding=&#8221;5px|5px|5px|5px|true|true&#8221; animation_direction=&#8221;bottom&#8221; animation=&#8221;off&#8221; global_colors_info=&#8221;{}&#8221;][\/et_pb_blurb][et_pb_blurb title=&#8221;TOP Kvaliteta&#8221; use_icon=&#8221;on&#8221; font_icon=&#8221;&#xe052;||divi||400&#8243; image_icon_background_color=&#8221;RGBA(0,0,0,0)&#8221; icon_placement=&#8221;left&#8221; _builder_version=&#8221;4.26.0&#8243; _module_preset=&#8221;default&#8221; header_line_height=&#8221;2.2em&#8221; background_enable_color=&#8221;off&#8221; image_icon_custom_padding=&#8221;5px|5px|5px|5px|true|true&#8221; animation_direction=&#8221;bottom&#8221; animation=&#8221;off&#8221; global_colors_info=&#8221;{}&#8221;][\/et_pb_blurb][et_pb_blurb title=&#8221;Brzina isporuke&#8221; use_icon=&#8221;on&#8221; font_icon=&#8221;&#xe052;||divi||400&#8243; image_icon_background_color=&#8221;RGBA(0,0,0,0)&#8221; icon_placement=&#8221;left&#8221; _builder_version=&#8221;4.26.0&#8243; _module_preset=&#8221;default&#8221; header_line_height=&#8221;2.2em&#8221; background_enable_color=&#8221;off&#8221; image_icon_custom_padding=&#8221;5px|5px|5px|5px|true|true&#8221; animation_direction=&#8221;bottom&#8221; animation=&#8221;off&#8221; global_colors_info=&#8221;{}&#8221;][\/et_pb_blurb][et_pb_divider color=&#8221;#A1ACAA&#8221; divider_weight=&#8221;5px&#8221; _builder_version=&#8221;4.26.0&#8243; _module_preset=&#8221;default&#8221; global_colors_info=&#8221;{}&#8221;][\/et_pb_divider][et_pb_blurb title=&#8221;Cijena: 140\u20ac&#8221; use_icon=&#8221;on&#8221; font_icon=&#8221;&#xf02c;||fa||900&#8243; image_icon_width=&#8221;43px&#8221; _builder_version=&#8221;4.26.0&#8243; _module_preset=&#8221;default&#8221; header_text_align=&#8221;center&#8221; header_font_size=&#8221;26px&#8221; body_font_size=&#8221;14px&#8221; hover_enabled=&#8221;0&#8243; global_colors_info=&#8221;{}&#8221; sticky_enabled=&#8221;0&#8243;]<p style=\"text-align: center;\"><em>Na 4 i vi\u0161e para ulo\u017eaka obra\u010dunava se 15% popusta.<br \/>Za djecu do 14 godina starosti ili do broja noge 40 obra\u010dunava se 20% popusta.<br \/>Kod hitne izrade ulo\u017eaka se ne obra\u010dunava popust.<br \/>Dijagnostika nije uklju\u010dena u cijenu ulo\u017eaka.<br \/>Popusti se ne zbrajaju.<\/em><\/p>[\/et_pb_blurb][\/et_pb_column][\/et_pb_row][\/et_pb_section][et_pb_section fb_built=&#8221;1&#8243; custom_padding_last_edited=&#8221;on|tablet&#8221; _builder_version=&#8221;4.16&#8243; _module_preset=&#8221;default&#8221; custom_padding=&#8221;150px||||false|false&#8221; custom_padding_tablet=&#8221;75px||||false|false&#8221; custom_padding_phone=&#8221;75px||||false|false&#8221; global_colors_info=&#8221;{}&#8221;][et_pb_row _builder_version=&#8221;4.26.0&#8243; _module_preset=&#8221;default&#8221; global_colors_info=&#8221;{}&#8221;][et_pb_column type=&#8221;4_4&#8243; _builder_version=&#8221;4.16&#8243; _module_preset=&#8221;default&#8221; custom_padding_tablet=&#8221;||50px||false|false&#8221; custom_padding_phone=&#8221;||50px||false|false&#8221; custom_padding_last_edited=&#8221;on|tablet&#8221; global_colors_info=&#8221;{}&#8221;][et_pb_text _builder_version=&#8221;4.26.0&#8243; _module_preset=&#8221;default&#8221; header_2_font_size=&#8221;40px&#8221; text_orientation=&#8221;center&#8221; global_colors_info=&#8221;{}&#8221;]<h2>Kako do ortopedskih ulo\u017eaka?<\/h2>[\/et_pb_text][\/et_pb_column][\/et_pb_row][et_pb_row column_structure=&#8221;1_4,1_4,1_4,1_4&#8243; _builder_version=&#8221;4.26.0&#8243; _module_preset=&#8221;default&#8221; global_colors_info=&#8221;{}&#8221;][et_pb_column type=&#8221;1_4&#8243; _builder_version=&#8221;4.16&#8243; _module_preset=&#8221;default&#8221; custom_padding_tablet=&#8221;||50px||false|false&#8221; custom_padding_phone=&#8221;||50px||false|false&#8221; custom_padding_last_edited=&#8221;on|tablet&#8221; global_colors_info=&#8221;{}&#8221;][et_pb_blurb title=&#8221;Rezervacija termina&#8221; use_icon=&#8221;on&#8221; font_icon=&#8221;&#xf095;||fa||900&#8243; image_icon_background_color=&#8221;#edf3ff&#8221; image_icon_width=&#8221;60px&#8221; _builder_version=&#8221;4.26.0&#8243; _module_preset=&#8221;default&#8221; header_text_align=&#8221;center&#8221; header_font_size=&#8221;20px&#8221; header_line_height=&#8221;1.6em&#8221; body_font=&#8221;|300|||||||&#8221; body_text_align=&#8221;center&#8221; body_font_size=&#8221;16px&#8221; body_line_height=&#8221;1.6em&#8221; image_icon_custom_padding=&#8221;35px|35px|35px|35px|true|true&#8221; animation_style=&#8221;slide&#8221; animation_direction=&#8221;bottom&#8221; animation_duration=&#8221;750ms&#8221; animation_starting_opacity=&#8221;50%&#8221; animation=&#8221;off&#8221; border_radii_image=&#8221;on|12px|12px|12px|12px&#8221; global_colors_info=&#8221;{}&#8221;]<p><span><strong>1. korak<\/strong> je rezervacija termina telefonski ili putem e-maila<\/span><\/p>[\/et_pb_blurb][\/et_pb_column][et_pb_column type=&#8221;1_4&#8243; _builder_version=&#8221;4.16&#8243; _module_preset=&#8221;default&#8221; custom_padding_tablet=&#8221;||50px||false|false&#8221; custom_padding_phone=&#8221;||50px||false|false&#8221; custom_padding_last_edited=&#8221;on|tablet&#8221; global_colors_info=&#8221;{}&#8221;][et_pb_blurb title=&#8221;Pregled fizioterapeuta&#8221; use_icon=&#8221;on&#8221; font_icon=&#8221;&#xf4fc;||fa||900&#8243; image_icon_background_color=&#8221;#edf3ff&#8221; image_icon_width=&#8221;60px&#8221; _builder_version=&#8221;4.26.0&#8243; _module_preset=&#8221;default&#8221; header_text_align=&#8221;center&#8221; header_font_size=&#8221;20px&#8221; header_line_height=&#8221;1.6em&#8221; body_font=&#8221;|300|||||||&#8221; body_text_align=&#8221;center&#8221; body_font_size=&#8221;16px&#8221; body_line_height=&#8221;1.6em&#8221; image_icon_custom_padding=&#8221;35px|35px|35px|35px|true|true&#8221; animation_style=&#8221;slide&#8221; animation_direction=&#8221;bottom&#8221; animation_duration=&#8221;750ms&#8221; animation_starting_opacity=&#8221;50%&#8221; animation=&#8221;off&#8221; border_radii_image=&#8221;on|12px|12px|12px|12px&#8221; global_colors_info=&#8221;{}&#8221;]<p><span><strong>2. korak<\/strong> je detaljan pregled fizioterapeuta<\/span><\/p>[\/et_pb_blurb][\/et_pb_column][et_pb_column type=&#8221;1_4&#8243; _builder_version=&#8221;4.16&#8243; _module_preset=&#8221;default&#8221; custom_padding_tablet=&#8221;||50px||false|false&#8221; custom_padding_phone=&#8221;||50px||false|false&#8221; custom_padding_last_edited=&#8221;on|tablet&#8221; global_colors_info=&#8221;{}&#8221;][et_pb_blurb title=&#8221;Dijagnosti\u010dki centar&#8221; use_icon=&#8221;on&#8221; font_icon=&#8221;&#xf26c;||fa||900&#8243; image_icon_background_color=&#8221;#edf3ff&#8221; image_icon_width=&#8221;60px&#8221; _builder_version=&#8221;4.26.0&#8243; _module_preset=&#8221;default&#8221; header_text_align=&#8221;center&#8221; header_font_size=&#8221;20px&#8221; header_line_height=&#8221;1.6em&#8221; body_font=&#8221;|300|||||||&#8221; body_text_align=&#8221;center&#8221; body_font_size=&#8221;16px&#8221; body_line_height=&#8221;1.6em&#8221; image_icon_custom_padding=&#8221;35px|35px|35px|35px|true|true&#8221; animation_style=&#8221;slide&#8221; animation_direction=&#8221;bottom&#8221; animation_duration=&#8221;750ms&#8221; animation_starting_opacity=&#8221;50%&#8221; animation=&#8221;off&#8221; border_radii_image=&#8221;on|12px|12px|12px|12px&#8221; global_colors_info=&#8221;{}&#8221;]<p><span><strong>3. korak<\/strong> je digitalna i 3D analiza Va\u0161ih stopala<\/span><\/p>[\/et_pb_blurb][\/et_pb_column][et_pb_column type=&#8221;1_4&#8243; _builder_version=&#8221;4.16&#8243; _module_preset=&#8221;default&#8221; global_colors_info=&#8221;{}&#8221;][et_pb_blurb title=&#8221;Izrada ulo\u017eaka&#8221; use_icon=&#8221;on&#8221; font_icon=&#8221;&#xf54b;||fa||900&#8243; image_icon_background_color=&#8221;#edf3ff&#8221; image_icon_width=&#8221;60px&#8221; _builder_version=&#8221;4.26.0&#8243; _module_preset=&#8221;default&#8221; header_text_align=&#8221;center&#8221; header_font_size=&#8221;20px&#8221; header_line_height=&#8221;1.6em&#8221; body_font=&#8221;|300|||||||&#8221; body_text_align=&#8221;center&#8221; body_font_size=&#8221;16px&#8221; body_line_height=&#8221;1.6em&#8221; image_icon_custom_padding=&#8221;35px|35px|35px|35px|true|true&#8221; animation_style=&#8221;slide&#8221; animation_direction=&#8221;bottom&#8221; animation_duration=&#8221;750ms&#8221; animation_starting_opacity=&#8221;50%&#8221; animation=&#8221;off&#8221; border_radii_image=&#8221;on|12px|12px|12px|12px&#8221; global_colors_info=&#8221;{}&#8221;]<p><span><strong>4. korak<\/strong> je izrada ulo\u017eaka putem CAD \/ CAM tehnologije<\/span><\/p>[\/et_pb_blurb][\/et_pb_column][\/et_pb_row][\/et_pb_section]\n","protected":false},"excerpt":{"rendered":"<p>Ortho MedMaksimalna udobnost i korektivna potpora za visokoosjetljiva stopala Ortho Med ortopedski ulo\u0161ci posebno su dizajnirani za osobe s visokoosjetljivim stopalima i dijabeti\u010dkim stopalima. Ovi ulo\u0161ci pru\u017eaju maksimalnu udobnost i optimalnu korektivnu potporu, \u0161to je izuzetno va\u017eno za o\u010duvanje zdravlja stopala kod osoba s dijabetesom. Napredni dizajn za osjetljiva stopala Ulo\u0161ci su izra\u0111eni od visokokvalitetnih, [&hellip;]<\/p>\n","protected":false},"author":1,"featured_media":0,"parent":99795,"menu_order":4,"comment_status":"closed","ping_status":"closed","template":"","meta":{"_et_pb_use_builder":"on","_et_pb_old_content":"","_et_gb_content_width":"","footnotes":""},"class_list":["post-99827","page","type-page","status-publish","hentry"],"yoast_head":"<!-- This site is optimized with the Yoast SEO plugin v26.8 - https:\/\/yoast.com\/product\/yoast-seo-wordpress\/ -->\n<title>Ortho Med - ORTHO BALANCE<\/title>\n<meta name=\"robots\" content=\"index, follow, max-snippet:-1, max-image-preview:large, max-video-preview:-1\" \/>\n<link rel=\"canonical\" href=\"https:\/\/www.ortopedski-ulosci.hr\/hr\/ortopedski-ulosci\/ortho-med\/\" \/>\n<meta property=\"og:locale\" content=\"hr_HR\" \/>\n<meta property=\"og:type\" content=\"article\" \/>\n<meta property=\"og:title\" content=\"Ortho Med - ORTHO BALANCE\" \/>\n<meta property=\"og:description\" content=\"Ortho MedMaksimalna udobnost i korektivna potpora za visokoosjetljiva stopala Ortho Med ortopedski ulo\u0161ci posebno su dizajnirani za osobe s visokoosjetljivim stopalima i dijabeti\u010dkim stopalima. Ovi ulo\u0161ci pru\u017eaju maksimalnu udobnost i optimalnu korektivnu potporu, \u0161to je izuzetno va\u017eno za o\u010duvanje zdravlja stopala kod osoba s dijabetesom. Napredni dizajn za osjetljiva stopala Ulo\u0161ci su izra\u0111eni od visokokvalitetnih, [&hellip;]\" \/>\n<meta property=\"og:url\" content=\"https:\/\/www.ortopedski-ulosci.hr\/hr\/ortopedski-ulosci\/ortho-med\/\" \/>\n<meta property=\"og:site_name\" content=\"ORTHO BALANCE\" \/>\n<meta property=\"article:publisher\" content=\"https:\/\/www.facebook.com\/bodybalanceZG\/?locale=hr_HR\" \/>\n<meta property=\"article:modified_time\" content=\"2026-01-02T16:33:38+00:00\" \/>\n<meta property=\"og:image\" content=\"https:\/\/www.ortopedski-ulosci.hr\/wp-content\/uploads\/2024\/07\/Ortopedski-ulosci-OrthoBalance-14.jpg\" \/>\n\t<meta property=\"og:image:width\" content=\"1200\" \/>\n\t<meta property=\"og:image:height\" content=\"600\" \/>\n\t<meta property=\"og:image:type\" content=\"image\/jpeg\" \/>\n<meta name=\"twitter:card\" content=\"summary_large_image\" \/>\n<meta name=\"twitter:label1\" content=\"Procijenjeno vrijeme \u010ditanja\" \/>\n\t<meta name=\"twitter:data1\" content=\"3 minute\" \/>\n<script type=\"application\/ld+json\" class=\"yoast-schema-graph\">{\"@context\":\"https:\/\/schema.org\",\"@graph\":[{\"@type\":\"WebPage\",\"@id\":\"https:\/\/www.ortopedski-ulosci.hr\/hr\/ortopedski-ulosci\/ortho-med\/\",\"url\":\"https:\/\/www.ortopedski-ulosci.hr\/hr\/ortopedski-ulosci\/ortho-med\/\",\"name\":\"Ortho Med - ORTHO BALANCE\",\"isPartOf\":{\"@id\":\"https:\/\/www.ortopedski-ulosci.hr\/#website\"},\"datePublished\":\"2024-07-19T07:45:51+00:00\",\"dateModified\":\"2026-01-02T16:33:38+00:00\",\"breadcrumb\":{\"@id\":\"https:\/\/www.ortopedski-ulosci.hr\/hr\/ortopedski-ulosci\/ortho-med\/#breadcrumb\"},\"inLanguage\":\"hr\",\"potentialAction\":[{\"@type\":\"ReadAction\",\"target\":[\"https:\/\/www.ortopedski-ulosci.hr\/hr\/ortopedski-ulosci\/ortho-med\/\"]}]},{\"@type\":\"BreadcrumbList\",\"@id\":\"https:\/\/www.ortopedski-ulosci.hr\/hr\/ortopedski-ulosci\/ortho-med\/#breadcrumb\",\"itemListElement\":[{\"@type\":\"ListItem\",\"position\":1,\"name\":\"Po\u010detna stranica\",\"item\":\"https:\/\/www.ortopedski-ulosci.hr\/hr\/\"},{\"@type\":\"ListItem\",\"position\":2,\"name\":\"Ortopedski ulo\u0161ci\",\"item\":\"https:\/\/www.ortopedski-ulosci.hr\/hr\/ortopedski-ulosci\/\"},{\"@type\":\"ListItem\",\"position\":3,\"name\":\"Ortho Med\"}]},{\"@type\":\"WebSite\",\"@id\":\"https:\/\/www.ortopedski-ulosci.hr\/#website\",\"url\":\"https:\/\/www.ortopedski-ulosci.hr\/\",\"name\":\"ORTHO BALANCE\",\"description\":\"Personalizirani ortopedski ulo\u0161ci\",\"publisher\":{\"@id\":\"https:\/\/www.ortopedski-ulosci.hr\/#organization\"},\"alternateName\":\"ortopedski-ulosci.hr\",\"potentialAction\":[{\"@type\":\"SearchAction\",\"target\":{\"@type\":\"EntryPoint\",\"urlTemplate\":\"https:\/\/www.ortopedski-ulosci.hr\/?s={search_term_string}\"},\"query-input\":{\"@type\":\"PropertyValueSpecification\",\"valueRequired\":true,\"valueName\":\"search_term_string\"}}],\"inLanguage\":\"hr\"},{\"@type\":\"Organization\",\"@id\":\"https:\/\/www.ortopedski-ulosci.hr\/#organization\",\"name\":\"ORTHO BALANCE\",\"url\":\"https:\/\/www.ortopedski-ulosci.hr\/\",\"logo\":{\"@type\":\"ImageObject\",\"inLanguage\":\"hr\",\"@id\":\"https:\/\/www.ortopedski-ulosci.hr\/#\/schema\/logo\/image\/\",\"url\":\"https:\/\/www.ortopedski-ulosci.hr\/wp-content\/uploads\/2024\/07\/orthobalance.png\",\"contentUrl\":\"https:\/\/www.ortopedski-ulosci.hr\/wp-content\/uploads\/2024\/07\/orthobalance.png\",\"width\":600,\"height\":200,\"caption\":\"ORTHO BALANCE\"},\"image\":{\"@id\":\"https:\/\/www.ortopedski-ulosci.hr\/#\/schema\/logo\/image\/\"},\"sameAs\":[\"https:\/\/www.facebook.com\/bodybalanceZG\/?locale=hr_HR\",\"https:\/\/www.instagram.com\/poliklinikamedicalbodybalance\/\"]}]}<\/script>\n<!-- \/ Yoast SEO plugin. -->","yoast_head_json":{"title":"Ortho Med - ORTHO BALANCE","robots":{"index":"index","follow":"follow","max-snippet":"max-snippet:-1","max-image-preview":"max-image-preview:large","max-video-preview":"max-video-preview:-1"},"canonical":"https:\/\/www.ortopedski-ulosci.hr\/hr\/ortopedski-ulosci\/ortho-med\/","og_locale":"hr_HR","og_type":"article","og_title":"Ortho Med - ORTHO BALANCE","og_description":"Ortho MedMaksimalna udobnost i korektivna potpora za visokoosjetljiva stopala Ortho Med ortopedski ulo\u0161ci posebno su dizajnirani za osobe s visokoosjetljivim stopalima i dijabeti\u010dkim stopalima. Ovi ulo\u0161ci pru\u017eaju maksimalnu udobnost i optimalnu korektivnu potporu, \u0161to je izuzetno va\u017eno za o\u010duvanje zdravlja stopala kod osoba s dijabetesom. Napredni dizajn za osjetljiva stopala Ulo\u0161ci su izra\u0111eni od visokokvalitetnih, [&hellip;]","og_url":"https:\/\/www.ortopedski-ulosci.hr\/hr\/ortopedski-ulosci\/ortho-med\/","og_site_name":"ORTHO BALANCE","article_publisher":"https:\/\/www.facebook.com\/bodybalanceZG\/?locale=hr_HR","article_modified_time":"2026-01-02T16:33:38+00:00","og_image":[{"width":1200,"height":600,"url":"https:\/\/www.ortopedski-ulosci.hr\/wp-content\/uploads\/2024\/07\/Ortopedski-ulosci-OrthoBalance-14.jpg","type":"image\/jpeg"}],"twitter_card":"summary_large_image","twitter_misc":{"Procijenjeno vrijeme \u010ditanja":"3 minute"},"schema":{"@context":"https:\/\/schema.org","@graph":[{"@type":"WebPage","@id":"https:\/\/www.ortopedski-ulosci.hr\/hr\/ortopedski-ulosci\/ortho-med\/","url":"https:\/\/www.ortopedski-ulosci.hr\/hr\/ortopedski-ulosci\/ortho-med\/","name":"Ortho Med - ORTHO BALANCE","isPartOf":{"@id":"https:\/\/www.ortopedski-ulosci.hr\/#website"},"datePublished":"2024-07-19T07:45:51+00:00","dateModified":"2026-01-02T16:33:38+00:00","breadcrumb":{"@id":"https:\/\/www.ortopedski-ulosci.hr\/hr\/ortopedski-ulosci\/ortho-med\/#breadcrumb"},"inLanguage":"hr","potentialAction":[{"@type":"ReadAction","target":["https:\/\/www.ortopedski-ulosci.hr\/hr\/ortopedski-ulosci\/ortho-med\/"]}]},{"@type":"BreadcrumbList","@id":"https:\/\/www.ortopedski-ulosci.hr\/hr\/ortopedski-ulosci\/ortho-med\/#breadcrumb","itemListElement":[{"@type":"ListItem","position":1,"name":"Po\u010detna stranica","item":"https:\/\/www.ortopedski-ulosci.hr\/hr\/"},{"@type":"ListItem","position":2,"name":"Ortopedski ulo\u0161ci","item":"https:\/\/www.ortopedski-ulosci.hr\/hr\/ortopedski-ulosci\/"},{"@type":"ListItem","position":3,"name":"Ortho Med"}]},{"@type":"WebSite","@id":"https:\/\/www.ortopedski-ulosci.hr\/#website","url":"https:\/\/www.ortopedski-ulosci.hr\/","name":"ORTHO BALANCE","description":"Personalizirani ortopedski ulo\u0161ci","publisher":{"@id":"https:\/\/www.ortopedski-ulosci.hr\/#organization"},"alternateName":"ortopedski-ulosci.hr","potentialAction":[{"@type":"SearchAction","target":{"@type":"EntryPoint","urlTemplate":"https:\/\/www.ortopedski-ulosci.hr\/?s={search_term_string}"},"query-input":{"@type":"PropertyValueSpecification","valueRequired":true,"valueName":"search_term_string"}}],"inLanguage":"hr"},{"@type":"Organization","@id":"https:\/\/www.ortopedski-ulosci.hr\/#organization","name":"ORTHO BALANCE","url":"https:\/\/www.ortopedski-ulosci.hr\/","logo":{"@type":"ImageObject","inLanguage":"hr","@id":"https:\/\/www.ortopedski-ulosci.hr\/#\/schema\/logo\/image\/","url":"https:\/\/www.ortopedski-ulosci.hr\/wp-content\/uploads\/2024\/07\/orthobalance.png","contentUrl":"https:\/\/www.ortopedski-ulosci.hr\/wp-content\/uploads\/2024\/07\/orthobalance.png","width":600,"height":200,"caption":"ORTHO BALANCE"},"image":{"@id":"https:\/\/www.ortopedski-ulosci.hr\/#\/schema\/logo\/image\/"},"sameAs":["https:\/\/www.facebook.com\/bodybalanceZG\/?locale=hr_HR","https:\/\/www.instagram.com\/poliklinikamedicalbodybalance\/"]}]}},"_links":{"self":[{"href":"https:\/\/www.ortopedski-ulosci.hr\/hr\/wp-json\/wp\/v2\/pages\/99827","targetHints":{"allow":["GET"]}}],"collection":[{"href":"https:\/\/www.ortopedski-ulosci.hr\/hr\/wp-json\/wp\/v2\/pages"}],"about":[{"href":"https:\/\/www.ortopedski-ulosci.hr\/hr\/wp-json\/wp\/v2\/types\/page"}],"author":[{"embeddable":true,"href":"https:\/\/www.ortopedski-ulosci.hr\/hr\/wp-json\/wp\/v2\/users\/1"}],"replies":[{"embeddable":true,"href":"https:\/\/www.ortopedski-ulosci.hr\/hr\/wp-json\/wp\/v2\/comments?post=99827"}],"version-history":[{"count":7,"href":"https:\/\/www.ortopedski-ulosci.hr\/hr\/wp-json\/wp\/v2\/pages\/99827\/revisions"}],"predecessor-version":[{"id":100179,"href":"https:\/\/www.ortopedski-ulosci.hr\/hr\/wp-json\/wp\/v2\/pages\/99827\/revisions\/100179"}],"up":[{"embeddable":true,"href":"https:\/\/www.ortopedski-ulosci.hr\/hr\/wp-json\/wp\/v2\/pages\/99795"}],"wp:attachment":[{"href":"https:\/\/www.ortopedski-ulosci.hr\/hr\/wp-json\/wp\/v2\/media?parent=99827"}],"curies":[{"name":"wp","href":"https:\/\/api.w.org\/{rel}","templated":true}]}}