{"id":99802,"date":"2024-07-19T07:08:11","date_gmt":"2024-07-19T07:08:11","guid":{"rendered":"https:\/\/www.ortopedski-ulosci.hr\/?page_id=99802"},"modified":"2026-01-02T16:24:34","modified_gmt":"2026-01-02T16:24:34","slug":"premium-sport","status":"publish","type":"page","link":"https:\/\/www.ortopedski-ulosci.hr\/hr\/ortopedski-ulosci\/premium-sport\/","title":{"rendered":"Premium Sport"},"content":{"rendered":"<p>[et_pb_section fb_built=&#8221;1&#8243; _builder_version=&#8221;4.26.0&#8243; _module_preset=&#8221;default&#8221; background_color=&#8221;#0057ff&#8221; background_image=&#8221;https:\/\/www.ortopedski-ulosci.hr\/wp-content\/uploads\/2024\/07\/Ortho-Balance-Pozadina2.jpg&#8221; top_divider_color=&#8221;#FFFFFF&#8221; top_divider_height=&#8221;50px&#8221; box_shadow_style=&#8221;preset6&#8243; box_shadow_blur=&#8221;25px&#8221; box_shadow_color=&#8221;rgba(0,0,0,0.2)&#8221; global_colors_info=&#8221;{}&#8221;][et_pb_row _builder_version=&#8221;4.16&#8243; _module_preset=&#8221;default&#8221; global_colors_info=&#8221;{}&#8221;][et_pb_column type=&#8221;4_4&#8243; _builder_version=&#8221;4.16&#8243; _module_preset=&#8221;default&#8221; global_colors_info=&#8221;{}&#8221;][et_pb_text _builder_version=&#8221;4.26.0&#8243; _module_preset=&#8221;default&#8221; header_text_align=&#8221;center&#8221; header_text_color=&#8221;#FFFFFF&#8221; header_font_size=&#8221;62px&#8221; header_2_text_align=&#8221;center&#8221; header_2_text_color=&#8221;#FFFFFF&#8221; header_2_font_size=&#8221;40px&#8221; global_colors_info=&#8221;{}&#8221;]<\/p>\n<h1>Premium Sport<\/h1>\n<p>[\/et_pb_text][\/et_pb_column][\/et_pb_row][\/et_pb_section][et_pb_section fb_built=&#8221;1&#8243; _builder_version=&#8221;4.16&#8243; _module_preset=&#8221;default&#8221; global_colors_info=&#8221;{}&#8221;][et_pb_row column_structure=&#8221;3_5,2_5&#8243; _builder_version=&#8221;4.16&#8243; _module_preset=&#8221;default&#8221; global_colors_info=&#8221;{}&#8221;][et_pb_column type=&#8221;3_5&#8243; _builder_version=&#8221;4.16&#8243; _module_preset=&#8221;default&#8221; global_colors_info=&#8221;{}&#8221;][et_pb_text _builder_version=&#8221;4.26.0&#8243; _module_preset=&#8221;default&#8221; text_font_size=&#8221;16px&#8221; global_colors_info=&#8221;{}&#8221;]<\/p>\n<h2><strong>Izvrsna apsorpcija sila i visoka izdr\u017eljivost<\/strong><o:p><\/o:p><\/h2>\n<p>Premium Sport ortopedski ulo\u0161ci dizajnirani su s ciljem pru\u017eanja vrhunske podr\u0161ke i udobnosti sporta\u0161ima koji se suo\u010davaju s intenzivnim fizi\u010dkim naporima. Kori\u0161tenjem najnovijih tehnologija i materijala, ovi ulo\u0161ci osiguravaju izvanrednu apsorpciju sila iz svih smjerova, \u010dime smanjuju rizik od ozljeda i pobolj\u0161avaju ukupnu izvedbu.<o:p><\/o:p><\/p>\n<h2><strong>Vrhunski materijali za vrhunske performanse<\/strong><o:p><\/o:p><\/h2>\n<p>Izra\u0111eni od visokokvalitetnih i izdr\u017eljivih materijala, Premium Sport ulo\u0161ci mogu izdr\u017eati visoki intenzitet treninga i natjecanja. Ovi materijali su odabrani zbog svoje otpornosti na habanje i sposobnosti zadr\u017eavanja svojih svojstava \u010dak i nakon dugotrajne upotrebe. Bez obzira na vrstu sporta kojim se bavite, mo\u017eete biti sigurni da \u0107e vam ovi ulo\u0161ci pru\u017eiti optimalnu podr\u0161ku.<o:p><\/o:p><\/p>\n<h2><strong>Namijenjeni vrhunskim sporta\u0161ima<\/strong><o:p><\/o:p><\/h2>\n<p>Premium Sport ortopedski ulo\u0161ci posebno su dizajnirani za profesionalne sporta\u0161e koji zahtijevaju najbolju mogu\u0107u podr\u0161ku i za\u0161titu za svoja stopala. Razvijeni su u suradnji s vode\u0107im stru\u010dnjacima u podru\u010dju sportske ortopedije i biomehanike, te su testirani u najzahtjevnijim uvjetima kako bi se osiguralo da zadovoljavaju najvi\u0161e standarde kvalitete.<o:p><\/o:p><\/p>\n<h2><strong>Pobolj\u0161anje izvedbe i prevencija ozljeda<\/strong><o:p><\/o:p><\/h2>\n<p>Kori\u0161tenjem Premium Sport ortopedskih ulo\u017eaka, sporta\u0161i mogu pobolj\u0161ati svoju izvedbu zahvaljuju\u0107i smanjenju zamora i bolova u stopalima. Ovi ulo\u0161ci poma\u017eu u pravilnoj raspodjeli te\u017eine i sila, \u010dime se smanjuje optere\u0107enje na zglobove i mi\u0161i\u0107e. Tako\u0111er, smanjuju rizik od uobi\u010dajenih sportskih ozljeda kao \u0161to su plantarni fasciitis, tendinitis i stres frakture.<o:p><\/o:p><\/p>\n<h2><strong>Individualizirani pristup i maksimalna udobnost<\/strong><o:p><\/o:p><\/h2>\n<p>Svaki par Premium Sport ortopedskih ulo\u017eaka mo\u017ee biti prilago\u0111en individualnim potrebama sporta\u0161a, uzimaju\u0107i u obzir specifi\u010dne zahtjeve njihovog sporta i fizi\u010dkih karakteristika. Ova prilagodljivost osigurava maksimalnu udobnost i optimalnu podr\u0161ku tijekom svakog treninga i natjecanja.<o:p><\/o:p><\/p>\n<p><strong>Premium Sport ortopedski ulo\u0161ci predstavljaju vrhunsku opciju za sve profesionalne sporta\u0161e koji tra\u017ee najbolju podr\u0161ku za svoja stopala. S vrhunskom apsorpcijom sila, izdr\u017eljivim materijalima i individualiziranim pristupom, ovi ulo\u0161ci poma\u017eu sporta\u0161ima da postignu svoje najbolje rezultate i istovremeno za\u0161tite svoje zdravlje.<\/strong><o:p><\/o:p><\/p>\n<p>[\/et_pb_text][\/et_pb_column][et_pb_column type=&#8221;2_5&#8243; _builder_version=&#8221;4.16&#8243; _module_preset=&#8221;default&#8221; global_colors_info=&#8221;{}&#8221;][et_pb_image src=&#8221;https:\/\/www.ortopedski-ulosci.hr\/wp-content\/uploads\/2024\/07\/Ortho-Balance-Premium-Sport.jpg&#8221; title_text=&#8221;Ortho-Balance-Premium-Sport&#8221; _builder_version=&#8221;4.26.0&#8243; _module_preset=&#8221;default&#8221; border_radii=&#8221;on|15px|15px|15px|15px&#8221; global_colors_info=&#8221;{}&#8221;][\/et_pb_image][et_pb_blurb title=&#8221;Dijagnostika&#8221; use_icon=&#8221;on&#8221; font_icon=&#8221;&#xe052;||divi||400&#8243; image_icon_background_color=&#8221;RGBA(0,0,0,0)&#8221; icon_placement=&#8221;left&#8221; _builder_version=&#8221;4.26.0&#8243; _module_preset=&#8221;default&#8221; header_line_height=&#8221;2.2em&#8221; background_enable_color=&#8221;off&#8221; image_icon_custom_padding=&#8221;5px|5px|5px|5px|true|true&#8221; animation_direction=&#8221;bottom&#8221; animation=&#8221;off&#8221; global_colors_info=&#8221;{}&#8221;][\/et_pb_blurb][et_pb_blurb title=&#8221;Garancija&#8221; use_icon=&#8221;on&#8221; font_icon=&#8221;&#xe052;||divi||400&#8243; image_icon_background_color=&#8221;RGBA(0,0,0,0)&#8221; icon_placement=&#8221;left&#8221; _builder_version=&#8221;4.26.0&#8243; _module_preset=&#8221;default&#8221; header_line_height=&#8221;2.2em&#8221; background_enable_color=&#8221;off&#8221; image_icon_custom_padding=&#8221;5px|5px|5px|5px|true|true&#8221; animation_direction=&#8221;bottom&#8221; animation=&#8221;off&#8221; global_colors_info=&#8221;{}&#8221;][\/et_pb_blurb][et_pb_blurb title=&#8221;100% preciznost&#8221; use_icon=&#8221;on&#8221; font_icon=&#8221;&#xe052;||divi||400&#8243; image_icon_background_color=&#8221;RGBA(0,0,0,0)&#8221; icon_placement=&#8221;left&#8221; _builder_version=&#8221;4.26.0&#8243; _module_preset=&#8221;default&#8221; header_line_height=&#8221;2.2em&#8221; background_enable_color=&#8221;off&#8221; image_icon_custom_padding=&#8221;5px|5px|5px|5px|true|true&#8221; animation_direction=&#8221;bottom&#8221; animation=&#8221;off&#8221; global_colors_info=&#8221;{}&#8221;][\/et_pb_blurb][et_pb_blurb title=&#8221;CAD\/CAM izrada&#8221; use_icon=&#8221;on&#8221; font_icon=&#8221;&#xe052;||divi||400&#8243; image_icon_background_color=&#8221;RGBA(0,0,0,0)&#8221; icon_placement=&#8221;left&#8221; _builder_version=&#8221;4.26.0&#8243; _module_preset=&#8221;default&#8221; header_line_height=&#8221;2.2em&#8221; background_enable_color=&#8221;off&#8221; image_icon_custom_padding=&#8221;5px|5px|5px|5px|true|true&#8221; animation_direction=&#8221;bottom&#8221; animation=&#8221;off&#8221; global_colors_info=&#8221;{}&#8221;][\/et_pb_blurb][et_pb_blurb title=&#8221;TOP Kvaliteta&#8221; use_icon=&#8221;on&#8221; font_icon=&#8221;&#xe052;||divi||400&#8243; image_icon_background_color=&#8221;RGBA(0,0,0,0)&#8221; icon_placement=&#8221;left&#8221; _builder_version=&#8221;4.26.0&#8243; _module_preset=&#8221;default&#8221; header_line_height=&#8221;2.2em&#8221; background_enable_color=&#8221;off&#8221; image_icon_custom_padding=&#8221;5px|5px|5px|5px|true|true&#8221; animation_direction=&#8221;bottom&#8221; animation=&#8221;off&#8221; global_colors_info=&#8221;{}&#8221;][\/et_pb_blurb][et_pb_blurb title=&#8221;Brzina isporuke&#8221; use_icon=&#8221;on&#8221; font_icon=&#8221;&#xe052;||divi||400&#8243; image_icon_background_color=&#8221;RGBA(0,0,0,0)&#8221; icon_placement=&#8221;left&#8221; _builder_version=&#8221;4.26.0&#8243; _module_preset=&#8221;default&#8221; header_line_height=&#8221;2.2em&#8221; background_enable_color=&#8221;off&#8221; image_icon_custom_padding=&#8221;5px|5px|5px|5px|true|true&#8221; animation_direction=&#8221;bottom&#8221; animation=&#8221;off&#8221; global_colors_info=&#8221;{}&#8221;][\/et_pb_blurb][et_pb_divider color=&#8221;#A1ACAA&#8221; divider_weight=&#8221;5px&#8221; _builder_version=&#8221;4.26.0&#8243; _module_preset=&#8221;default&#8221; global_colors_info=&#8221;{}&#8221;][\/et_pb_divider][et_pb_blurb title=&#8221;Cijena: 180\u20ac&#8221; use_icon=&#8221;on&#8221; font_icon=&#8221;&#xf02c;||fa||900&#8243; image_icon_width=&#8221;43px&#8221; _builder_version=&#8221;4.26.0&#8243; _module_preset=&#8221;default&#8221; header_text_align=&#8221;center&#8221; header_font_size=&#8221;26px&#8221; body_font_size=&#8221;14px&#8221; hover_enabled=&#8221;0&#8243; global_colors_info=&#8221;{}&#8221; sticky_enabled=&#8221;0&#8243;]<\/p>\n<p style=\"text-align: center;\"><em>Na 4 i vi\u0161e para ulo\u017eaka obra\u010dunava se 15% popusta.<br \/>Za djecu do 14 godina starosti ili do broja noge 40 obra\u010dunava se 20% popusta.<br \/>Kod hitne izrade ulo\u017eaka se ne obra\u010dunava popust.<br \/>Dijagnostika nije uklju\u010dena u cijenu ulo\u017eaka.<br \/>Popusti se ne zbrajaju.<\/em><\/p>\n<p>[\/et_pb_blurb][\/et_pb_column][\/et_pb_row][\/et_pb_section][et_pb_section fb_built=&#8221;1&#8243; custom_padding_last_edited=&#8221;on|tablet&#8221; _builder_version=&#8221;4.16&#8243; _module_preset=&#8221;default&#8221; custom_padding=&#8221;150px||||false|false&#8221; custom_padding_tablet=&#8221;75px||||false|false&#8221; custom_padding_phone=&#8221;75px||||false|false&#8221; global_colors_info=&#8221;{}&#8221;][et_pb_row _builder_version=&#8221;4.26.0&#8243; _module_preset=&#8221;default&#8221; global_colors_info=&#8221;{}&#8221;][et_pb_column type=&#8221;4_4&#8243; _builder_version=&#8221;4.16&#8243; _module_preset=&#8221;default&#8221; custom_padding_tablet=&#8221;||50px||false|false&#8221; custom_padding_phone=&#8221;||50px||false|false&#8221; custom_padding_last_edited=&#8221;on|tablet&#8221; global_colors_info=&#8221;{}&#8221;][et_pb_text _builder_version=&#8221;4.26.0&#8243; _module_preset=&#8221;default&#8221; header_2_font_size=&#8221;40px&#8221; text_orientation=&#8221;center&#8221; global_colors_info=&#8221;{}&#8221;]<\/p>\n<h2>Kako do ortopedskih ulo\u017eaka?<\/h2>\n<p>[\/et_pb_text][\/et_pb_column][\/et_pb_row][et_pb_row column_structure=&#8221;1_4,1_4,1_4,1_4&#8243; _builder_version=&#8221;4.26.0&#8243; _module_preset=&#8221;default&#8221; global_colors_info=&#8221;{}&#8221;][et_pb_column type=&#8221;1_4&#8243; _builder_version=&#8221;4.16&#8243; _module_preset=&#8221;default&#8221; custom_padding_tablet=&#8221;||50px||false|false&#8221; custom_padding_phone=&#8221;||50px||false|false&#8221; custom_padding_last_edited=&#8221;on|tablet&#8221; global_colors_info=&#8221;{}&#8221;][et_pb_blurb title=&#8221;Rezervacija termina&#8221; use_icon=&#8221;on&#8221; font_icon=&#8221;&#xf095;||fa||900&#8243; image_icon_background_color=&#8221;#edf3ff&#8221; image_icon_width=&#8221;60px&#8221; _builder_version=&#8221;4.26.0&#8243; _module_preset=&#8221;default&#8221; header_text_align=&#8221;center&#8221; header_font_size=&#8221;20px&#8221; header_line_height=&#8221;1.6em&#8221; body_font=&#8221;|300|||||||&#8221; body_text_align=&#8221;center&#8221; body_font_size=&#8221;16px&#8221; body_line_height=&#8221;1.6em&#8221; image_icon_custom_padding=&#8221;35px|35px|35px|35px|true|true&#8221; animation_style=&#8221;slide&#8221; animation_direction=&#8221;bottom&#8221; animation_duration=&#8221;750ms&#8221; animation_starting_opacity=&#8221;50%&#8221; animation=&#8221;off&#8221; border_radii_image=&#8221;on|12px|12px|12px|12px&#8221; global_colors_info=&#8221;{}&#8221;]<\/p>\n<p><span><strong>1. korak<\/strong> je rezervacija termina telefonski ili putem e-maila<\/span><\/p>\n<p>[\/et_pb_blurb][\/et_pb_column][et_pb_column type=&#8221;1_4&#8243; _builder_version=&#8221;4.16&#8243; _module_preset=&#8221;default&#8221; custom_padding_tablet=&#8221;||50px||false|false&#8221; custom_padding_phone=&#8221;||50px||false|false&#8221; custom_padding_last_edited=&#8221;on|tablet&#8221; global_colors_info=&#8221;{}&#8221;][et_pb_blurb title=&#8221;Pregled fizioterapeuta&#8221; use_icon=&#8221;on&#8221; font_icon=&#8221;&#xf4fc;||fa||900&#8243; image_icon_background_color=&#8221;#edf3ff&#8221; image_icon_width=&#8221;60px&#8221; _builder_version=&#8221;4.26.0&#8243; _module_preset=&#8221;default&#8221; header_text_align=&#8221;center&#8221; header_font_size=&#8221;20px&#8221; header_line_height=&#8221;1.6em&#8221; body_font=&#8221;|300|||||||&#8221; body_text_align=&#8221;center&#8221; body_font_size=&#8221;16px&#8221; body_line_height=&#8221;1.6em&#8221; image_icon_custom_padding=&#8221;35px|35px|35px|35px|true|true&#8221; animation_style=&#8221;slide&#8221; animation_direction=&#8221;bottom&#8221; animation_duration=&#8221;750ms&#8221; animation_starting_opacity=&#8221;50%&#8221; animation=&#8221;off&#8221; border_radii_image=&#8221;on|12px|12px|12px|12px&#8221; global_colors_info=&#8221;{}&#8221;]<\/p>\n<p><span><strong>2. korak<\/strong> je detaljan pregled fizioterapeuta<\/span><\/p>\n<p>[\/et_pb_blurb][\/et_pb_column][et_pb_column type=&#8221;1_4&#8243; _builder_version=&#8221;4.16&#8243; _module_preset=&#8221;default&#8221; custom_padding_tablet=&#8221;||50px||false|false&#8221; custom_padding_phone=&#8221;||50px||false|false&#8221; custom_padding_last_edited=&#8221;on|tablet&#8221; global_colors_info=&#8221;{}&#8221;][et_pb_blurb title=&#8221;Dijagnosti\u010dki centar&#8221; use_icon=&#8221;on&#8221; font_icon=&#8221;&#xf26c;||fa||900&#8243; image_icon_background_color=&#8221;#edf3ff&#8221; image_icon_width=&#8221;60px&#8221; _builder_version=&#8221;4.26.0&#8243; _module_preset=&#8221;default&#8221; header_text_align=&#8221;center&#8221; header_font_size=&#8221;20px&#8221; header_line_height=&#8221;1.6em&#8221; body_font=&#8221;|300|||||||&#8221; body_text_align=&#8221;center&#8221; body_font_size=&#8221;16px&#8221; body_line_height=&#8221;1.6em&#8221; image_icon_custom_padding=&#8221;35px|35px|35px|35px|true|true&#8221; animation_style=&#8221;slide&#8221; animation_direction=&#8221;bottom&#8221; animation_duration=&#8221;750ms&#8221; animation_starting_opacity=&#8221;50%&#8221; animation=&#8221;off&#8221; border_radii_image=&#8221;on|12px|12px|12px|12px&#8221; global_colors_info=&#8221;{}&#8221;]<\/p>\n<p><span><strong>3. korak<\/strong> je digitalna i 3D analiza Va\u0161ih stopala<\/span><\/p>\n<p>[\/et_pb_blurb][\/et_pb_column][et_pb_column type=&#8221;1_4&#8243; _builder_version=&#8221;4.16&#8243; _module_preset=&#8221;default&#8221; global_colors_info=&#8221;{}&#8221;][et_pb_blurb title=&#8221;Izrada ulo\u017eaka&#8221; use_icon=&#8221;on&#8221; font_icon=&#8221;&#xf54b;||fa||900&#8243; image_icon_background_color=&#8221;#edf3ff&#8221; image_icon_width=&#8221;60px&#8221; _builder_version=&#8221;4.26.0&#8243; _module_preset=&#8221;default&#8221; header_text_align=&#8221;center&#8221; header_font_size=&#8221;20px&#8221; header_line_height=&#8221;1.6em&#8221; body_font=&#8221;|300|||||||&#8221; body_text_align=&#8221;center&#8221; body_font_size=&#8221;16px&#8221; body_line_height=&#8221;1.6em&#8221; image_icon_custom_padding=&#8221;35px|35px|35px|35px|true|true&#8221; animation_style=&#8221;slide&#8221; animation_direction=&#8221;bottom&#8221; animation_duration=&#8221;750ms&#8221; animation_starting_opacity=&#8221;50%&#8221; animation=&#8221;off&#8221; border_radii_image=&#8221;on|12px|12px|12px|12px&#8221; global_colors_info=&#8221;{}&#8221;]<\/p>\n<p><span><strong>4. korak<\/strong> je izrada ulo\u017eaka putem CAD \/ CAM tehnologije<\/span><\/p>\n<p>[\/et_pb_blurb][\/et_pb_column][\/et_pb_row][\/et_pb_section]<\/p>\n","protected":false},"excerpt":{"rendered":"<p>Premium SportIzvrsna apsorpcija sila i visoka izdr\u017eljivost Premium Sport ortopedski ulo\u0161ci dizajnirani su s ciljem pru\u017eanja vrhunske podr\u0161ke i udobnosti sporta\u0161ima koji se suo\u010davaju s intenzivnim fizi\u010dkim naporima. Kori\u0161tenjem najnovijih tehnologija i materijala, ovi ulo\u0161ci osiguravaju izvanrednu apsorpciju sila iz svih smjerova, \u010dime smanjuju rizik od ozljeda i pobolj\u0161avaju ukupnu izvedbu. Vrhunski materijali za vrhunske [&hellip;]<\/p>\n","protected":false},"author":1,"featured_media":0,"parent":99795,"menu_order":1,"comment_status":"closed","ping_status":"closed","template":"","meta":{"_et_pb_use_builder":"on","_et_pb_old_content":"","_et_gb_content_width":"","footnotes":""},"class_list":["post-99802","page","type-page","status-publish","hentry"],"yoast_head":"<!-- This site is optimized with the Yoast SEO plugin v26.8 - https:\/\/yoast.com\/product\/yoast-seo-wordpress\/ -->\n<title>Premium Sport - ORTHO BALANCE<\/title>\n<meta name=\"robots\" content=\"index, follow, max-snippet:-1, max-image-preview:large, max-video-preview:-1\" \/>\n<link rel=\"canonical\" href=\"https:\/\/www.ortopedski-ulosci.hr\/hr\/ortopedski-ulosci\/premium-sport\/\" \/>\n<meta property=\"og:locale\" content=\"hr_HR\" \/>\n<meta property=\"og:type\" content=\"article\" \/>\n<meta property=\"og:title\" content=\"Premium Sport - ORTHO BALANCE\" \/>\n<meta property=\"og:description\" content=\"Premium SportIzvrsna apsorpcija sila i visoka izdr\u017eljivost Premium Sport ortopedski ulo\u0161ci dizajnirani su s ciljem pru\u017eanja vrhunske podr\u0161ke i udobnosti sporta\u0161ima koji se suo\u010davaju s intenzivnim fizi\u010dkim naporima. Kori\u0161tenjem najnovijih tehnologija i materijala, ovi ulo\u0161ci osiguravaju izvanrednu apsorpciju sila iz svih smjerova, \u010dime smanjuju rizik od ozljeda i pobolj\u0161avaju ukupnu izvedbu. Vrhunski materijali za vrhunske [&hellip;]\" \/>\n<meta property=\"og:url\" content=\"https:\/\/www.ortopedski-ulosci.hr\/hr\/ortopedski-ulosci\/premium-sport\/\" \/>\n<meta property=\"og:site_name\" content=\"ORTHO BALANCE\" \/>\n<meta property=\"article:publisher\" content=\"https:\/\/www.facebook.com\/bodybalanceZG\/?locale=hr_HR\" \/>\n<meta property=\"article:modified_time\" content=\"2026-01-02T16:24:34+00:00\" \/>\n<meta property=\"og:image\" content=\"https:\/\/www.ortopedski-ulosci.hr\/wp-content\/uploads\/2024\/07\/Ortopedski-ulosci-OrthoBalance-14.jpg\" \/>\n\t<meta property=\"og:image:width\" content=\"1200\" \/>\n\t<meta property=\"og:image:height\" content=\"600\" \/>\n\t<meta property=\"og:image:type\" content=\"image\/jpeg\" \/>\n<meta name=\"twitter:card\" content=\"summary_large_image\" \/>\n<meta name=\"twitter:label1\" content=\"Procijenjeno vrijeme \u010ditanja\" \/>\n\t<meta name=\"twitter:data1\" content=\"8 minuta\" \/>\n<script type=\"application\/ld+json\" class=\"yoast-schema-graph\">{\"@context\":\"https:\/\/schema.org\",\"@graph\":[{\"@type\":\"WebPage\",\"@id\":\"https:\/\/www.ortopedski-ulosci.hr\/hr\/ortopedski-ulosci\/premium-sport\/\",\"url\":\"https:\/\/www.ortopedski-ulosci.hr\/hr\/ortopedski-ulosci\/premium-sport\/\",\"name\":\"Premium Sport - ORTHO BALANCE\",\"isPartOf\":{\"@id\":\"https:\/\/www.ortopedski-ulosci.hr\/#website\"},\"datePublished\":\"2024-07-19T07:08:11+00:00\",\"dateModified\":\"2026-01-02T16:24:34+00:00\",\"breadcrumb\":{\"@id\":\"https:\/\/www.ortopedski-ulosci.hr\/hr\/ortopedski-ulosci\/premium-sport\/#breadcrumb\"},\"inLanguage\":\"hr\",\"potentialAction\":[{\"@type\":\"ReadAction\",\"target\":[\"https:\/\/www.ortopedski-ulosci.hr\/hr\/ortopedski-ulosci\/premium-sport\/\"]}]},{\"@type\":\"BreadcrumbList\",\"@id\":\"https:\/\/www.ortopedski-ulosci.hr\/hr\/ortopedski-ulosci\/premium-sport\/#breadcrumb\",\"itemListElement\":[{\"@type\":\"ListItem\",\"position\":1,\"name\":\"Po\u010detna stranica\",\"item\":\"https:\/\/www.ortopedski-ulosci.hr\/hr\/\"},{\"@type\":\"ListItem\",\"position\":2,\"name\":\"Ortopedski ulo\u0161ci\",\"item\":\"https:\/\/www.ortopedski-ulosci.hr\/hr\/ortopedski-ulosci\/\"},{\"@type\":\"ListItem\",\"position\":3,\"name\":\"Premium Sport\"}]},{\"@type\":\"WebSite\",\"@id\":\"https:\/\/www.ortopedski-ulosci.hr\/#website\",\"url\":\"https:\/\/www.ortopedski-ulosci.hr\/\",\"name\":\"ORTHO BALANCE\",\"description\":\"Personalizirani ortopedski ulo\u0161ci\",\"publisher\":{\"@id\":\"https:\/\/www.ortopedski-ulosci.hr\/#organization\"},\"alternateName\":\"ortopedski-ulosci.hr\",\"potentialAction\":[{\"@type\":\"SearchAction\",\"target\":{\"@type\":\"EntryPoint\",\"urlTemplate\":\"https:\/\/www.ortopedski-ulosci.hr\/?s={search_term_string}\"},\"query-input\":{\"@type\":\"PropertyValueSpecification\",\"valueRequired\":true,\"valueName\":\"search_term_string\"}}],\"inLanguage\":\"hr\"},{\"@type\":\"Organization\",\"@id\":\"https:\/\/www.ortopedski-ulosci.hr\/#organization\",\"name\":\"ORTHO BALANCE\",\"url\":\"https:\/\/www.ortopedski-ulosci.hr\/\",\"logo\":{\"@type\":\"ImageObject\",\"inLanguage\":\"hr\",\"@id\":\"https:\/\/www.ortopedski-ulosci.hr\/#\/schema\/logo\/image\/\",\"url\":\"https:\/\/www.ortopedski-ulosci.hr\/wp-content\/uploads\/2024\/07\/orthobalance.png\",\"contentUrl\":\"https:\/\/www.ortopedski-ulosci.hr\/wp-content\/uploads\/2024\/07\/orthobalance.png\",\"width\":600,\"height\":200,\"caption\":\"ORTHO BALANCE\"},\"image\":{\"@id\":\"https:\/\/www.ortopedski-ulosci.hr\/#\/schema\/logo\/image\/\"},\"sameAs\":[\"https:\/\/www.facebook.com\/bodybalanceZG\/?locale=hr_HR\",\"https:\/\/www.instagram.com\/poliklinikamedicalbodybalance\/\"]}]}<\/script>\n<!-- \/ Yoast SEO plugin. -->","yoast_head_json":{"title":"Premium Sport - ORTHO BALANCE","robots":{"index":"index","follow":"follow","max-snippet":"max-snippet:-1","max-image-preview":"max-image-preview:large","max-video-preview":"max-video-preview:-1"},"canonical":"https:\/\/www.ortopedski-ulosci.hr\/hr\/ortopedski-ulosci\/premium-sport\/","og_locale":"hr_HR","og_type":"article","og_title":"Premium Sport - ORTHO BALANCE","og_description":"Premium SportIzvrsna apsorpcija sila i visoka izdr\u017eljivost Premium Sport ortopedski ulo\u0161ci dizajnirani su s ciljem pru\u017eanja vrhunske podr\u0161ke i udobnosti sporta\u0161ima koji se suo\u010davaju s intenzivnim fizi\u010dkim naporima. Kori\u0161tenjem najnovijih tehnologija i materijala, ovi ulo\u0161ci osiguravaju izvanrednu apsorpciju sila iz svih smjerova, \u010dime smanjuju rizik od ozljeda i pobolj\u0161avaju ukupnu izvedbu. Vrhunski materijali za vrhunske [&hellip;]","og_url":"https:\/\/www.ortopedski-ulosci.hr\/hr\/ortopedski-ulosci\/premium-sport\/","og_site_name":"ORTHO BALANCE","article_publisher":"https:\/\/www.facebook.com\/bodybalanceZG\/?locale=hr_HR","article_modified_time":"2026-01-02T16:24:34+00:00","og_image":[{"width":1200,"height":600,"url":"https:\/\/www.ortopedski-ulosci.hr\/wp-content\/uploads\/2024\/07\/Ortopedski-ulosci-OrthoBalance-14.jpg","type":"image\/jpeg"}],"twitter_card":"summary_large_image","twitter_misc":{"Procijenjeno vrijeme \u010ditanja":"8 minuta"},"schema":{"@context":"https:\/\/schema.org","@graph":[{"@type":"WebPage","@id":"https:\/\/www.ortopedski-ulosci.hr\/hr\/ortopedski-ulosci\/premium-sport\/","url":"https:\/\/www.ortopedski-ulosci.hr\/hr\/ortopedski-ulosci\/premium-sport\/","name":"Premium Sport - ORTHO BALANCE","isPartOf":{"@id":"https:\/\/www.ortopedski-ulosci.hr\/#website"},"datePublished":"2024-07-19T07:08:11+00:00","dateModified":"2026-01-02T16:24:34+00:00","breadcrumb":{"@id":"https:\/\/www.ortopedski-ulosci.hr\/hr\/ortopedski-ulosci\/premium-sport\/#breadcrumb"},"inLanguage":"hr","potentialAction":[{"@type":"ReadAction","target":["https:\/\/www.ortopedski-ulosci.hr\/hr\/ortopedski-ulosci\/premium-sport\/"]}]},{"@type":"BreadcrumbList","@id":"https:\/\/www.ortopedski-ulosci.hr\/hr\/ortopedski-ulosci\/premium-sport\/#breadcrumb","itemListElement":[{"@type":"ListItem","position":1,"name":"Po\u010detna stranica","item":"https:\/\/www.ortopedski-ulosci.hr\/hr\/"},{"@type":"ListItem","position":2,"name":"Ortopedski ulo\u0161ci","item":"https:\/\/www.ortopedski-ulosci.hr\/hr\/ortopedski-ulosci\/"},{"@type":"ListItem","position":3,"name":"Premium Sport"}]},{"@type":"WebSite","@id":"https:\/\/www.ortopedski-ulosci.hr\/#website","url":"https:\/\/www.ortopedski-ulosci.hr\/","name":"ORTHO BALANCE","description":"Personalizirani ortopedski ulo\u0161ci","publisher":{"@id":"https:\/\/www.ortopedski-ulosci.hr\/#organization"},"alternateName":"ortopedski-ulosci.hr","potentialAction":[{"@type":"SearchAction","target":{"@type":"EntryPoint","urlTemplate":"https:\/\/www.ortopedski-ulosci.hr\/?s={search_term_string}"},"query-input":{"@type":"PropertyValueSpecification","valueRequired":true,"valueName":"search_term_string"}}],"inLanguage":"hr"},{"@type":"Organization","@id":"https:\/\/www.ortopedski-ulosci.hr\/#organization","name":"ORTHO BALANCE","url":"https:\/\/www.ortopedski-ulosci.hr\/","logo":{"@type":"ImageObject","inLanguage":"hr","@id":"https:\/\/www.ortopedski-ulosci.hr\/#\/schema\/logo\/image\/","url":"https:\/\/www.ortopedski-ulosci.hr\/wp-content\/uploads\/2024\/07\/orthobalance.png","contentUrl":"https:\/\/www.ortopedski-ulosci.hr\/wp-content\/uploads\/2024\/07\/orthobalance.png","width":600,"height":200,"caption":"ORTHO BALANCE"},"image":{"@id":"https:\/\/www.ortopedski-ulosci.hr\/#\/schema\/logo\/image\/"},"sameAs":["https:\/\/www.facebook.com\/bodybalanceZG\/?locale=hr_HR","https:\/\/www.instagram.com\/poliklinikamedicalbodybalance\/"]}]}},"_links":{"self":[{"href":"https:\/\/www.ortopedski-ulosci.hr\/hr\/wp-json\/wp\/v2\/pages\/99802","targetHints":{"allow":["GET"]}}],"collection":[{"href":"https:\/\/www.ortopedski-ulosci.hr\/hr\/wp-json\/wp\/v2\/pages"}],"about":[{"href":"https:\/\/www.ortopedski-ulosci.hr\/hr\/wp-json\/wp\/v2\/types\/page"}],"author":[{"embeddable":true,"href":"https:\/\/www.ortopedski-ulosci.hr\/hr\/wp-json\/wp\/v2\/users\/1"}],"replies":[{"embeddable":true,"href":"https:\/\/www.ortopedski-ulosci.hr\/hr\/wp-json\/wp\/v2\/comments?post=99802"}],"version-history":[{"count":7,"href":"https:\/\/www.ortopedski-ulosci.hr\/hr\/wp-json\/wp\/v2\/pages\/99802\/revisions"}],"predecessor-version":[{"id":100169,"href":"https:\/\/www.ortopedski-ulosci.hr\/hr\/wp-json\/wp\/v2\/pages\/99802\/revisions\/100169"}],"up":[{"embeddable":true,"href":"https:\/\/www.ortopedski-ulosci.hr\/hr\/wp-json\/wp\/v2\/pages\/99795"}],"wp:attachment":[{"href":"https:\/\/www.ortopedski-ulosci.hr\/hr\/wp-json\/wp\/v2\/media?parent=99802"}],"curies":[{"name":"wp","href":"https:\/\/api.w.org\/{rel}","templated":true}]}}