{"id":99729,"date":"2024-07-18T07:11:48","date_gmt":"2024-07-18T07:11:48","guid":{"rendered":"https:\/\/www.ortopedski-ulosci.hr\/?page_id=99729"},"modified":"2024-07-18T07:11:48","modified_gmt":"2024-07-18T07:11:48","slug":"upute-za-pacijente","status":"publish","type":"page","link":"https:\/\/www.ortopedski-ulosci.hr\/hr\/upute-za-pacijente\/","title":{"rendered":"Upute za pacijente"},"content":{"rendered":"<p>[et_pb_section fb_built=&#8221;1&#8243; _builder_version=&#8221;4.26.0&#8243; _module_preset=&#8221;default&#8221; background_color=&#8221;#0057ff&#8221; background_image=&#8221;https:\/\/www.ortopedski-ulosci.hr\/wp-content\/uploads\/2024\/07\/Ortho-Balance-Pozadina2.jpg&#8221; top_divider_color=&#8221;#FFFFFF&#8221; top_divider_height=&#8221;50px&#8221; box_shadow_style=&#8221;preset6&#8243; box_shadow_blur=&#8221;25px&#8221; box_shadow_color=&#8221;rgba(0,0,0,0.2)&#8221; global_colors_info=&#8221;{}&#8221; theme_builder_area=&#8221;post_content&#8221;][et_pb_row _builder_version=&#8221;4.16&#8243; _module_preset=&#8221;default&#8221; global_colors_info=&#8221;{}&#8221; theme_builder_area=&#8221;post_content&#8221;][et_pb_column type=&#8221;4_4&#8243; _builder_version=&#8221;4.16&#8243; _module_preset=&#8221;default&#8221; global_colors_info=&#8221;{}&#8221; theme_builder_area=&#8221;post_content&#8221;][et_pb_text _builder_version=&#8221;4.26.0&#8243; _module_preset=&#8221;default&#8221; header_text_align=&#8221;center&#8221; header_text_color=&#8221;#FFFFFF&#8221; header_font_size=&#8221;62px&#8221; header_2_text_align=&#8221;center&#8221; header_2_text_color=&#8221;#FFFFFF&#8221; header_2_font_size=&#8221;40px&#8221; global_colors_info=&#8221;{}&#8221; theme_builder_area=&#8221;post_content&#8221;]<\/p>\n<h1>Upute za pacijente<\/h1>\n<p>[\/et_pb_text][\/et_pb_column][\/et_pb_row][\/et_pb_section][et_pb_section fb_built=&#8221;1&#8243; _builder_version=&#8221;4.16&#8243; _module_preset=&#8221;default&#8221; global_colors_info=&#8221;{}&#8221; theme_builder_area=&#8221;post_content&#8221;][et_pb_row column_structure=&#8221;3_5,2_5&#8243; _builder_version=&#8221;4.16&#8243; _module_preset=&#8221;default&#8221; global_colors_info=&#8221;{}&#8221; theme_builder_area=&#8221;post_content&#8221;][et_pb_column type=&#8221;3_5&#8243; _builder_version=&#8221;4.16&#8243; _module_preset=&#8221;default&#8221; global_colors_info=&#8221;{}&#8221; theme_builder_area=&#8221;post_content&#8221;][et_pb_text _builder_version=&#8221;4.26.0&#8243; _module_preset=&#8221;default&#8221; text_font=&#8221;|800||on|||||&#8221; text_text_color=&#8221;#57c2b0&#8243; text_font_size=&#8221;16px&#8221; custom_margin=&#8221;||5px||false|false&#8221; global_colors_info=&#8221;{}&#8221; theme_builder_area=&#8221;post_content&#8221;]<\/p>\n<p>UPUTE<\/p>\n<p>[\/et_pb_text][et_pb_text _builder_version=&#8221;4.26.0&#8243; _module_preset=&#8221;default&#8221; header_2_font_size=&#8221;40px&#8221; global_colors_info=&#8221;{}&#8221; theme_builder_area=&#8221;post_content&#8221;]<\/p>\n<h2><strong>Za kori\u0161tenje i o<\/strong><strong>dr\u017eavanje ortopedskih ulo\u017eaka<\/strong><\/h2>\n<p>[\/et_pb_text][\/et_pb_column][et_pb_column type=&#8221;2_5&#8243; _builder_version=&#8221;4.16&#8243; _module_preset=&#8221;default&#8221; global_colors_info=&#8221;{}&#8221; theme_builder_area=&#8221;post_content&#8221;][\/et_pb_column][\/et_pb_row][et_pb_row column_structure=&#8221;3_5,2_5&#8243; _builder_version=&#8221;4.16&#8243; _module_preset=&#8221;default&#8221; global_colors_info=&#8221;{}&#8221; theme_builder_area=&#8221;post_content&#8221;][et_pb_column type=&#8221;3_5&#8243; _builder_version=&#8221;4.16&#8243; _module_preset=&#8221;default&#8221; global_colors_info=&#8221;{}&#8221; theme_builder_area=&#8221;post_content&#8221;][et_pb_text _builder_version=&#8221;4.26.0&#8243; _module_preset=&#8221;default&#8221; text_font_size=&#8221;16px&#8221; global_colors_info=&#8221;{}&#8221; theme_builder_area=&#8221;post_content&#8221;]<\/p>\n<p>Hvala Vam \u0161to ste odabrali ortopedske ulo\u0161ke <strong>ORTHO BALANCE.<\/strong><\/p>\n<p>Ovi ulo\u0161ci napravljeni su s visokom precizno\u0161\u0107u prema Va\u0161em stopalu. Prije prvog kori\u0161tenja potrebno je napraviti nekoliko koraka kako bi ulo\u017eak popunio Va\u0161u obu\u0107u i kako ne bi do\u0161lo do proklizavanja ulo\u0161ka ili njegove deformacije. Ulo\u017eak se radi ne\u0161to malo ve\u0107i, kako bi se prije prve upotrebe mogao najbolje prilagoditi obu\u0107i.<\/p>\n<p>Ve\u0107ina dana\u0161nje obu\u0107e izra\u0111uje se s \u201etvorni\u010dkim\u201c ulo\u0161kom kojeg je najprije potrebno izvaditi van. Neki ulo\u0161ci su lijepnjeni na cipelu\/tenisicu pa ih probajte laganim pokretnima odlijepiti\/po\u010dupati paze\u0107i da ne o\u0161tetite Va\u0161u obu\u0107u.<\/p>\n<p><strong>KAKO ISPRAVNO UMETNUTI ULO\u017dAK I OBREZATI GA (UKOLIKO JE TO POTREBNO)<\/strong><\/p>\n<p>Kada ste iz obje cipele \/ tenisice izvadili original \u201etvorni\u010dki\u201c ulo\u017eak mo\u017eete prije\u0107i na umetanje ORTHO BALANCE ulo\u0161ka i eventualno obrezivanje.<\/p>\n<p>Prije nego pristupite naknadnom obrezivanju \/ bru\u0161enju ulo\u0161ka potrebno je prvo u\u010diniti korake kako bi se postoje\u0107a forma ORTHO BALANCE ulo\u0161ka umetnula u Va\u0161u obu\u0107u. To \u010dinimo na na\u010din da lagano savinemo ulo\u017eak po \u0161irini te prvo umetnemo prednji dio ulo\u0161ka prema vrhu obu\u0107e. Potom pa\u017eljivo savinemo ulo\u017eak po sredini tako da mo\u017eemo petni dio ulo\u0161ka uglaviti u donji dio obu\u0107e (petni) i polako ispravljamo svinuti ulo\u017eak potiskuju\u0107i srednji dio ulo\u0161ka unutar obu\u0107e prema naprijed.<\/p>\n<p><strong>OBREZIVANJE<\/strong><\/p>\n<ol>\n<li>Ulo\u017eak obrezujemo o\u0161trim \u0161karama<\/li>\n<li>Obrezivanje se vr\u0161i na na\u010din da se originalni ulo\u017eak iz Va\u0161e obu\u0107e prvo izvadi van.<\/li>\n<li><strong>DESNI <\/strong>ORTHO BALANCE ulo\u017eak naslonite na originalni tvorni\u010dki <strong>LIJEVI<\/strong> ulo\u017eak iz Va\u0161e obu\u0107e (i obrnuto) tako da se donji\u0161te (potplat) oba ulo\u0161ka \u0161to bolje poravna.<\/li>\n<li>Na ORTHO BALANCE ulo\u0161ku iscrtajte obris originalnog tvorni\u010dkog ulo\u0161ka iz cipele te pa\u017eljivo pristupite njegovom obrezivanju.<\/li>\n<li><strong>OBAVEZNO OSTAVITE KOJI MILIMETAR VI\u0160KA U ODNOSU NA ORIGINALNI ULO\u017dAK<\/strong> jer se originalni tvorni\u010dki ulo\u0161ci koji se isporu\u010duju s obu\u0107om ne izra\u0111uju s tolikom precizno\u0161\u0107u kao Va\u0161 ORTHO BALANCE ulo\u017eak.<\/li>\n<\/ol>\n<p>&nbsp;<\/p>\n<p><strong>PRILAGODBA NA NO\u0160ENJE ULO\u017dAKA<\/strong><\/p>\n<p>Period prilagodbe na ortopedske ulo\u0161ke traje 15-30 dana. Prvih nekoliko dana nosite ulo\u0161ke <strong>2-3h dnevno<\/strong>, a <strong>zatim postepeno pove\u0107avajte razdoblje no\u0161enja<\/strong> tako da <strong>svaki dan pove\u0107ate period no\u0161enja za 1h<\/strong> dok ne do\u0111ete do faze da ih konstantno nosite.<\/p>\n<p>Normalna je pojava da osjetite laganu nelagodu prvih mjesec dana no\u0161enja po\u0161to je funkcija ulo\u0161ka korektivna, a ukoliko i nakon mjesec dana no\u0161enja osjetite da ne\u0161to nije kako treba \u2013 javite nam se na <a href=\"mailto:info@bodybalance.hr\"><strong>info@ortopedski-ulosci.hr<\/strong><\/a><\/p>\n<p><strong>REKLAMACIJE i VIJEK TRAJANJA<\/strong><\/p>\n<p>Reklamacije prihva\u0107amo za vrijeme trajanja prilagodbe, dakle do maksimalno 30 dana od preuzimanja ulo\u017eaka, a reklamacija se odnosi na nemogu\u0107nost prilagodbe na ortopedske ulo\u0161ke.<\/p>\n<p>Vijek trajanja ORTHO BALANCE ulo\u017eaka je 6-12 mjeseci normalnog kori\u0161tenja u preporu\u010denim uvjetima no\u0161enja i odr\u017eavanja, vrhunski sport te iznimni napori mogu zna\u010dajno smanjiti vijek trajanja ulo\u0161ka<\/p>\n<p><strong>ODR\u017dAVANJE<\/strong><\/p>\n<ul>\n<li>Izbjegavajte pranje ulo\u017eaka u perilicama rublja!<\/li>\n<li>Ulo\u017eak je najbolje oprati ru\u010dno u kombinacijI mlake vode i sapuna te laganim trljanjem spu\u017evicom.<\/li>\n<li>Ulo\u017eak nemojte su\u0161iti u su\u0161ilici rublja ve\u0107 ga ostavite da se osu\u0161i na sobnoj temperaturi.<\/li>\n<li>Izbjegavajte stavljanje ulo\u017eaka na radijator \/ direktno sunce jer prevelika toplina mo\u017ee u nekim slu\u010dajevima stvoriti odre\u0111ene deformacije.<\/li>\n<li>Ulo\u017eak mo\u017eete slobodno osvje\u017eiti dezodoransom za stopala ili po potrebi dezinfekcijim sredstvom.<\/li>\n<\/ul>\n<p>[\/et_pb_text][\/et_pb_column][et_pb_column type=&#8221;2_5&#8243; _builder_version=&#8221;4.16&#8243; _module_preset=&#8221;default&#8221; global_colors_info=&#8221;{}&#8221; theme_builder_area=&#8221;post_content&#8221;][et_pb_image src=&#8221;https:\/\/www.ortopedski-ulosci.hr\/wp-content\/uploads\/2024\/07\/Ortho-Balance-ortopedski-ulosci.jpg&#8221; title_text=&#8221;Ortho-Balance-ortopedski-ulosci&#8221; _builder_version=&#8221;4.26.0&#8243; _module_preset=&#8221;default&#8221; border_radii=&#8221;on|15px|15px|15px|15px&#8221; global_colors_info=&#8221;{}&#8221; theme_builder_area=&#8221;post_content&#8221;][\/et_pb_image][\/et_pb_column][\/et_pb_row][\/et_pb_section]<\/p>\n","protected":false},"excerpt":{"rendered":"<p>Upute za pacijenteUPUTEZa kori\u0161tenje i odr\u017eavanje ortopedskih ulo\u017eakaHvala Vam \u0161to ste odabrali ortopedske ulo\u0161ke ORTHO BALANCE. Ovi ulo\u0161ci napravljeni su s visokom precizno\u0161\u0107u prema Va\u0161em stopalu. Prije prvog kori\u0161tenja potrebno je napraviti nekoliko koraka kako bi ulo\u017eak popunio Va\u0161u obu\u0107u i kako ne bi do\u0161lo do proklizavanja ulo\u0161ka ili njegove deformacije. Ulo\u017eak se radi ne\u0161to [&hellip;]<\/p>\n","protected":false},"author":1,"featured_media":0,"parent":0,"menu_order":0,"comment_status":"closed","ping_status":"closed","template":"","meta":{"_et_pb_use_builder":"on","_et_pb_old_content":"","_et_gb_content_width":"","footnotes":""},"class_list":["post-99729","page","type-page","status-publish","hentry"],"yoast_head":"<!-- This site is optimized with the Yoast SEO plugin v26.8 - https:\/\/yoast.com\/product\/yoast-seo-wordpress\/ -->\n<title>Upute za pacijente - ORTHO BALANCE<\/title>\n<meta name=\"robots\" content=\"index, follow, max-snippet:-1, max-image-preview:large, max-video-preview:-1\" \/>\n<link rel=\"canonical\" href=\"https:\/\/www.ortopedski-ulosci.hr\/hr\/upute-za-pacijente\/\" \/>\n<meta property=\"og:locale\" content=\"hr_HR\" \/>\n<meta property=\"og:type\" content=\"article\" \/>\n<meta property=\"og:title\" content=\"Upute za pacijente - ORTHO BALANCE\" \/>\n<meta property=\"og:description\" content=\"Upute za pacijenteUPUTEZa kori\u0161tenje i odr\u017eavanje ortopedskih ulo\u017eakaHvala Vam \u0161to ste odabrali ortopedske ulo\u0161ke ORTHO BALANCE. Ovi ulo\u0161ci napravljeni su s visokom precizno\u0161\u0107u prema Va\u0161em stopalu. Prije prvog kori\u0161tenja potrebno je napraviti nekoliko koraka kako bi ulo\u017eak popunio Va\u0161u obu\u0107u i kako ne bi do\u0161lo do proklizavanja ulo\u0161ka ili njegove deformacije. Ulo\u017eak se radi ne\u0161to [&hellip;]\" \/>\n<meta property=\"og:url\" content=\"https:\/\/www.ortopedski-ulosci.hr\/hr\/upute-za-pacijente\/\" \/>\n<meta property=\"og:site_name\" content=\"ORTHO BALANCE\" \/>\n<meta property=\"article:publisher\" content=\"https:\/\/www.facebook.com\/bodybalanceZG\/?locale=hr_HR\" \/>\n<meta property=\"og:image\" content=\"https:\/\/www.ortopedski-ulosci.hr\/wp-content\/uploads\/2024\/07\/Ortopedski-ulosci-OrthoBalance-14.jpg\" \/>\n\t<meta property=\"og:image:width\" content=\"1200\" \/>\n\t<meta property=\"og:image:height\" content=\"600\" \/>\n\t<meta property=\"og:image:type\" content=\"image\/jpeg\" \/>\n<meta name=\"twitter:card\" content=\"summary_large_image\" \/>\n<meta name=\"twitter:label1\" content=\"Procijenjeno vrijeme \u010ditanja\" \/>\n\t<meta name=\"twitter:data1\" content=\"5 minuta\" \/>\n<script type=\"application\/ld+json\" class=\"yoast-schema-graph\">{\"@context\":\"https:\/\/schema.org\",\"@graph\":[{\"@type\":\"WebPage\",\"@id\":\"https:\/\/www.ortopedski-ulosci.hr\/upute-za-pacijente\/\",\"url\":\"https:\/\/www.ortopedski-ulosci.hr\/upute-za-pacijente\/\",\"name\":\"Upute za pacijente - ORTHO BALANCE\",\"isPartOf\":{\"@id\":\"https:\/\/www.ortopedski-ulosci.hr\/#website\"},\"datePublished\":\"2024-07-18T07:11:48+00:00\",\"breadcrumb\":{\"@id\":\"https:\/\/www.ortopedski-ulosci.hr\/upute-za-pacijente\/#breadcrumb\"},\"inLanguage\":\"hr\",\"potentialAction\":[{\"@type\":\"ReadAction\",\"target\":[\"https:\/\/www.ortopedski-ulosci.hr\/upute-za-pacijente\/\"]}]},{\"@type\":\"BreadcrumbList\",\"@id\":\"https:\/\/www.ortopedski-ulosci.hr\/upute-za-pacijente\/#breadcrumb\",\"itemListElement\":[{\"@type\":\"ListItem\",\"position\":1,\"name\":\"Po\u010detna stranica\",\"item\":\"https:\/\/www.ortopedski-ulosci.hr\/hr\/\"},{\"@type\":\"ListItem\",\"position\":2,\"name\":\"Upute za pacijente\"}]},{\"@type\":\"WebSite\",\"@id\":\"https:\/\/www.ortopedski-ulosci.hr\/#website\",\"url\":\"https:\/\/www.ortopedski-ulosci.hr\/\",\"name\":\"ORTHO BALANCE\",\"description\":\"Personalizirani ortopedski ulo\u0161ci\",\"publisher\":{\"@id\":\"https:\/\/www.ortopedski-ulosci.hr\/#organization\"},\"alternateName\":\"ortopedski-ulosci.hr\",\"potentialAction\":[{\"@type\":\"SearchAction\",\"target\":{\"@type\":\"EntryPoint\",\"urlTemplate\":\"https:\/\/www.ortopedski-ulosci.hr\/?s={search_term_string}\"},\"query-input\":{\"@type\":\"PropertyValueSpecification\",\"valueRequired\":true,\"valueName\":\"search_term_string\"}}],\"inLanguage\":\"hr\"},{\"@type\":\"Organization\",\"@id\":\"https:\/\/www.ortopedski-ulosci.hr\/#organization\",\"name\":\"ORTHO BALANCE\",\"url\":\"https:\/\/www.ortopedski-ulosci.hr\/\",\"logo\":{\"@type\":\"ImageObject\",\"inLanguage\":\"hr\",\"@id\":\"https:\/\/www.ortopedski-ulosci.hr\/#\/schema\/logo\/image\/\",\"url\":\"https:\/\/www.ortopedski-ulosci.hr\/wp-content\/uploads\/2024\/07\/orthobalance.png\",\"contentUrl\":\"https:\/\/www.ortopedski-ulosci.hr\/wp-content\/uploads\/2024\/07\/orthobalance.png\",\"width\":600,\"height\":200,\"caption\":\"ORTHO BALANCE\"},\"image\":{\"@id\":\"https:\/\/www.ortopedski-ulosci.hr\/#\/schema\/logo\/image\/\"},\"sameAs\":[\"https:\/\/www.facebook.com\/bodybalanceZG\/?locale=hr_HR\",\"https:\/\/www.instagram.com\/poliklinikamedicalbodybalance\/\"]}]}<\/script>\n<!-- \/ Yoast SEO plugin. -->","yoast_head_json":{"title":"Upute za pacijente - ORTHO BALANCE","robots":{"index":"index","follow":"follow","max-snippet":"max-snippet:-1","max-image-preview":"max-image-preview:large","max-video-preview":"max-video-preview:-1"},"canonical":"https:\/\/www.ortopedski-ulosci.hr\/hr\/upute-za-pacijente\/","og_locale":"hr_HR","og_type":"article","og_title":"Upute za pacijente - ORTHO BALANCE","og_description":"Upute za pacijenteUPUTEZa kori\u0161tenje i odr\u017eavanje ortopedskih ulo\u017eakaHvala Vam \u0161to ste odabrali ortopedske ulo\u0161ke ORTHO BALANCE. Ovi ulo\u0161ci napravljeni su s visokom precizno\u0161\u0107u prema Va\u0161em stopalu. Prije prvog kori\u0161tenja potrebno je napraviti nekoliko koraka kako bi ulo\u017eak popunio Va\u0161u obu\u0107u i kako ne bi do\u0161lo do proklizavanja ulo\u0161ka ili njegove deformacije. Ulo\u017eak se radi ne\u0161to [&hellip;]","og_url":"https:\/\/www.ortopedski-ulosci.hr\/hr\/upute-za-pacijente\/","og_site_name":"ORTHO BALANCE","article_publisher":"https:\/\/www.facebook.com\/bodybalanceZG\/?locale=hr_HR","og_image":[{"width":1200,"height":600,"url":"https:\/\/www.ortopedski-ulosci.hr\/wp-content\/uploads\/2024\/07\/Ortopedski-ulosci-OrthoBalance-14.jpg","type":"image\/jpeg"}],"twitter_card":"summary_large_image","twitter_misc":{"Procijenjeno vrijeme \u010ditanja":"5 minuta"},"schema":{"@context":"https:\/\/schema.org","@graph":[{"@type":"WebPage","@id":"https:\/\/www.ortopedski-ulosci.hr\/upute-za-pacijente\/","url":"https:\/\/www.ortopedski-ulosci.hr\/upute-za-pacijente\/","name":"Upute za pacijente - ORTHO BALANCE","isPartOf":{"@id":"https:\/\/www.ortopedski-ulosci.hr\/#website"},"datePublished":"2024-07-18T07:11:48+00:00","breadcrumb":{"@id":"https:\/\/www.ortopedski-ulosci.hr\/upute-za-pacijente\/#breadcrumb"},"inLanguage":"hr","potentialAction":[{"@type":"ReadAction","target":["https:\/\/www.ortopedski-ulosci.hr\/upute-za-pacijente\/"]}]},{"@type":"BreadcrumbList","@id":"https:\/\/www.ortopedski-ulosci.hr\/upute-za-pacijente\/#breadcrumb","itemListElement":[{"@type":"ListItem","position":1,"name":"Po\u010detna stranica","item":"https:\/\/www.ortopedski-ulosci.hr\/hr\/"},{"@type":"ListItem","position":2,"name":"Upute za pacijente"}]},{"@type":"WebSite","@id":"https:\/\/www.ortopedski-ulosci.hr\/#website","url":"https:\/\/www.ortopedski-ulosci.hr\/","name":"ORTHO BALANCE","description":"Personalizirani ortopedski ulo\u0161ci","publisher":{"@id":"https:\/\/www.ortopedski-ulosci.hr\/#organization"},"alternateName":"ortopedski-ulosci.hr","potentialAction":[{"@type":"SearchAction","target":{"@type":"EntryPoint","urlTemplate":"https:\/\/www.ortopedski-ulosci.hr\/?s={search_term_string}"},"query-input":{"@type":"PropertyValueSpecification","valueRequired":true,"valueName":"search_term_string"}}],"inLanguage":"hr"},{"@type":"Organization","@id":"https:\/\/www.ortopedski-ulosci.hr\/#organization","name":"ORTHO BALANCE","url":"https:\/\/www.ortopedski-ulosci.hr\/","logo":{"@type":"ImageObject","inLanguage":"hr","@id":"https:\/\/www.ortopedski-ulosci.hr\/#\/schema\/logo\/image\/","url":"https:\/\/www.ortopedski-ulosci.hr\/wp-content\/uploads\/2024\/07\/orthobalance.png","contentUrl":"https:\/\/www.ortopedski-ulosci.hr\/wp-content\/uploads\/2024\/07\/orthobalance.png","width":600,"height":200,"caption":"ORTHO BALANCE"},"image":{"@id":"https:\/\/www.ortopedski-ulosci.hr\/#\/schema\/logo\/image\/"},"sameAs":["https:\/\/www.facebook.com\/bodybalanceZG\/?locale=hr_HR","https:\/\/www.instagram.com\/poliklinikamedicalbodybalance\/"]}]}},"_links":{"self":[{"href":"https:\/\/www.ortopedski-ulosci.hr\/hr\/wp-json\/wp\/v2\/pages\/99729","targetHints":{"allow":["GET"]}}],"collection":[{"href":"https:\/\/www.ortopedski-ulosci.hr\/hr\/wp-json\/wp\/v2\/pages"}],"about":[{"href":"https:\/\/www.ortopedski-ulosci.hr\/hr\/wp-json\/wp\/v2\/types\/page"}],"author":[{"embeddable":true,"href":"https:\/\/www.ortopedski-ulosci.hr\/hr\/wp-json\/wp\/v2\/users\/1"}],"replies":[{"embeddable":true,"href":"https:\/\/www.ortopedski-ulosci.hr\/hr\/wp-json\/wp\/v2\/comments?post=99729"}],"version-history":[{"count":2,"href":"https:\/\/www.ortopedski-ulosci.hr\/hr\/wp-json\/wp\/v2\/pages\/99729\/revisions"}],"predecessor-version":[{"id":99731,"href":"https:\/\/www.ortopedski-ulosci.hr\/hr\/wp-json\/wp\/v2\/pages\/99729\/revisions\/99731"}],"wp:attachment":[{"href":"https:\/\/www.ortopedski-ulosci.hr\/hr\/wp-json\/wp\/v2\/media?parent=99729"}],"curies":[{"name":"wp","href":"https:\/\/api.w.org\/{rel}","templated":true}]}}