{"id":99959,"date":"2024-07-20T05:52:58","date_gmt":"2024-07-20T05:52:58","guid":{"rendered":"https:\/\/www.ortopedski-ulosci.hr\/?page_id=99959"},"modified":"2024-07-23T11:35:43","modified_gmt":"2024-07-23T11:35:43","slug":"o-nama","status":"publish","type":"page","link":"https:\/\/www.ortopedski-ulosci.hr\/en\/o-nama\/","title":{"rendered":"About us"},"content":{"rendered":"<p>[et_pb_section fb_built=\"1\u2032\u2032 _builder_version=\"4.26.0\u2032\u2032\u2032 _module_preset=\"default\" background_color=\"#0057ff\u2019 background_image=\u2019https:\/\/www.ortopedski-ulosci.hr\/wp-content\/uploads\/2024\/07\/Ortho-Balance-Pozadina2.jpg\u2019 top_divider_color=\u2019#FFFFFF\" top_divider_height=\"50px\" box_shadow_style=\"preset6\u2032\u2032 box_shadow_blur=\"25px\" box_shadow_color=\"rgba(0,0,0,0.2)\" global_colors_info=\"{}\"][et_pb_row _builder_version=\"4.16\u2032\u2032 _module_preset=\"default\" global_colors_info=\"{}\"][et_pb_column type=\"4_4\u2032\u2032\u2032 _builder_version=\"4.16\u2032\u2032\u2032 _module_preset=\"default\" global_colors_info=\"{}\"][et_pb_text _builder_version=\"4.26.0\u2032\u2032 _module_preset=\"default\" header_text_align=\"center header_text_color=\"#FFFFFF\u2019 header_font_size=\u201962px\u2019 header_2_text_align=\u2019center\u2019 header_2_text_color=\u2019#FFFFFF\u2019 header_2_font_size=\u201d40px\u201d global_colors_info=\u201d{}\u201d]<\/p>\n<h1>About us<\/h1>\n<p>[\/et_pb_text][\/et_pb_column][\/et_pb_row][\/et_pb_section][et_pb_section fb_built=\"1\u2032\u2032 _builder_version=\"4.16\u2032 _module_preset=\"default\" global_colors_info=\"{}\"][et_pb_row column_structure=\"1_2,1_2\u2032\u2032 _builder_version=\"4.26.0\u2032 _module_preset=\"default\" global_colors_info=\"{}\"][et_pb_column type=\"1_2\u2032 _builder_version=\"4.16\u2032\u2032 _module_preset=\"default\" global_colors_info=\"{}\"][et_pb_text _builder_version=\"4.26.0\u2032 _module_preset=default text_font_s_ize=\"\"<\/p>\n<h2>Our story<\/h2>\n<p>Ortho Balance orthopedic insoles arose from the need to offer our patients and athletes something more than a standard solution. Instead of serially manufactured insoles, our <strong>The aim is to provide personalized insoles made according to the specifics of your foot, the shoes you wear and the activities you do.<\/strong> Digital foot analysis, carried out in our <a href=\"https:\/\/www.ortopedski-ulosci.hr\/en\/dijagnostika-stopala\/\">the State-of-the-art Diagnostic Center<\/a>, allows us to create a insole that perfectly suits your unique needs.<\/p>\n<h2>Our vision: A combination of passion and technology<\/h2>\n<p>Ortho Balance was founded by an experienced physiotherapist <strong>Velibor Viboh, mag.physioth.<\/strong>, and <strong>Mario Golubi\u0107<\/strong>, CAD\/CAM technician. Their passion for anatomy and biomechanics combined with advanced CNC technology resulted in the creation of orthopedic insoles that meet all the needs of today. Our team has many years of experience in physiotherapy, working with various diagnoses and pathologies and providing solutions for all types of patients, from the general population to top athletes.<\/p>\n<p>[\/et_pb_text][\/et_pb_column][et_pb_column type=\"1_2\u2032\u2032 _builder_version=\"4.16\u2032\u2032 _module_preset=\"default\" global_colors_info=\"{}\"][et_pb_image src=\"https:\/\/www.ortopedski-ulo\u0161ci.hr\/wp-content\/uploads\/2024\/07\/Velibor-Viboh-Ortho-Balance-4.jpg\" title_text=\"Velibor-Viboh-Ortho-Balance-4\u2032 _builder_version=\"4.26.0\u2032' _module_preset=\"default\" custom_padding=\"25p|x25px|25px|25px|true|true\" animation_style=\"slide\" animation_direction=\"right\" animation_duration=\"750ms\" animation_delay=\"300ms\" animation_starting_opacity=\"50%\"hover_enabled=\"0\u2032\u2032 border_radii=\"on|20px|20px|20px|20px\" box_shadow_style=\"preset4\u2032\u2032 box_shadow_horizontal=\"25px\" box_shadow_vertical=\"25px\" box_shadow_color=\"#e0ecf0\u2032\u2032\u2032 global_colors_info=\"{}\" sticky_enabled=\"0\u2032\u2032][\/et_pb_image][\/et_pb_column][\/et_pb_row][et_pb_row column_structure=\"1_2,1_2\u2032\u2032 _builder_version=\"4.26.0\u2032\u2032 _module_preset=\"default\" global_colors_info=\"{}\"][et_pb_image src=\"https:\/\/www.ortopedski-ulo\u0161ci.hr\/wp-content\/uploads\/2024\/07\/Velibor-VibohOrtho-Balance-2.jpg title_25_Vetborance=\"%\"hover_enabled=\"0\u2032\u2032 border_radii=\"on|20px|20px|20px|20px\" box_shadow_style=\"preset4\u2032\u2032 box_shadow_horizontal=\"25px\" box_shadow_vertical=\"25px\" box_shadow_color=\"#e0ecf0\u2032\u2032\u2032 global_colors_info=\"{}\" sticky_enabled=\"0\u2032\u2032][\/et_pb_image][\/et_pb_column][et_pb_column type=\"1_2\u2032\u2032 _builder_version=\"4.16\u2032\u2032 _module_preset=\"default\" global_colors_info=\"{}\"][et_pb_text _builder_version=\"4.26.0\u2032\u2032 _module_preset=\"default\" text_font_size=\"16px\" global_colors_info=\"{}\"]<\/p>\n<h2>Trust of top athletes<\/h2>\n<p>Expertise and quality work have been recognized by many top athletes who regularly use Ortho Balance orthopedic insoles. For the first eight years of his professional career, Velibor Viboh was the official physiotherapist of Borna \u0106ori\u0107. Today he holds the same position for Donna Veki\u0107, senior tennis player, as well as senior male DAVIS CUP team and senior female FED CUP team. In addition to tennis players, he collaborates with athletes from various disciplines such as gymnastics, MMA, boxing, taekwondo, archery, athletics and many others.<\/p>\n<h2>Science and research<\/h2>\n<p>Velibor's graduate, master's and current doctoral thesis are focused on <strong>specific methods of recovery in tennis<\/strong>. As part of <a href=\"https:\/\/bodybalance.hr\/\" target=\"_blank\" rel=\"noopener\">Polyclinic Medical Body Balance<\/a>, regularly conducts tests and researches and writes professional and scientific papers in the field of physiotherapy. Its commitment to professional development and research ensures that our approach and product are always in line with the latest scientific knowledge and best practices.<\/p>\n<p>[\/et_pb_text][\/et_pb_column][\/et_pb_row][et_pb_row column_structure=\u201d1_2,1_2\u2033 _builder_version=\u201d4.26.0\u2033 _module_preset=\u201ddefault\u201d global_colors_info=\u201d{}\u201d][et_pb_column type=\u201d1_2\u2033 _builder_version=\u201d4.16\u2033 _module_preset=\u201ddefault\u201d global_colors_info=\u201d{}\u201d][et_pb_image src=\u201dhttps:\/\/www.ortopedski-ulosci.hr\/wp-content\/uploads\/2024\/07\/Velibor-Viboh-Ortho-Balance.jpg\u201d title_text=\u201dVelibor-Viboh-Ortho-Balance\u201d _builder_version=\u201d4.26.0\u2033 _module_preset=\u201ddefault\u201d custom_padding=\u201d25px|25px|25px|25px|true|true\u201d animation_style=\u201dslide\u201d animation_direction=\u201dleft\u201d animation_duration=\u201d750ms\u201d animation_delay=\u201d300ms\u201d animation_starting_opacity=\u201d50%\"border_radii=\"on|20px|20px|20px|20px\" box_shadow_style=\"preset4\u2032\u2032 box_shadow_horizontal=\"25px\" box_shadow_vertical=\"25px\" box_shadow_color=\"#e0ecf0\u2032\u2032 global_colors_info=\"{}\"][\/et_pb_image][\/et_pb_column][et_pb_column type=\"1_2\u2032\u2032 _builder_version=\"4.16\u2032\u2032 _module_preset=\"default\" global_colors_info=\"{}\"][et_pb_image src=\"https:\/\/www.ortopedski-ulo\u0161ci.hr\/wp-content\/uploads\/2024\/07\/Velibor-Viboh-Ortho-Balance6.jpg\" title_text=\"Velibor-Viboh-Ortho-Balance6\u2032\u2032 _builder_version=\"4.26.0\u2032_module_preset=\"default\" custom_padding=\"25px|25px|25px|25px|truetrue\" animation_style=\u2019slide\u2019 animation_direction=\u2019right\u2019 animation_duration=\u2019750ms\u2019 animation_delay=\u2019300ms\u2019 animation_starting_opacity=\u201950%\"hover_enabled=\"0\u2032\u2032 border_radii=\"on|20px|20px|20px|20px\" box_shadow_style=\"preset4\u2032\u2032 box_shadow_horizontal=\"25px\" box_shadow_vertical=\"25px\" box_shadow_color=\"#e0ecf0\u2032\u2032 global_colors_info=\"{}\" sticky_enabled=\"0\u2032\u2032][\/et_pb_image][\/et_pb_column][\/et_pb_row][\/et_pb_section][et_pb_section fb_built=\"1\u2032\u2032 _builder_version=\"4.26.0\u2032\u2032 _module_preset=\"default\" background_image=\"https:\/\/www.ortopedski-ulo\u0161ci.hr\/wp-content\/uploads\/2024\/07\/DiagnostikaStopala-OrthoBalance-1.jpg\" parallax=\"on\" parallax_method=\"off\" global_colors_info=\"{}\"][et_pb_row column_structure=\"1_2,1_2\u2032 _builder_version=\"4.16\u2032 _module_preset=\"%\"wide_last_edited=\"on|phone\" custom_margin=\"|-150px||false|false\" custom_margin_tablet=\"|0px|false|false\" custom_margin_phone=\"|0px|false|false\" custom_margin_last_edited=\"on|tablet\" global_colors_info=\"{}\"][et_pb_column type=\"1_2\u2032\u2032 _builder_version=\"4.16\u2032\u2032 _module_preset=\"default\" background_color=\"#FFFFFF\" custom_padding=\"75px|75px|75px|75px|75px|true|true\" custom_padding_tablet=\"75px|75px|75px|75px|true|true\" custom_padding_phone=\"35px|35px|35px|35px|true|true\" custom_padding_last_edited=\"on|phone\" animation_style=\"slide\" animation_direction=\"bottom\" animation_duration=\"750ms\" animation_starting_opacity=\"100%\u201cborder_radii=\u201don|15px|15px|15px|15px\u201d box_shadow_style=\u201dpreset1\u2032\u2032 box_shadow_blur=\u201d50px\u201d box_shadow_color=\u201drgba(0,0,0.0.25)\u201d global_colors_info=\u201d{}\u201d][et_pb_text _builder_version=\u201d4.26.0\u2032\u2032 _module_preset=\u201ddefault\u201d text_font=\u201d|800|on|||||\u201d text_text_color=\u201d#57c2b0\u2032\u2032 text_font_size=\"16px\" text_orientation=\"center\" custom_margin=\"|5px||false|false\" global_colors_info=\"{}\"]<\/p>\n<p style=\"text-align: left;\">WE ARE<\/p>\n<p>[\/et_pb_text][et_pb_text _builder_version=\"4.26.0\u2032\u2032\u2032 _module_preset=\"default\" header_2_font_size=\"40px\" global_colors_info=\"{}\"]<\/p>\n<h2>Your trusted partner<\/h2>\n<p>[\/et_pb_text][et_pb_text _builder_version=\"4.26.0\u2032\u2032\u2032 _module_preset=\"default\" text_font_size=\"16px\" global_colors_info=\"{}\"]<\/p>\n<p>At Ortho Balance, we believe that every step should be comfortable and safe. Dedication to your health and well-being is reflected in every insoles we make. Visit us and experience the difference that individual orthopedic insoles made just for you can make. <strong>We are your partner on the road to healthier and happier feet.<\/strong><\/p>\n<p>[\/et_pb_text][et_pb_button button_url=\"@ET-DC@eyJkeW5hbWljIjp0cnVlLCJjb250ZW50IjoicG9zdF9saW5rX3VybF9wYWdlIiwic2V0dGluZ3MiOnsicG9zdF9pZCI6Ijk5NzQ2In19@\" button_text=\"Learn more\" button_alignment=\"center\" _builder_version=\"4.26.0\u2032\u2032 _dynamic_attributes=\"button_url\" _module_preset=\"a39e2adc-6a8e-4dfa-b7a9-381ff3b2cd2d\" custom_button=\"on\" button_text_size=\"16px\" button_text_color=\"#FFFFFF\u2019 button_bg_color=\u2019#57c2b0\u2032\u2032 button_border_width=\"0px\" button_font=\"|700|||||\" button_use_icon=\"off\" custom_margin=\"10px|||false|false\" custom_padding=\"11px|25px|11px|25px|true|true\" hover_enabled=\"0\u2032\u2032 box_shadow_style=\"preset1\u2032\u2032\u2032 global_colors_info=\"{}\" button_bg_color___hover_enabled=\"on|hover\" button_bg_color_hover=\"#60d6d2\u2032\u2032 button_bg_enable_color__hover=\"on\" sticky_enabled=\"0\u2032\u2032][\/et_pb_button][\/et_pb_column][et_pb_column type=\"1_2\u2032\u2032 _builder_version=\"4.16\u2032\u2032 _module_preset=\"default\" global_colors_info=\"{}\"][\/et_pb_column][\/et_pb_row][\/et_pb_section][et_pb_section fb_built=\"1\u2032_builder_version=\"4.26.0\u2032 _module_preset=\"default\" global_colors_info=\"{}][\/et_pb_section]<\/p>","protected":false},"excerpt":{"rendered":"<p>Our story Ortho Balance orthopedic insoles came from the need to offer our patients and athletes something more than the standard solution. Instead of serially manufactured cartridges, our goal is to provide personalized cartridges made according to the specifics of your foot, the footwear you wear and the activities you do. Digital foot analysis, conducted in our state-of-the-art diagnostic center, [...]<\/p>","protected":false},"author":1,"featured_media":0,"parent":0,"menu_order":0,"comment_status":"closed","ping_status":"closed","template":"","meta":{"_et_pb_use_builder":"on","_et_pb_old_content":"","_et_gb_content_width":"","footnotes":""},"class_list":["post-99959","page","type-page","status-publish","hentry"],"yoast_head":"<!-- This site is optimized with the Yoast SEO plugin v26.8 - https:\/\/yoast.com\/product\/yoast-seo-wordpress\/ -->\n<title>O nama - ORTHO BALANCE<\/title>\n<meta name=\"robots\" content=\"index, follow, max-snippet:-1, max-image-preview:large, max-video-preview:-1\" \/>\n<link rel=\"canonical\" href=\"https:\/\/www.ortopedski-ulosci.hr\/en\/o-nama\/\" \/>\n<meta property=\"og:locale\" content=\"en_GB\" \/>\n<meta property=\"og:type\" content=\"article\" \/>\n<meta property=\"og:title\" content=\"O nama - ORTHO BALANCE\" \/>\n<meta property=\"og:description\" content=\"O namaNa\u0161a pri\u010da Ortho Balance ortopedski ulo\u0161ci nastali su iz potrebe da svojim pacijentima i sporta\u0161ima ponudimo ne\u0161to vi\u0161e od standardnog rje\u0161enja. Umjesto serijski proizvedenih ulo\u017eaka, na\u0161 cilj je pru\u017eiti personalizirane ulo\u0161ke izra\u0111ene prema specifi\u010dnostima Va\u0161eg stopala, obu\u0107i koju nosite i aktivnostima kojima se bavite. Digitalna analiza stopala, provedena u na\u0161em vrhunskom dijagnosti\u010dkom centru, omogu\u0107uje [&hellip;]\" \/>\n<meta property=\"og:url\" content=\"https:\/\/www.ortopedski-ulosci.hr\/en\/o-nama\/\" \/>\n<meta property=\"og:site_name\" content=\"ORTHO BALANCE\" \/>\n<meta property=\"article:publisher\" content=\"https:\/\/www.facebook.com\/bodybalanceZG\/?locale=hr_HR\" \/>\n<meta property=\"article:modified_time\" content=\"2024-07-23T11:35:43+00:00\" \/>\n<meta property=\"og:image\" content=\"https:\/\/www.ortopedski-ulosci.hr\/wp-content\/uploads\/2024\/07\/Ortopedski-ulosci-OrthoBalance-14.jpg\" \/>\n\t<meta property=\"og:image:width\" content=\"1200\" \/>\n\t<meta property=\"og:image:height\" content=\"600\" \/>\n\t<meta property=\"og:image:type\" content=\"image\/jpeg\" \/>\n<meta name=\"twitter:card\" content=\"summary_large_image\" \/>\n<meta name=\"twitter:label1\" content=\"Estimated reading time\" \/>\n\t<meta name=\"twitter:data1\" content=\"7 minutes\" \/>\n<script type=\"application\/ld+json\" class=\"yoast-schema-graph\">{\"@context\":\"https:\/\/schema.org\",\"@graph\":[{\"@type\":\"WebPage\",\"@id\":\"https:\/\/www.ortopedski-ulosci.hr\/o-nama\/\",\"url\":\"https:\/\/www.ortopedski-ulosci.hr\/o-nama\/\",\"name\":\"O nama - ORTHO BALANCE\",\"isPartOf\":{\"@id\":\"https:\/\/www.ortopedski-ulosci.hr\/#website\"},\"datePublished\":\"2024-07-20T05:52:58+00:00\",\"dateModified\":\"2024-07-23T11:35:43+00:00\",\"breadcrumb\":{\"@id\":\"https:\/\/www.ortopedski-ulosci.hr\/o-nama\/#breadcrumb\"},\"inLanguage\":\"en-GB\",\"potentialAction\":[{\"@type\":\"ReadAction\",\"target\":[\"https:\/\/www.ortopedski-ulosci.hr\/o-nama\/\"]}]},{\"@type\":\"BreadcrumbList\",\"@id\":\"https:\/\/www.ortopedski-ulosci.hr\/o-nama\/#breadcrumb\",\"itemListElement\":[{\"@type\":\"ListItem\",\"position\":1,\"name\":\"Po\u010detna stranica\",\"item\":\"https:\/\/www.ortopedski-ulosci.hr\/hr\/\"},{\"@type\":\"ListItem\",\"position\":2,\"name\":\"O nama\"}]},{\"@type\":\"WebSite\",\"@id\":\"https:\/\/www.ortopedski-ulosci.hr\/#website\",\"url\":\"https:\/\/www.ortopedski-ulosci.hr\/\",\"name\":\"ORTHO BALANCE\",\"description\":\"Personalizirani ortopedski ulo\u0161ci\",\"publisher\":{\"@id\":\"https:\/\/www.ortopedski-ulosci.hr\/#organization\"},\"alternateName\":\"ortopedski-ulosci.hr\",\"potentialAction\":[{\"@type\":\"SearchAction\",\"target\":{\"@type\":\"EntryPoint\",\"urlTemplate\":\"https:\/\/www.ortopedski-ulosci.hr\/?s={search_term_string}\"},\"query-input\":{\"@type\":\"PropertyValueSpecification\",\"valueRequired\":true,\"valueName\":\"search_term_string\"}}],\"inLanguage\":\"en-GB\"},{\"@type\":\"Organization\",\"@id\":\"https:\/\/www.ortopedski-ulosci.hr\/#organization\",\"name\":\"ORTHO BALANCE\",\"url\":\"https:\/\/www.ortopedski-ulosci.hr\/\",\"logo\":{\"@type\":\"ImageObject\",\"inLanguage\":\"en-GB\",\"@id\":\"https:\/\/www.ortopedski-ulosci.hr\/#\/schema\/logo\/image\/\",\"url\":\"https:\/\/www.ortopedski-ulosci.hr\/wp-content\/uploads\/2024\/07\/orthobalance.png\",\"contentUrl\":\"https:\/\/www.ortopedski-ulosci.hr\/wp-content\/uploads\/2024\/07\/orthobalance.png\",\"width\":600,\"height\":200,\"caption\":\"ORTHO BALANCE\"},\"image\":{\"@id\":\"https:\/\/www.ortopedski-ulosci.hr\/#\/schema\/logo\/image\/\"},\"sameAs\":[\"https:\/\/www.facebook.com\/bodybalanceZG\/?locale=hr_HR\",\"https:\/\/www.instagram.com\/poliklinikamedicalbodybalance\/\"]}]}<\/script>\n<!-- \/ Yoast SEO plugin. -->","yoast_head_json":{"title":"O nama - ORTHO BALANCE","robots":{"index":"index","follow":"follow","max-snippet":"max-snippet:-1","max-image-preview":"max-image-preview:large","max-video-preview":"max-video-preview:-1"},"canonical":"https:\/\/www.ortopedski-ulosci.hr\/en\/o-nama\/","og_locale":"en_GB","og_type":"article","og_title":"O nama - ORTHO BALANCE","og_description":"O namaNa\u0161a pri\u010da Ortho Balance ortopedski ulo\u0161ci nastali su iz potrebe da svojim pacijentima i sporta\u0161ima ponudimo ne\u0161to vi\u0161e od standardnog rje\u0161enja. Umjesto serijski proizvedenih ulo\u017eaka, na\u0161 cilj je pru\u017eiti personalizirane ulo\u0161ke izra\u0111ene prema specifi\u010dnostima Va\u0161eg stopala, obu\u0107i koju nosite i aktivnostima kojima se bavite. Digitalna analiza stopala, provedena u na\u0161em vrhunskom dijagnosti\u010dkom centru, omogu\u0107uje [&hellip;]","og_url":"https:\/\/www.ortopedski-ulosci.hr\/en\/o-nama\/","og_site_name":"ORTHO BALANCE","article_publisher":"https:\/\/www.facebook.com\/bodybalanceZG\/?locale=hr_HR","article_modified_time":"2024-07-23T11:35:43+00:00","og_image":[{"width":1200,"height":600,"url":"https:\/\/www.ortopedski-ulosci.hr\/wp-content\/uploads\/2024\/07\/Ortopedski-ulosci-OrthoBalance-14.jpg","type":"image\/jpeg"}],"twitter_card":"summary_large_image","twitter_misc":{"Estimated reading time":"7 minutes"},"schema":{"@context":"https:\/\/schema.org","@graph":[{"@type":"WebPage","@id":"https:\/\/www.ortopedski-ulosci.hr\/o-nama\/","url":"https:\/\/www.ortopedski-ulosci.hr\/o-nama\/","name":"O nama - ORTHO BALANCE","isPartOf":{"@id":"https:\/\/www.ortopedski-ulosci.hr\/#website"},"datePublished":"2024-07-20T05:52:58+00:00","dateModified":"2024-07-23T11:35:43+00:00","breadcrumb":{"@id":"https:\/\/www.ortopedski-ulosci.hr\/o-nama\/#breadcrumb"},"inLanguage":"en-GB","potentialAction":[{"@type":"ReadAction","target":["https:\/\/www.ortopedski-ulosci.hr\/o-nama\/"]}]},{"@type":"BreadcrumbList","@id":"https:\/\/www.ortopedski-ulosci.hr\/o-nama\/#breadcrumb","itemListElement":[{"@type":"ListItem","position":1,"name":"Po\u010detna stranica","item":"https:\/\/www.ortopedski-ulosci.hr\/hr\/"},{"@type":"ListItem","position":2,"name":"O nama"}]},{"@type":"WebSite","@id":"https:\/\/www.ortopedski-ulosci.hr\/#website","url":"https:\/\/www.ortopedski-ulosci.hr\/","name":"ORTHO BALANCE","description":"Personalizirani ortopedski ulo\u0161ci","publisher":{"@id":"https:\/\/www.ortopedski-ulosci.hr\/#organization"},"alternateName":"ortopedski-ulosci.hr","potentialAction":[{"@type":"SearchAction","target":{"@type":"EntryPoint","urlTemplate":"https:\/\/www.ortopedski-ulosci.hr\/?s={search_term_string}"},"query-input":{"@type":"PropertyValueSpecification","valueRequired":true,"valueName":"search_term_string"}}],"inLanguage":"en-GB"},{"@type":"Organization","@id":"https:\/\/www.ortopedski-ulosci.hr\/#organization","name":"ORTHO BALANCE","url":"https:\/\/www.ortopedski-ulosci.hr\/","logo":{"@type":"ImageObject","inLanguage":"en-GB","@id":"https:\/\/www.ortopedski-ulosci.hr\/#\/schema\/logo\/image\/","url":"https:\/\/www.ortopedski-ulosci.hr\/wp-content\/uploads\/2024\/07\/orthobalance.png","contentUrl":"https:\/\/www.ortopedski-ulosci.hr\/wp-content\/uploads\/2024\/07\/orthobalance.png","width":600,"height":200,"caption":"ORTHO BALANCE"},"image":{"@id":"https:\/\/www.ortopedski-ulosci.hr\/#\/schema\/logo\/image\/"},"sameAs":["https:\/\/www.facebook.com\/bodybalanceZG\/?locale=hr_HR","https:\/\/www.instagram.com\/poliklinikamedicalbodybalance\/"]}]}},"_links":{"self":[{"href":"https:\/\/www.ortopedski-ulosci.hr\/en\/wp-json\/wp\/v2\/pages\/99959","targetHints":{"allow":["GET"]}}],"collection":[{"href":"https:\/\/www.ortopedski-ulosci.hr\/en\/wp-json\/wp\/v2\/pages"}],"about":[{"href":"https:\/\/www.ortopedski-ulosci.hr\/en\/wp-json\/wp\/v2\/types\/page"}],"author":[{"embeddable":true,"href":"https:\/\/www.ortopedski-ulosci.hr\/en\/wp-json\/wp\/v2\/users\/1"}],"replies":[{"embeddable":true,"href":"https:\/\/www.ortopedski-ulosci.hr\/en\/wp-json\/wp\/v2\/comments?post=99959"}],"version-history":[{"count":10,"href":"https:\/\/www.ortopedski-ulosci.hr\/en\/wp-json\/wp\/v2\/pages\/99959\/revisions"}],"predecessor-version":[{"id":100018,"href":"https:\/\/www.ortopedski-ulosci.hr\/en\/wp-json\/wp\/v2\/pages\/99959\/revisions\/100018"}],"wp:attachment":[{"href":"https:\/\/www.ortopedski-ulosci.hr\/en\/wp-json\/wp\/v2\/media?parent=99959"}],"curies":[{"name":"wp","href":"https:\/\/api.w.org\/{rel}","templated":true}]}}