{"id":99832,"date":"2024-07-19T07:50:04","date_gmt":"2024-07-19T07:50:04","guid":{"rendered":"https:\/\/www.ortopedski-ulosci.hr\/?page_id=99832"},"modified":"2026-01-02T16:33:57","modified_gmt":"2026-01-02T16:33:57","slug":"ortho-correct","status":"publish","type":"page","link":"https:\/\/www.ortopedski-ulosci.hr\/en\/ortopedski-ulosci\/ortho-correct\/","title":{"rendered":"Ortho Correct"},"content":{"rendered":"[et_pb_section fb_built=\"1\u2032\u2032 _builder_version=\"4.26.0\u2032\u2032 _module_preset=\"default\" background_color=\"#0057ff\u2019 background_image=\u2019https:\/\/www.ortopedski-ulo\u0161ci.hr\/wp-content\/uploads\/2024\/07\/Ortho-Balance-Background2.jpg\u2019 top_divider_color=\u2019#FFFFFF\" top_divider_height=\"50px\" box_shadow_style=\"preset6\u2032\u2032 box_shadow_blur=\"25px\" box_shadow_color=\"rgba(0.0.0.0.2)\" global_colors_info=\"{}\"][et_pb_row _builder_version=\"4.16\u2032\u2032 _module_preset=\"default\" global_colors_info=\"{}\"][et_pb_column type=\"4_4_4\u2032 _builder_version=\"4.16\u2032 _module_preset=\"default\" global_colors_info=\"{}][et_pb_text _builder_version=\"4.26.0\u2032 _module_preset=\"default\" header_text_align=\"center\" header_text_color=\"#FFFFFF\u2019 header_font_size=\u201962px\u2019 header_2_text_align=\u2019center\u2019 header_2_text_color=\u2019#FFFFFF\" header_2_font_size=\"40px\" hover_enabled=\"0\u2032\u2032 global_colors_info=\"{}\" sticky_enabled=\"0\u2032\u2032]<h1>Ortho Correct<\/h1>[\/et_pb_text][\/et_pb_column][\/et_pb_row][\/et_pb_section][et_pb_section fb_built=\"1\u2032\u2032 _builder_version=\"4.16\u2032 _module_preset=\"default\" global_colors_info=\"{}\"][et_pb_row column_structure=\"3_5,2_5\u2032\u2032 _builder_version=\"4.26.0\u2032 _module_preset=\"default\" global_colors_info=\"{}\"][et_pb_column type=\"3_5\u2032 _builder_version=\"4.16\u2032\u2032 _module_preset=\"default\" global_colors_info=\"{}\"][et_pb_text _builder_version=4.26.0\u2032 _module_preset=default\" text_font_s_p=\"<h2><strong>Greater corrective function for superior medical support<\/strong><o:p><\/o:p><\/h2>\n<p>Ortho Correct orthopedic insoles are designed to provide superior medical corrective support to people who need additional stability and correct foot biomechanics. These insoles offer a greater corrective function, ideal for those with more serious foot problems or specific medical needs.<o:p><\/o:p><\/p>\n<h2><strong>Advanced orthopedic design<\/strong><o:p><\/o:p><\/h2>\n<p>Ortho Correct cartridges were developed using the latest knowledge in the field of orthopaedics and biomechanics. Their advanced design allows precise alignment of the feet, reducing imperfections in walking and improving overall stability. This corrective function helps to reduce pain and discomfort, and can prevent the development of additional problems with the feet, knees and back.<o:p><\/o:p><\/p>\n<h2><strong>State-of-the-art medical support<\/strong><o:p><\/o:p><\/h2>\n<p>These orthopedic insoles are intended for people who need top medical support. These include people with problems such as flat feet, pronation, supination, plantar fasciitis and other orthopedic ailments. Corrective function of the insoles helps to maintain the proper structure of the foot and walking, which can significantly improve the quality of life.<o:p><\/o:p><\/p>\n<h2><strong>Quality materials for long-term performance<\/strong><o:p><\/o:p><\/h2>\n<p>Ortho Correct cartridges are made of high-quality, long-lasting materials that provide optimal support and comfort. These materials ensure that the cartridges retain their shape and functionality even after long-term use, providing you with the constant support you need.<o:p><\/o:p><\/p>\n<h2><strong>Intended for daily use<\/strong><o:p><\/o:p><\/h2>\n<p>Whether you wear them during daily activities, work or recreational activities, Ortho Correct cartridges provide superior support and comfort. They are designed to fit into most types of footwear, especially sneakers, allowing you to wear them every day and on all occasions.<o:p><\/o:p><\/p>\n<p><strong>Ortho Correct orthopedic insoles can be adapted to the specific needs of each user. This personalization ensures that the insoles fit perfectly with your feet, providing maximum corrective support and comfort tailored to your unique needs.<\/strong><o:p><\/o:p><\/p>[\/et_pb_divix_text][\/et_pb_column][et_pb_column type=\u20192_5\u2019\u2019_builder_version=\u20194.16\u2019\u2019 _module_preset=\u2019default\u2019 global_colors_info=\u2019{}\u2019][et_pb_image src=\u2019https:\/\/www.ortopedski-ulo\u0161ci.hr\/wp-content\/uploads\/2024\/07\/Ortho-Balance-Classic-Tenisice.jpg\u2019 title_text=\u2019Ortho-Balance-Classic-Tenisice\u2019 _builder_version=\u20194.26.0\u2019\u2019_pbl_ur_preset=\u2019\u2019default\u2019 border_radii=\u2019|15px|15px|15px\u2019px\u2019 global_colors_info=\u2019{}\u2019][et_pbimage_p% precision\u2019 use_icon=\u2018on\u2019 font_icon=\u2019 \u2047 |divi|400\u2032\u2032 image_icon_background_color=\u2019RGBA(0,0,0,0)\u2019 icon_placement=\u2019left\u2019 _builder_version=\u20194.26.0\u2019\u2019 _module_preset=\u2019default\u2019 header_line_height=\u20192.2em\u2019 background_enable_color=\u2019off\u2019 image_icon_custom_padding=\u20195px|5px|5px|true\u2019 animation_direction=\u2019bottom\u2019 animation=\u2019off\u2019 global_colors_info=\u2019{}\u2019][\/et_p_blurb][et_pb_blurb title=\u2019CAD\/CAM making\u2019 use_icon=\u2019on\u2019 font_icon=\u2019===\u2019obobuse\u2019#A1ACAA\u2019 divider_weight=\u20195px\u2019 _builder_version=\u20194.26.0\u2032\u2019 _module_preset=\u2019default\u2019 global_colors_info=\u2019{}\u2019][\/et_pb_divider][et_pb_blurb title=\u2019Price: 140\u20ac\" use_icon=\"on\" font_icon=\"||fa|900\u2032\u2032 image_icon_width=\"43px\" _builder_version=\"4.26.0\u2032\u2032 _module_preset=\"default\" header_text_align=\"center\" header_font_size=\"26px\" body_font_size=\"14px\" hover_enabled=\"0\u2032\u2032 global_colors_info=\"{}\" sticky_enabled=\"0\u2032\u2032]<p style=\"text-align: center;\"><em>On 4 and more pairs of insoles are calculated 15% discounts.<br \/>For children up to 14 years of age or up to the number of legs 40 is calculated 20% discounts.<br \/>No discount is charged for the urgent production of insoles.<br \/>Diagnostics are not included in the price of insoles.<br \/>Discounts don't add up.<\/em><\/p>[\/et_pb_blurb][\/et_pb_column][\/et_pb_row][\/et_pb_section][et_pb_section fb_built=\u201d1\u2033 custom_padding_last_edited=\u201don|tablet\u201d _builder_version=\u201d4.16\u2033 _module_preset=\u201ddefault\u201d custom_padding=\u201d150px||||false|false\u201d custom_padding_tablet=\u201d75px||||false|false\u201d custom_padding_phone=\u201d75px||||false|false\u201d global_colors_info=\u201d{}\u201d][et_pb_row _builder_version=\u201d4.26.0\u2033 _module_preset=\u201ddefault\u201d global_colors_info=\u201d{}\u201d][et_pb_column type=\u201d4_4\u2033 _builder_version=\u201d4.16\u2033 _module_preset=\u201ddefault\u201d custom_padding_tablet=\u201d||50px||false|false\u201d custom_padding_phone=\u201d||50px||false|false\u201d custom_padding_last_edited=\u201don|tablet\u201d global_colors_info=\u201d{}\u201d][et_pb_text _builder_version=\u201d4.26.0\u2033 _module_preset=\u201ddefault\u201d header_2_font_size=\u201d40px\u201d text_orientation=\u201dcenter\u201d global_colors_info=\u201d{}\u201d]<h2>How to get orthopedic insoles?<\/h2>[\/et_pb_text][\/et_pb_column][\/et_pb_row][et_pb_row column_structure=\"1_4,1_4,1_4,1_4\u2032\u2032\u2032 _builder_version=\"4.26.0\u2032\u2032 _module_preset=\"default\" global_colors_info=\"{}\"][et_pb_column type=\"1_4\u2032\u2032\u2032 _builder_version=\"4.16\u2032\u2032 _module_preset=\"default\" custom_padding_tablet=\"frivolved50px defladesfalse\" custom_padding_phone=\"frivolved50px tacticalphadesivance\" custom_padding_last_edited=\"on modest\" global_colors_info=\"{}\"][et_pb_blurb title=\"Reservation termina\" font_icon=\" \u2047 \u03b8\u03b8fa\u03ce900\u2032\u2032 image_icon_background_color=\"#edf3ff\" image_icon_width=\"60px\" _builder_version=\"4.26.0\u2032\u2032 _module_preset=\"default\" header_text_align=\"center\" header_font_size=\"20px\" header_line_height=\"1.6em\" body_font=\"\u00fealitan3\" justifitanki\" body_text_align=\"center\" body_font_size=\"16px\" body_line_height=\"1.6em\" image_icon_custom_padding=\"35px contiguous35px contratrue\" animation_style=\"slide\" animation_direction=\"bottom\" animation_duration=\"750ms\" animation_starting_opacity=\"5050%\u2019 animation=\u2019off\u2019 border_radii_image=\u2019on\u266112px\u224812px\u224812px\u2019 global_colors_info=\u2019{}\u2019]<p><span><strong>Step 1<\/strong> is booking an appointment by phone or e-mail<\/span><\/p>[\/et_pb_blurb][\/et_pb_column][et_pb_column type=\"1_4\u2032\u2032 _builder_version=\"4.16\u2032\u2032 _module_preset=\"default\" custom_padding_tablet=\"\u00feie50px\u0436false\" custom_padding_phone=\"\u00feie50px\u00feiefalse\" custom_padding_last_edited=\"on\u21d0tablet\" global_colors_info=\"{}\"][et_pb_blurb title=\"Preview fizioterapeuta\" use_icon=\"on\"\"_ fonticon=\" \u2047  compativaturefa consent900\u2032\u2032\u2032 image_icon_background_color=\"#edf3ff\" image_icon_width=\"60px\" _builder_version=\"4.26.0\u2032\u2032 _module_preset=\"default\" header_text_align=\"center\" header_font_size=\"20px\" header_line_height=\"1.6em\" body_font=\"\u00fealitan3\" justifitanki\" body_text_align=\"center\" body_font_size=\"16px\" body_line_height=\"1.6em\" image_icon_custom_padding=\"35px contiguous35px contratrue\" animation_style=\"slide\" animation_direction=\"bottom\" animation_duration=\"750ms\" animation_starting_opacity=\"5050%\u2019 animation=\u2019off\u2019 border_radii_image=\u2019on\u266112px\u224812px\u224812px\u2019 global_colors_info=\u2019{}\u2019]<p><span><strong>Step 2<\/strong> a Detailed Review of Physiotherapists<\/span><\/p>[\/et_pb_blurb][\/et_pb_column][et_pb_column type=\"1_4\u2032\u2032 _builder_version=\"4.16\u2032\u2032 _module_preset=\"default\" custom_padding_tablet=\"\u00feie50px\u0436false\" custom_padding_phone=\"\u00feie50px\u0436false\" custom_padding_last_edited=\"on\u00feietablet\" global_colors_info=\"{}\"][et_pb_blurb title=\"Diagnostic center\" use_icon=\"on\" font_icon=\" \u2047  justifiablefa consent900\u2032\u2032 image_icon_back_groundcolor=\"#edf3ff\" image_icon_width=\"60px\" _builder_version=\"4.26.0\u2032\u2032 _module_preset=\"default\" header_text_align=\"center\" header_font_size=\"20px\" header_line_height=\"1.6em\" body_font=\"\u00fealitan3\" justifitanki\" body_text_align=\"center\" body_font_size=\"16px\" body_line_height=\"1.6em\" image_icon_custom_padding=\"35px contiguous35px contratrue\" animation_style=\"slide\" animation_direction=\"bottom\" animation_duration=\"750ms\" animation_starting_opacity=\"5050%\u2019 animation=\u2019off\u2019 border_radii_image=\u2019on\u266112px\u224812px\u224812px\u2019 global_colors_info=\u2019{}\u2019]<p><span><strong>Step 3<\/strong> a Digital and 3D Analysis of Your Feet<\/span><\/p>[\/et_pb_blurb][\/et_pb_column][et_pb_column type=\"1_4\u2032\u2032 _builder_version=\"4.16\u2032\u2032 _module_preset=\"default\" global_colors_info=\"{}\"][et_pb_blurb title=\"Creation of cartridges\" use_icon=\"on\" font_icon=\" \u2047  eradicatingfa 19.900\u2032\u2032\u2032 image_icon_background_color=\"#edf3ff\" image_icon_width=\"60px\" _builder_version=\"4.26.0\u2032\u2032 _module_preset=\"default\" header_text_align=\"center\" header_font_size=\"20px\" header_line_height=\"1.6em\" body_font=\"\u00fealitan3\" justifitanki\" body_text_align=\"center\" body_font_size=\"16px\" body_line_height=\"1.6em\" image_icon_custom_padding=\"35px contiguous35px contratrue\" animation_style=\"slide\" animation_direction=\"bottom\" animation_duration=\"750ms\" animation_starting_opacity=\"5050%\u2019 animation=\u2019off\u2019 border_radii_image=\u2019on\u266112px\u224812px\u224812px\u2019 global_colors_info=\u2019{}\u2019]<p><span><strong>Step 4<\/strong> is the manufacture of insoles through CAD \/ CAM technology<\/span><\/p>[\/et_pb_blurb][\/et_pb_column][\/et_pb_row][\/et_pb_section]","protected":false},"excerpt":{"rendered":"<p>Ortho CorrectGreater corrective function for superior medical support Ortho Correct orthopedic insoles are designed to provide superior medical corrective support to people who need additional stability and correct foot biomechanics. These insoles offer a greater corrective function, ideal for those with more serious foot problems or specific medical needs. Advanced orthopedic design Ortho Correct insoles have been developed [...]<\/p>","protected":false},"author":1,"featured_media":0,"parent":99795,"menu_order":5,"comment_status":"closed","ping_status":"closed","template":"","meta":{"_et_pb_use_builder":"on","_et_pb_old_content":"","_et_gb_content_width":"","footnotes":""},"class_list":["post-99832","page","type-page","status-publish","hentry"],"yoast_head":"<!-- This site is optimized with the Yoast SEO plugin v26.8 - https:\/\/yoast.com\/product\/yoast-seo-wordpress\/ -->\n<title>Ortho Correct - ORTHO BALANCE<\/title>\n<meta name=\"robots\" content=\"index, follow, max-snippet:-1, max-image-preview:large, max-video-preview:-1\" \/>\n<link rel=\"canonical\" href=\"https:\/\/www.ortopedski-ulosci.hr\/en\/ortopedski-ulosci\/ortho-correct\/\" \/>\n<meta property=\"og:locale\" content=\"en_GB\" \/>\n<meta property=\"og:type\" content=\"article\" \/>\n<meta property=\"og:title\" content=\"Ortho Correct - ORTHO BALANCE\" \/>\n<meta property=\"og:description\" content=\"Ortho CorrectVe\u0107a korektivna funkcija za vrhunsku medicinsku potporu Ortho Correct ortopedski ulo\u0161ci dizajnirani su za pru\u017eanje vrhunske medicinske korektivne potpore osobama koje trebaju dodatnu stabilnost i ispravnu biomehaniku stopala. Ovi ulo\u0161ci nude ve\u0107u korektivnu funkciju, idealnu za one s ozbiljnijim problemima sa stopalima ili specifi\u010dnim medicinskim potrebama. Napredni ortopedski dizajn Ortho Correct ulo\u0161ci razvijeni su [&hellip;]\" \/>\n<meta property=\"og:url\" content=\"https:\/\/www.ortopedski-ulosci.hr\/en\/ortopedski-ulosci\/ortho-correct\/\" \/>\n<meta property=\"og:site_name\" content=\"ORTHO BALANCE\" \/>\n<meta property=\"article:publisher\" content=\"https:\/\/www.facebook.com\/bodybalanceZG\/?locale=hr_HR\" \/>\n<meta property=\"article:modified_time\" content=\"2026-01-02T16:33:57+00:00\" \/>\n<meta property=\"og:image\" content=\"https:\/\/www.ortopedski-ulosci.hr\/wp-content\/uploads\/2024\/07\/Ortopedski-ulosci-OrthoBalance-14.jpg\" \/>\n\t<meta property=\"og:image:width\" content=\"1200\" \/>\n\t<meta property=\"og:image:height\" content=\"600\" \/>\n\t<meta property=\"og:image:type\" content=\"image\/jpeg\" \/>\n<meta name=\"twitter:card\" content=\"summary_large_image\" \/>\n<meta name=\"twitter:label1\" content=\"Estimated reading time\" \/>\n\t<meta name=\"twitter:data1\" content=\"3 minutes\" \/>\n<script type=\"application\/ld+json\" class=\"yoast-schema-graph\">{\"@context\":\"https:\/\/schema.org\",\"@graph\":[{\"@type\":\"WebPage\",\"@id\":\"https:\/\/www.ortopedski-ulosci.hr\/hr\/ortopedski-ulosci\/ortho-correct\/\",\"url\":\"https:\/\/www.ortopedski-ulosci.hr\/hr\/ortopedski-ulosci\/ortho-correct\/\",\"name\":\"Ortho Correct - ORTHO BALANCE\",\"isPartOf\":{\"@id\":\"https:\/\/www.ortopedski-ulosci.hr\/#website\"},\"datePublished\":\"2024-07-19T07:50:04+00:00\",\"dateModified\":\"2026-01-02T16:33:57+00:00\",\"breadcrumb\":{\"@id\":\"https:\/\/www.ortopedski-ulosci.hr\/hr\/ortopedski-ulosci\/ortho-correct\/#breadcrumb\"},\"inLanguage\":\"en-GB\",\"potentialAction\":[{\"@type\":\"ReadAction\",\"target\":[\"https:\/\/www.ortopedski-ulosci.hr\/hr\/ortopedski-ulosci\/ortho-correct\/\"]}]},{\"@type\":\"BreadcrumbList\",\"@id\":\"https:\/\/www.ortopedski-ulosci.hr\/hr\/ortopedski-ulosci\/ortho-correct\/#breadcrumb\",\"itemListElement\":[{\"@type\":\"ListItem\",\"position\":1,\"name\":\"Po\u010detna stranica\",\"item\":\"https:\/\/www.ortopedski-ulosci.hr\/hr\/\"},{\"@type\":\"ListItem\",\"position\":2,\"name\":\"Ortopedski ulo\u0161ci\",\"item\":\"https:\/\/www.ortopedski-ulosci.hr\/hr\/ortopedski-ulosci\/\"},{\"@type\":\"ListItem\",\"position\":3,\"name\":\"Ortho Correct\"}]},{\"@type\":\"WebSite\",\"@id\":\"https:\/\/www.ortopedski-ulosci.hr\/#website\",\"url\":\"https:\/\/www.ortopedski-ulosci.hr\/\",\"name\":\"ORTHO BALANCE\",\"description\":\"Personalizirani ortopedski ulo\u0161ci\",\"publisher\":{\"@id\":\"https:\/\/www.ortopedski-ulosci.hr\/#organization\"},\"alternateName\":\"ortopedski-ulosci.hr\",\"potentialAction\":[{\"@type\":\"SearchAction\",\"target\":{\"@type\":\"EntryPoint\",\"urlTemplate\":\"https:\/\/www.ortopedski-ulosci.hr\/?s={search_term_string}\"},\"query-input\":{\"@type\":\"PropertyValueSpecification\",\"valueRequired\":true,\"valueName\":\"search_term_string\"}}],\"inLanguage\":\"en-GB\"},{\"@type\":\"Organization\",\"@id\":\"https:\/\/www.ortopedski-ulosci.hr\/#organization\",\"name\":\"ORTHO BALANCE\",\"url\":\"https:\/\/www.ortopedski-ulosci.hr\/\",\"logo\":{\"@type\":\"ImageObject\",\"inLanguage\":\"en-GB\",\"@id\":\"https:\/\/www.ortopedski-ulosci.hr\/#\/schema\/logo\/image\/\",\"url\":\"https:\/\/www.ortopedski-ulosci.hr\/wp-content\/uploads\/2024\/07\/orthobalance.png\",\"contentUrl\":\"https:\/\/www.ortopedski-ulosci.hr\/wp-content\/uploads\/2024\/07\/orthobalance.png\",\"width\":600,\"height\":200,\"caption\":\"ORTHO BALANCE\"},\"image\":{\"@id\":\"https:\/\/www.ortopedski-ulosci.hr\/#\/schema\/logo\/image\/\"},\"sameAs\":[\"https:\/\/www.facebook.com\/bodybalanceZG\/?locale=hr_HR\",\"https:\/\/www.instagram.com\/poliklinikamedicalbodybalance\/\"]}]}<\/script>\n<!-- \/ Yoast SEO plugin. -->","yoast_head_json":{"title":"Ortho Correct - ORTHO BALANCE","robots":{"index":"index","follow":"follow","max-snippet":"max-snippet:-1","max-image-preview":"max-image-preview:large","max-video-preview":"max-video-preview:-1"},"canonical":"https:\/\/www.ortopedski-ulosci.hr\/en\/ortopedski-ulosci\/ortho-correct\/","og_locale":"en_GB","og_type":"article","og_title":"Ortho Correct - ORTHO BALANCE","og_description":"Ortho CorrectVe\u0107a korektivna funkcija za vrhunsku medicinsku potporu Ortho Correct ortopedski ulo\u0161ci dizajnirani su za pru\u017eanje vrhunske medicinske korektivne potpore osobama koje trebaju dodatnu stabilnost i ispravnu biomehaniku stopala. Ovi ulo\u0161ci nude ve\u0107u korektivnu funkciju, idealnu za one s ozbiljnijim problemima sa stopalima ili specifi\u010dnim medicinskim potrebama. Napredni ortopedski dizajn Ortho Correct ulo\u0161ci razvijeni su [&hellip;]","og_url":"https:\/\/www.ortopedski-ulosci.hr\/en\/ortopedski-ulosci\/ortho-correct\/","og_site_name":"ORTHO BALANCE","article_publisher":"https:\/\/www.facebook.com\/bodybalanceZG\/?locale=hr_HR","article_modified_time":"2026-01-02T16:33:57+00:00","og_image":[{"width":1200,"height":600,"url":"https:\/\/www.ortopedski-ulosci.hr\/wp-content\/uploads\/2024\/07\/Ortopedski-ulosci-OrthoBalance-14.jpg","type":"image\/jpeg"}],"twitter_card":"summary_large_image","twitter_misc":{"Estimated reading time":"3 minutes"},"schema":{"@context":"https:\/\/schema.org","@graph":[{"@type":"WebPage","@id":"https:\/\/www.ortopedski-ulosci.hr\/hr\/ortopedski-ulosci\/ortho-correct\/","url":"https:\/\/www.ortopedski-ulosci.hr\/hr\/ortopedski-ulosci\/ortho-correct\/","name":"Ortho Correct - ORTHO BALANCE","isPartOf":{"@id":"https:\/\/www.ortopedski-ulosci.hr\/#website"},"datePublished":"2024-07-19T07:50:04+00:00","dateModified":"2026-01-02T16:33:57+00:00","breadcrumb":{"@id":"https:\/\/www.ortopedski-ulosci.hr\/hr\/ortopedski-ulosci\/ortho-correct\/#breadcrumb"},"inLanguage":"en-GB","potentialAction":[{"@type":"ReadAction","target":["https:\/\/www.ortopedski-ulosci.hr\/hr\/ortopedski-ulosci\/ortho-correct\/"]}]},{"@type":"BreadcrumbList","@id":"https:\/\/www.ortopedski-ulosci.hr\/hr\/ortopedski-ulosci\/ortho-correct\/#breadcrumb","itemListElement":[{"@type":"ListItem","position":1,"name":"Po\u010detna stranica","item":"https:\/\/www.ortopedski-ulosci.hr\/hr\/"},{"@type":"ListItem","position":2,"name":"Ortopedski ulo\u0161ci","item":"https:\/\/www.ortopedski-ulosci.hr\/hr\/ortopedski-ulosci\/"},{"@type":"ListItem","position":3,"name":"Ortho Correct"}]},{"@type":"WebSite","@id":"https:\/\/www.ortopedski-ulosci.hr\/#website","url":"https:\/\/www.ortopedski-ulosci.hr\/","name":"ORTHO BALANCE","description":"Personalizirani ortopedski ulo\u0161ci","publisher":{"@id":"https:\/\/www.ortopedski-ulosci.hr\/#organization"},"alternateName":"ortopedski-ulosci.hr","potentialAction":[{"@type":"SearchAction","target":{"@type":"EntryPoint","urlTemplate":"https:\/\/www.ortopedski-ulosci.hr\/?s={search_term_string}"},"query-input":{"@type":"PropertyValueSpecification","valueRequired":true,"valueName":"search_term_string"}}],"inLanguage":"en-GB"},{"@type":"Organization","@id":"https:\/\/www.ortopedski-ulosci.hr\/#organization","name":"ORTHO BALANCE","url":"https:\/\/www.ortopedski-ulosci.hr\/","logo":{"@type":"ImageObject","inLanguage":"en-GB","@id":"https:\/\/www.ortopedski-ulosci.hr\/#\/schema\/logo\/image\/","url":"https:\/\/www.ortopedski-ulosci.hr\/wp-content\/uploads\/2024\/07\/orthobalance.png","contentUrl":"https:\/\/www.ortopedski-ulosci.hr\/wp-content\/uploads\/2024\/07\/orthobalance.png","width":600,"height":200,"caption":"ORTHO BALANCE"},"image":{"@id":"https:\/\/www.ortopedski-ulosci.hr\/#\/schema\/logo\/image\/"},"sameAs":["https:\/\/www.facebook.com\/bodybalanceZG\/?locale=hr_HR","https:\/\/www.instagram.com\/poliklinikamedicalbodybalance\/"]}]}},"_links":{"self":[{"href":"https:\/\/www.ortopedski-ulosci.hr\/en\/wp-json\/wp\/v2\/pages\/99832","targetHints":{"allow":["GET"]}}],"collection":[{"href":"https:\/\/www.ortopedski-ulosci.hr\/en\/wp-json\/wp\/v2\/pages"}],"about":[{"href":"https:\/\/www.ortopedski-ulosci.hr\/en\/wp-json\/wp\/v2\/types\/page"}],"author":[{"embeddable":true,"href":"https:\/\/www.ortopedski-ulosci.hr\/en\/wp-json\/wp\/v2\/users\/1"}],"replies":[{"embeddable":true,"href":"https:\/\/www.ortopedski-ulosci.hr\/en\/wp-json\/wp\/v2\/comments?post=99832"}],"version-history":[{"count":7,"href":"https:\/\/www.ortopedski-ulosci.hr\/en\/wp-json\/wp\/v2\/pages\/99832\/revisions"}],"predecessor-version":[{"id":100180,"href":"https:\/\/www.ortopedski-ulosci.hr\/en\/wp-json\/wp\/v2\/pages\/99832\/revisions\/100180"}],"up":[{"embeddable":true,"href":"https:\/\/www.ortopedski-ulosci.hr\/en\/wp-json\/wp\/v2\/pages\/99795"}],"wp:attachment":[{"href":"https:\/\/www.ortopedski-ulosci.hr\/en\/wp-json\/wp\/v2\/media?parent=99832"}],"curies":[{"name":"wp","href":"https:\/\/api.w.org\/{rel}","templated":true}]}}