{"id":99827,"date":"2024-07-19T07:45:51","date_gmt":"2024-07-19T07:45:51","guid":{"rendered":"https:\/\/www.ortopedski-ulosci.hr\/?page_id=99827"},"modified":"2026-01-02T16:33:38","modified_gmt":"2026-01-02T16:33:38","slug":"ortho-med","status":"publish","type":"page","link":"https:\/\/www.ortopedski-ulosci.hr\/en\/ortopedski-ulosci\/ortho-med\/","title":{"rendered":"Ortho Med"},"content":{"rendered":"[et_pb_section fb_built=\"1\u2033 _builder_version=\"4.26.0\u2033 _module_preset=\"default\" background_color=\"#0057ff\u2019 background_image=\u2019https:\/\/www.ortopedski-ulo\u0161ci.hr\/wp-content\/uploads\/2024\/07\/Ortho-Balance-Background2.jpg\u2019 top_divider_color=\u2019#FFFFFF\" top_divider_height=\"50px\" box_shadow_style=\"preset6\u2033 box_shadow_blur=\"25px\" box_shadow_color=\"rgba(0.0.2)\" global_colors_info=\"{}\"][et_pb_row _builder_version=\"4.16\u2033 _module_preset=\"default\" custom_padding=\"||30px|||\" global_colors_info=\"{}\"][et_pb_column type=\"4_4\u2033 _builder_version=\"4.16\u2033 _module_preset=\"default\" global_colors_info=\"{}\"][et_p_b_text _builder\u2033 _version=\"4.26.0_module_preset=\"default\" header_text_align=\"center\" header_texttextcolor=\"#FFFFFF\u2019 header_font_size=\u201962px\u2019 header_2_text_align=\u2019center\u2019 header_2_text_color=\u2019#FFFFFF\u2019 header_2_font_size=\u201940px\u2019 hover_enabled=\u20190\u2033 global_colors_info=\u2019{}\u2019 sticky_enabled=\u20190\u2033]<h1>Ortho Med<\/h1>[\/et_pb_text][\/et_pb_column][\/et_pb_row][\/et_pb_section][et_pb_section fb_built=\"1\u2032\u2032 _builder_version=\"4.16\u2032 _module_preset=\"default\" global_colors_info=\"{}\"][et_pb_row column_structure=\"3_5,2_5\u2032\u2032 _builder_version=\"4.26.0\u2032 _module_preset=\"default\" global_colors_info=\"{}\"][et_pb_column type=\"3_5\u2032 _builder_version=\"4.16\u2032\u2032 _module_preset=\"default\" global_colors_info=\"{}\"][et_pb_text _builder_version=4.26.0\u2032 _module_preset=default\" text_font_s_p=\"<h2><strong>Maximum comfort and corrective support for highly sensitive feet<\/strong><o:p><\/o:p><\/h2>\n<p>Ortho Med orthopedic insoles are specially designed for people with highly sensitive feet and diabetic feet. These insoles provide maximum comfort and optimal corrective support, which is extremely important for maintaining foot health in people with diabetes.<o:p><\/o:p><\/p>\n<h2><strong>Advanced design for sensitive feet<\/strong><o:p><\/o:p><\/h2>\n<p>The insoles are made of high-quality, soft materials that provide outstanding comfort and protection. Their ability to evenly distribute weight and reduce pressure on sensitive parts of the foot helps prevent the formation of wounds and blisters, which is crucial for people with diabetic feet.<o:p><\/o:p><\/p>\n<h2><strong>Corrective support for better stability<\/strong><o:p><\/o:p><\/h2>\n<p>In addition to comfort, Ortho Med insoles provide good corrective support that helps maintain proper foot biomechanics. This support reduces muscle and joint strain, improves stability and facilitates walking, thereby reducing the risk of injury.<o:p><\/o:p><\/p>\n<h2><strong>Intended for people with diabetic feet<\/strong><o:p><\/o:p><\/h2>\n<p>Diabetes can cause a number of foot problems, including neuropathy, poor circulation and an increased risk of infections. Ortho Med insoles are designed to respond to these challenges, providing additional protection and comfort needed by people with diabetic feet. Their use can significantly contribute to improving the quality of life and preserving the health of the feet.<o:p><\/o:p><\/p>\n<h2><strong>High-quality materials for long-term comfort<\/strong><o:p><\/o:p><\/h2>\n<p>The materials used in making these insoles have been carefully selected for their softness, wear resistance and ability to retain shape and functionality over time. These materials ensure that the insoles provide long-term comfort and support, regardless of the intensity of use.<o:p><\/o:p><\/p>\n<h2><strong>Customization for individual needs<\/strong><o:p><\/o:p><\/h2>\n<p>Ortho Med insoles can be adapted to the specific needs of each user, taking into account the individual characteristics of their feet and the special requirements associated with diabetic condition. This personalization ensures maximum comfort and optimal support, tailored to your unique needs.<o:p><\/o:p><\/p>\n<p><strong>Ortho Med orthopedic insoles offer the perfect combination of maximum comfort and corrective support, specially designed for people with highly sensitive feet and diabetic feet. With advanced design, high-quality materials and the ability to adapt, these insoles help preserve foot health and improve the quality of life of people with diabetes.<\/strong><o:p><\/o:p><\/p>[\/et__pb_text][\/et_pb_column][et_ppp=_\u2033 __graphic type=\u201d2\u2033 _5_builder_version=\u201d4.16_module_preset=\u201ddefault\u201d global_colors_info=\u201d{}\u201d][et_pb_image src=\u201dhttps:\/\/www.ortopedski-ulo\u0161ci.hr\/wp-content\/uploads\/2024\/07\/Ortho-Balance-Dijabetes-tenisice.jpg\u201d title\u2033 _text=\u201dOrtho-Balance-Dijabetes-tenisice\u201d _builder_version=\u201d4.26.0|module|prebset=\u201ddefault\u201d border|radii=\u201don|p_15x_px_15px\u201d global_colors_info=___\ue052||||\u2033__.\u2019\u2019\u2019% preciznost\u201d use_icon=\u201don\u201d font_icon=\u201d\ue052||divi||400\u2033 image_icon_background_color=\u201dRGBA(0,0,0,0)\u201d icon_placement=\u201dleft\u201d _builder_version=\u201d4.26.0\u2033 _module_preset=\u201ddefault\u201d header_line_height=\u201d2.2em\u201d background_enable_color=\u201doff\u201d image_icon_custom_padding=\u201d5px|5px|5px|5px|true|true\u201d animation_direction=\u201dbottom\u201d animation=\u201doff\u201d global_colors_info=\u201d{}\u201d][\/et_pb_blurb][et_pb_blurb title=\u201dCAD\/CAM izrada\u201d use_icon=\u201don\u201d font_icon=\u201d\ue052||divi||400\u2033 image_icon_background_color=\u201dRGBA(0,0,0,0)\u201d icon_placement=\u201dleft\u201d _builder_version=\u201d4.26.0\u2033 _module_preset=\u201ddefault\u201d header_line_height=\u201d2.2em\u201d background_enable_color=\u201doff\u201d image_icon_custom_padding=\u201d5px|5px|5px|5px|true|true\u201d animation_direction=\u201dbottom\u201d animation=\u201doff\u201d global_colors_info=\u201d{}\u201d][\/et_pb_blurb][et_pb_blurb title=\u201dTOP Kvaliteta\u201d use_icon=\u201don\u201d font_icon=\u201d\ue052||divi||400\u2033 image_icon_background_color=\u201dRGBA(0,0,0,0)\u201d icon_placement=\u201dleft\u201d _builder_version=\u201d4.26.0\u2033 _module_preset=\u201ddefault\u201d header_line_height=\u201d2.2em\u201d background_enable_color=\u201doff\u201d image_icon_custom_padding=\u201d5px|5px|5px|5px|true|true\u201d animation_direction=\u201dbottom\u201d animation=\u201doff\u201d global_colors_info=\u201d{}\u201d][\/et_pb_blurb][et_pb_blurb title=\u201dBrzina isporuke\u201d use_icon=\u201don\u201d font_icon=\u201d\ue052||divi||400\u2033 image_icon_background_color=\u201dRGBA(0,0,0,0)\u201d icon_placement=\u201dleft\u201d _builder_version=\u201d4.26.0\u2033 _module_preset=\u201ddefault\u201d header_line_height=\u201d2.2em\u201d background_enable_color=\u201doff\u201d image_icon_custom_padding=\u201d5px|5px|5px|5px|true|true\u201d animation_direction=\u201dbottom\u201d animation=\u201doff\u201d global_colors_info=\u201d{}\u201d][\/et_pb_blurb][et_pb_divider color=\u201d#A1ACAA\" divider_weight=\"5px\" _builder_version=\"4.26.0\u2033 _module_preset=\"default\" global_colors_info=\"{}\"][\/et_pb_divider][et_pb_blurb title=\"Price: 140\u20ac\" use_icon=\"on\" font_icon=\"\"||fa||900\u2033 image_icon_width=\"43px\" _builder_version=\"4.26.0\u2033 _module_preset=\"default\" header_text_align=\"center\" header_font_size=\"26px\" body_font_size=\"14px\" hover_enabled=\"0\u2033 global_colors_info=\"{}\" sticky_enabled=\"0\u2033]<p style=\"text-align: center;\"><em>On 4 and more pairs of insoles are calculated 15% discounts.<br \/>For children up to 14 years of age or up to the number of legs 40 is calculated 20% discounts.<br \/>No discount is charged for the urgent production of insoles.<br \/>Diagnostics are not included in the price of insoles.<br \/>Discounts don't add up.<\/em><\/p>[\/et_pb_blurb][\/et_pb_column][\/et_pb_row][\/et_pb_section][et_pb_section fb_built=\u201d1\u2033 custom_padding_last_edited=\u201don|tablet\u201d _builder_version=\u201d4.16\u2033 _module_preset=\u201ddefault\u201d custom_padding=\u201d150px||||false|false\u201d custom_padding_tablet=\u201d75px||||false|false\u201d custom_padding_phone=\u201d75px||||false|false\u201d global_colors_info=\u201d{}\u201d][et_pb_row _builder_version=\u201d4.26.0\u2033 _module_preset=\u201ddefault\u201d global_colors_info=\u201d{}\u201d][et_pb_column type=\u201d4_4\u2033 _builder_version=\u201d4.16\u2033 _module_preset=\u201ddefault\u201d custom_padding_tablet=\u201d||50px||false|false\u201d custom_padding_phone=\u201d||50px||false|false\u201d custom_padding_last_edited=\u201don|tablet\u201d global_colors_info=\u201d{}\u201d][et_pb_text _builder_version=\u201d4.26.0\u2033 _module_preset=\u201ddefault\u201d header_2_font_size=\u201d40px\u201d text_orientation=\u201dcenter\u201d global_colors_info=\u201d{}\u201d]<h2>How to get orthopedic insoles?<\/h2>[\/et_pb_text][\/et_pb_column][\/et_pb_row][et_pb_row column_structure=\"1_4,1_4,1_4,1_4\u2032\u2032\u2032 _builder_version=\"4.26.0\u2032\u2032 _module_preset=\"default\" global_colors_info=\"{}\"][et_pb_column type=\"1_4\u2032\u2032\u2032 _builder_version=\"4.16\u2032\u2032 _module_preset=\"default\" custom_padding_tablet=\"frivolved50px defladesfalse\" custom_padding_phone=\"frivolved50px tacticalphadesivance\" custom_padding_last_edited=\"on modest\" global_colors_info=\"{}\"][et_pb_blurb title=\"Reservation termina\" font_icon=\" \u2047 \u03b8\u03b8fa\u03ce900\u2032\u2032 image_icon_background_color=\"#edf3ff\" image_icon_width=\"60px\" _builder_version=\"4.26.0\u2032\u2032 _module_preset=\"default\" header_text_align=\"center\" header_font_size=\"20px\" header_line_height=\"1.6em\" body_font=\"\u00fealitan3\" justifitanki\" body_text_align=\"center\" body_font_size=\"16px\" body_line_height=\"1.6em\" image_icon_custom_padding=\"35px contiguous35px contratrue\" animation_style=\"slide\" animation_direction=\"bottom\" animation_duration=\"750ms\" animation_starting_opacity=\"5050%\u2019 animation=\u2019off\u2019 border_radii_image=\u2019on\u266112px\u224812px\u224812px\u2019 global_colors_info=\u2019{}\u2019]<p><span><strong>Step 1<\/strong> is booking an appointment by phone or e-mail<\/span><\/p>[\/et_pb_blurb][\/et_pb_column][et_pb_column type=\"1_4\u2032\u2032 _builder_version=\"4.16\u2032\u2032 _module_preset=\"default\" custom_padding_tablet=\"\u00feie50px\u0436false\" custom_padding_phone=\"\u00feie50px\u00feiefalse\" custom_padding_last_edited=\"on\u21d0tablet\" global_colors_info=\"{}\"][et_pb_blurb title=\"Preview fizioterapeuta\" use_icon=\"on\"\"_ fonticon=\" \u2047  compativaturefa consent900\u2032\u2032\u2032 image_icon_background_color=\"#edf3ff\" image_icon_width=\"60px\" _builder_version=\"4.26.0\u2032\u2032 _module_preset=\"default\" header_text_align=\"center\" header_font_size=\"20px\" header_line_height=\"1.6em\" body_font=\"\u00fealitan3\" justifitanki\" body_text_align=\"center\" body_font_size=\"16px\" body_line_height=\"1.6em\" image_icon_custom_padding=\"35px contiguous35px contratrue\" animation_style=\"slide\" animation_direction=\"bottom\" animation_duration=\"750ms\" animation_starting_opacity=\"5050%\u2019 animation=\u2019off\u2019 border_radii_image=\u2019on\u266112px\u224812px\u224812px\u2019 global_colors_info=\u2019{}\u2019]<p><span><strong>Step 2<\/strong> a Detailed Review of Physiotherapists<\/span><\/p>[\/et_pb_blurb][\/et_pb_column][et_pb_column type=\"1_4\u2032\u2032 _builder_version=\"4.16\u2032\u2032 _module_preset=\"default\" custom_padding_tablet=\"\u00feie50px\u0436false\" custom_padding_phone=\"\u00feie50px\u0436false\" custom_padding_last_edited=\"on\u00feietablet\" global_colors_info=\"{}\"][et_pb_blurb title=\"Diagnostic center\" use_icon=\"on\" font_icon=\" \u2047  justifiablefa consent900\u2032\u2032 image_icon_back_groundcolor=\"#edf3ff\" image_icon_width=\"60px\" _builder_version=\"4.26.0\u2032\u2032 _module_preset=\"default\" header_text_align=\"center\" header_font_size=\"20px\" header_line_height=\"1.6em\" body_font=\"\u00fealitan3\" justifitanki\" body_text_align=\"center\" body_font_size=\"16px\" body_line_height=\"1.6em\" image_icon_custom_padding=\"35px contiguous35px contratrue\" animation_style=\"slide\" animation_direction=\"bottom\" animation_duration=\"750ms\" animation_starting_opacity=\"5050%\u2019 animation=\u2019off\u2019 border_radii_image=\u2019on\u266112px\u224812px\u224812px\u2019 global_colors_info=\u2019{}\u2019]<p><span><strong>Step 3<\/strong> a Digital and 3D Analysis of Your Feet<\/span><\/p>[\/et_pb_blurb][\/et_pb_column][et_pb_column type=\"1_4\u2032\u2032 _builder_version=\"4.16\u2032\u2032 _module_preset=\"default\" global_colors_info=\"{}\"][et_pb_blurb title=\"Creation of cartridges\" use_icon=\"on\" font_icon=\" \u2047  eradicatingfa 19.900\u2032\u2032\u2032 image_icon_background_color=\"#edf3ff\" image_icon_width=\"60px\" _builder_version=\"4.26.0\u2032\u2032 _module_preset=\"default\" header_text_align=\"center\" header_font_size=\"20px\" header_line_height=\"1.6em\" body_font=\"\u00fealitan3\" justifitanki\" body_text_align=\"center\" body_font_size=\"16px\" body_line_height=\"1.6em\" image_icon_custom_padding=\"35px contiguous35px contratrue\" animation_style=\"slide\" animation_direction=\"bottom\" animation_duration=\"750ms\" animation_starting_opacity=\"5050%\u2019 animation=\u2019off\u2019 border_radii_image=\u2019on\u266112px\u224812px\u224812px\u2019 global_colors_info=\u2019{}\u2019]<p><span><strong>Step 4<\/strong> is the manufacture of insoles through CAD \/ CAM technology<\/span><\/p>[\/et_pb_blurb][\/et_pb_column][\/et_pb_row][\/et_pb_section]","protected":false},"excerpt":{"rendered":"<p>Ortho MedMaximum comfort and corrective support for highly sensitive feet Ortho Med orthopedic insoles are specially designed for people with highly sensitive feet and diabetic feet. These insoles provide maximum comfort and optimal corrective support, which is extremely important for maintaining foot health in people with diabetes. Advanced design for sensitive feet Insoles are made of high quality, [\u2026]<\/p>","protected":false},"author":1,"featured_media":0,"parent":99795,"menu_order":4,"comment_status":"closed","ping_status":"closed","template":"","meta":{"_et_pb_use_builder":"on","_et_pb_old_content":"","_et_gb_content_width":"","footnotes":""},"class_list":["post-99827","page","type-page","status-publish","hentry"],"yoast_head":"<!-- This site is optimized with the Yoast SEO plugin v26.8 - https:\/\/yoast.com\/product\/yoast-seo-wordpress\/ -->\n<title>Ortho Med - ORTHO BALANCE<\/title>\n<meta name=\"robots\" content=\"index, follow, max-snippet:-1, max-image-preview:large, max-video-preview:-1\" \/>\n<link rel=\"canonical\" href=\"https:\/\/www.ortopedski-ulosci.hr\/en\/ortopedski-ulosci\/ortho-med\/\" \/>\n<meta property=\"og:locale\" content=\"en_GB\" \/>\n<meta property=\"og:type\" content=\"article\" \/>\n<meta property=\"og:title\" content=\"Ortho Med - ORTHO BALANCE\" \/>\n<meta property=\"og:description\" content=\"Ortho MedMaksimalna udobnost i korektivna potpora za visokoosjetljiva stopala Ortho Med ortopedski ulo\u0161ci posebno su dizajnirani za osobe s visokoosjetljivim stopalima i dijabeti\u010dkim stopalima. Ovi ulo\u0161ci pru\u017eaju maksimalnu udobnost i optimalnu korektivnu potporu, \u0161to je izuzetno va\u017eno za o\u010duvanje zdravlja stopala kod osoba s dijabetesom. Napredni dizajn za osjetljiva stopala Ulo\u0161ci su izra\u0111eni od visokokvalitetnih, [&hellip;]\" \/>\n<meta property=\"og:url\" content=\"https:\/\/www.ortopedski-ulosci.hr\/en\/ortopedski-ulosci\/ortho-med\/\" \/>\n<meta property=\"og:site_name\" content=\"ORTHO BALANCE\" \/>\n<meta property=\"article:publisher\" content=\"https:\/\/www.facebook.com\/bodybalanceZG\/?locale=hr_HR\" \/>\n<meta property=\"article:modified_time\" content=\"2026-01-02T16:33:38+00:00\" \/>\n<meta property=\"og:image\" content=\"https:\/\/www.ortopedski-ulosci.hr\/wp-content\/uploads\/2024\/07\/Ortopedski-ulosci-OrthoBalance-14.jpg\" \/>\n\t<meta property=\"og:image:width\" content=\"1200\" \/>\n\t<meta property=\"og:image:height\" content=\"600\" \/>\n\t<meta property=\"og:image:type\" content=\"image\/jpeg\" \/>\n<meta name=\"twitter:card\" content=\"summary_large_image\" \/>\n<meta name=\"twitter:label1\" content=\"Estimated reading time\" \/>\n\t<meta name=\"twitter:data1\" content=\"3 minutes\" \/>\n<script type=\"application\/ld+json\" class=\"yoast-schema-graph\">{\"@context\":\"https:\/\/schema.org\",\"@graph\":[{\"@type\":\"WebPage\",\"@id\":\"https:\/\/www.ortopedski-ulosci.hr\/hr\/ortopedski-ulosci\/ortho-med\/\",\"url\":\"https:\/\/www.ortopedski-ulosci.hr\/hr\/ortopedski-ulosci\/ortho-med\/\",\"name\":\"Ortho Med - ORTHO BALANCE\",\"isPartOf\":{\"@id\":\"https:\/\/www.ortopedski-ulosci.hr\/#website\"},\"datePublished\":\"2024-07-19T07:45:51+00:00\",\"dateModified\":\"2026-01-02T16:33:38+00:00\",\"breadcrumb\":{\"@id\":\"https:\/\/www.ortopedski-ulosci.hr\/hr\/ortopedski-ulosci\/ortho-med\/#breadcrumb\"},\"inLanguage\":\"en-GB\",\"potentialAction\":[{\"@type\":\"ReadAction\",\"target\":[\"https:\/\/www.ortopedski-ulosci.hr\/hr\/ortopedski-ulosci\/ortho-med\/\"]}]},{\"@type\":\"BreadcrumbList\",\"@id\":\"https:\/\/www.ortopedski-ulosci.hr\/hr\/ortopedski-ulosci\/ortho-med\/#breadcrumb\",\"itemListElement\":[{\"@type\":\"ListItem\",\"position\":1,\"name\":\"Po\u010detna stranica\",\"item\":\"https:\/\/www.ortopedski-ulosci.hr\/hr\/\"},{\"@type\":\"ListItem\",\"position\":2,\"name\":\"Ortopedski ulo\u0161ci\",\"item\":\"https:\/\/www.ortopedski-ulosci.hr\/hr\/ortopedski-ulosci\/\"},{\"@type\":\"ListItem\",\"position\":3,\"name\":\"Ortho Med\"}]},{\"@type\":\"WebSite\",\"@id\":\"https:\/\/www.ortopedski-ulosci.hr\/#website\",\"url\":\"https:\/\/www.ortopedski-ulosci.hr\/\",\"name\":\"ORTHO BALANCE\",\"description\":\"Personalizirani ortopedski ulo\u0161ci\",\"publisher\":{\"@id\":\"https:\/\/www.ortopedski-ulosci.hr\/#organization\"},\"alternateName\":\"ortopedski-ulosci.hr\",\"potentialAction\":[{\"@type\":\"SearchAction\",\"target\":{\"@type\":\"EntryPoint\",\"urlTemplate\":\"https:\/\/www.ortopedski-ulosci.hr\/?s={search_term_string}\"},\"query-input\":{\"@type\":\"PropertyValueSpecification\",\"valueRequired\":true,\"valueName\":\"search_term_string\"}}],\"inLanguage\":\"en-GB\"},{\"@type\":\"Organization\",\"@id\":\"https:\/\/www.ortopedski-ulosci.hr\/#organization\",\"name\":\"ORTHO BALANCE\",\"url\":\"https:\/\/www.ortopedski-ulosci.hr\/\",\"logo\":{\"@type\":\"ImageObject\",\"inLanguage\":\"en-GB\",\"@id\":\"https:\/\/www.ortopedski-ulosci.hr\/#\/schema\/logo\/image\/\",\"url\":\"https:\/\/www.ortopedski-ulosci.hr\/wp-content\/uploads\/2024\/07\/orthobalance.png\",\"contentUrl\":\"https:\/\/www.ortopedski-ulosci.hr\/wp-content\/uploads\/2024\/07\/orthobalance.png\",\"width\":600,\"height\":200,\"caption\":\"ORTHO BALANCE\"},\"image\":{\"@id\":\"https:\/\/www.ortopedski-ulosci.hr\/#\/schema\/logo\/image\/\"},\"sameAs\":[\"https:\/\/www.facebook.com\/bodybalanceZG\/?locale=hr_HR\",\"https:\/\/www.instagram.com\/poliklinikamedicalbodybalance\/\"]}]}<\/script>\n<!-- \/ Yoast SEO plugin. -->","yoast_head_json":{"title":"Ortho Med - ORTHO BALANCE","robots":{"index":"index","follow":"follow","max-snippet":"max-snippet:-1","max-image-preview":"max-image-preview:large","max-video-preview":"max-video-preview:-1"},"canonical":"https:\/\/www.ortopedski-ulosci.hr\/en\/ortopedski-ulosci\/ortho-med\/","og_locale":"en_GB","og_type":"article","og_title":"Ortho Med - ORTHO BALANCE","og_description":"Ortho MedMaksimalna udobnost i korektivna potpora za visokoosjetljiva stopala Ortho Med ortopedski ulo\u0161ci posebno su dizajnirani za osobe s visokoosjetljivim stopalima i dijabeti\u010dkim stopalima. Ovi ulo\u0161ci pru\u017eaju maksimalnu udobnost i optimalnu korektivnu potporu, \u0161to je izuzetno va\u017eno za o\u010duvanje zdravlja stopala kod osoba s dijabetesom. Napredni dizajn za osjetljiva stopala Ulo\u0161ci su izra\u0111eni od visokokvalitetnih, [&hellip;]","og_url":"https:\/\/www.ortopedski-ulosci.hr\/en\/ortopedski-ulosci\/ortho-med\/","og_site_name":"ORTHO BALANCE","article_publisher":"https:\/\/www.facebook.com\/bodybalanceZG\/?locale=hr_HR","article_modified_time":"2026-01-02T16:33:38+00:00","og_image":[{"width":1200,"height":600,"url":"https:\/\/www.ortopedski-ulosci.hr\/wp-content\/uploads\/2024\/07\/Ortopedski-ulosci-OrthoBalance-14.jpg","type":"image\/jpeg"}],"twitter_card":"summary_large_image","twitter_misc":{"Estimated reading time":"3 minutes"},"schema":{"@context":"https:\/\/schema.org","@graph":[{"@type":"WebPage","@id":"https:\/\/www.ortopedski-ulosci.hr\/hr\/ortopedski-ulosci\/ortho-med\/","url":"https:\/\/www.ortopedski-ulosci.hr\/hr\/ortopedski-ulosci\/ortho-med\/","name":"Ortho Med - ORTHO BALANCE","isPartOf":{"@id":"https:\/\/www.ortopedski-ulosci.hr\/#website"},"datePublished":"2024-07-19T07:45:51+00:00","dateModified":"2026-01-02T16:33:38+00:00","breadcrumb":{"@id":"https:\/\/www.ortopedski-ulosci.hr\/hr\/ortopedski-ulosci\/ortho-med\/#breadcrumb"},"inLanguage":"en-GB","potentialAction":[{"@type":"ReadAction","target":["https:\/\/www.ortopedski-ulosci.hr\/hr\/ortopedski-ulosci\/ortho-med\/"]}]},{"@type":"BreadcrumbList","@id":"https:\/\/www.ortopedski-ulosci.hr\/hr\/ortopedski-ulosci\/ortho-med\/#breadcrumb","itemListElement":[{"@type":"ListItem","position":1,"name":"Po\u010detna stranica","item":"https:\/\/www.ortopedski-ulosci.hr\/hr\/"},{"@type":"ListItem","position":2,"name":"Ortopedski ulo\u0161ci","item":"https:\/\/www.ortopedski-ulosci.hr\/hr\/ortopedski-ulosci\/"},{"@type":"ListItem","position":3,"name":"Ortho Med"}]},{"@type":"WebSite","@id":"https:\/\/www.ortopedski-ulosci.hr\/#website","url":"https:\/\/www.ortopedski-ulosci.hr\/","name":"ORTHO BALANCE","description":"Personalizirani ortopedski ulo\u0161ci","publisher":{"@id":"https:\/\/www.ortopedski-ulosci.hr\/#organization"},"alternateName":"ortopedski-ulosci.hr","potentialAction":[{"@type":"SearchAction","target":{"@type":"EntryPoint","urlTemplate":"https:\/\/www.ortopedski-ulosci.hr\/?s={search_term_string}"},"query-input":{"@type":"PropertyValueSpecification","valueRequired":true,"valueName":"search_term_string"}}],"inLanguage":"en-GB"},{"@type":"Organization","@id":"https:\/\/www.ortopedski-ulosci.hr\/#organization","name":"ORTHO BALANCE","url":"https:\/\/www.ortopedski-ulosci.hr\/","logo":{"@type":"ImageObject","inLanguage":"en-GB","@id":"https:\/\/www.ortopedski-ulosci.hr\/#\/schema\/logo\/image\/","url":"https:\/\/www.ortopedski-ulosci.hr\/wp-content\/uploads\/2024\/07\/orthobalance.png","contentUrl":"https:\/\/www.ortopedski-ulosci.hr\/wp-content\/uploads\/2024\/07\/orthobalance.png","width":600,"height":200,"caption":"ORTHO BALANCE"},"image":{"@id":"https:\/\/www.ortopedski-ulosci.hr\/#\/schema\/logo\/image\/"},"sameAs":["https:\/\/www.facebook.com\/bodybalanceZG\/?locale=hr_HR","https:\/\/www.instagram.com\/poliklinikamedicalbodybalance\/"]}]}},"_links":{"self":[{"href":"https:\/\/www.ortopedski-ulosci.hr\/en\/wp-json\/wp\/v2\/pages\/99827","targetHints":{"allow":["GET"]}}],"collection":[{"href":"https:\/\/www.ortopedski-ulosci.hr\/en\/wp-json\/wp\/v2\/pages"}],"about":[{"href":"https:\/\/www.ortopedski-ulosci.hr\/en\/wp-json\/wp\/v2\/types\/page"}],"author":[{"embeddable":true,"href":"https:\/\/www.ortopedski-ulosci.hr\/en\/wp-json\/wp\/v2\/users\/1"}],"replies":[{"embeddable":true,"href":"https:\/\/www.ortopedski-ulosci.hr\/en\/wp-json\/wp\/v2\/comments?post=99827"}],"version-history":[{"count":7,"href":"https:\/\/www.ortopedski-ulosci.hr\/en\/wp-json\/wp\/v2\/pages\/99827\/revisions"}],"predecessor-version":[{"id":100179,"href":"https:\/\/www.ortopedski-ulosci.hr\/en\/wp-json\/wp\/v2\/pages\/99827\/revisions\/100179"}],"up":[{"embeddable":true,"href":"https:\/\/www.ortopedski-ulosci.hr\/en\/wp-json\/wp\/v2\/pages\/99795"}],"wp:attachment":[{"href":"https:\/\/www.ortopedski-ulosci.hr\/en\/wp-json\/wp\/v2\/media?parent=99827"}],"curies":[{"name":"wp","href":"https:\/\/api.w.org\/{rel}","templated":true}]}}