{"id":99819,"date":"2024-07-19T07:31:49","date_gmt":"2024-07-19T07:31:49","guid":{"rendered":"https:\/\/www.ortopedski-ulosci.hr\/?page_id=99819"},"modified":"2026-01-02T16:33:14","modified_gmt":"2026-01-02T16:33:14","slug":"ortho-comfort","status":"publish","type":"page","link":"https:\/\/www.ortopedski-ulosci.hr\/en\/ortopedski-ulosci\/ortho-comfort\/","title":{"rendered":"Ortho Comfort"},"content":{"rendered":"[et_pb_section fb_built=\"1\u2032\u2032 _builder_version=\"4.26.0\u2032\u2032 _module_preset=\"default\" background_color=\"#0057ff\u2019 background_image=\u2019https:\/\/www.ortopedski-ulo\u0161ci.hr\/wp-content\/uploads\/2024\/07\/Ortho-Balance-Background2.jpg\u2019 top_divider_color=\u2019#FFFFFF\" top_divider_height=\"50px\" box_shadow_style=\"preset6\u2032\u2032 box_shadow_blur=\"25px\" box_shadow_color=\"rgba(0.0.0.0.2)\" global_colors_info=\"{}\"][et_pb_row _builder_version=\"4.16\u2032\u2032 _module_preset=\"default\" global_colors_info=\"{}\"][et_pb_column type=\"4_4_4\u2032 _builder_version=\"4.16\u2032 _module_preset=\"default\" global_colors_info=\"{}][et_pb_text _builder_version=\"4.26.0\u2032 _module_preset=\"default\" header_text_align=\"center\" header_text_color=\"#FFFFFF\u2019 header_font_size=\u201962px\u2019 header_2_text_align=\u2019center\u2019 header_2_text_color=\u2019#FFFFFF\" header_2_font_size=\"40px\" hover_enabled=\"0\u2032\u2032 global_colors_info=\"{}\" sticky_enabled=\"0\u2032\u2032]<h1><strong>Ortho Comfort<\/strong><\/h1>[\/et_pb_text][\/et_pb_column][\/et_pb_row][\/et_pb_section][et_pb_section fb_built=\"1\u2032\u2032 _builder_version=\"4.16\u2032\u2032 _module_preset=\"default\" global_colors_info=\"{}\"][et_pb_row column_structure=\"3_5,2_5\u2032\u2032 _builder_version=\"4.26.0\u2032\u2032 _module_preset=\"default\" hover_enabled=\"0\u2032\u2032 global_colors_info=\"{}\" sticky_enabled=\"0\u2032\u2032][et_pb_column type=\"3_5\u2032\u2032 _builder_version=\"4.16\u2032\u2032 _module_preset=\"default\" global_colors_info=\"{}\"][et_p_btext_builder_=\"<h2><strong>Superior comfort and corrective function<\/strong><o:p><\/o:p><\/h2>\n<p>Ortho Comfort orthopedic insoles are designed to provide maximum comfort and optimal corrective function. These insoles are perfect for people looking for comfort and support during everyday activities, whether they are standing a lot, walking or simply prefer softer shoes.<o:p><\/o:p><\/p>\n<h2><strong>Ergonomic design for exceptional comfort<\/strong><o:p><\/o:p><\/h2>\n<p>Using the latest technologies and high-quality materials, Ortho Comfort cartridges offer outstanding comfort that lasts all day. The ergonomic design allows even weight distribution throughout the foot, reducing pressure on critical points and preventing the occurrence of pain and discomfort.<o:p><\/o:p><\/p>\n<h2><strong>Corrective function for healthier feet<\/strong><o:p><\/o:p><\/h2>\n<p>In addition to superior comfort, these insoles also have a corrective function that helps correct gait and posture irregularities. Corrective function of the insoles helps maintain proper foot biomechanics, reducing the risk of injury and improving overall stability.<o:p><\/o:p><\/p>\n<h2><strong>Intended for people who stand or walk a lot<\/strong><o:p><\/o:p><\/h2>\n<p>Ortho Comfort insoles are ideal for people who spend a lot of time on their feet. Whether you work at a job that requires prolonged standing, walk frequently or simply move more than average, these insoles will provide you with the necessary support and comfort. They are especially useful for those who have sensitive feet or prefer softer shoes.<o:p><\/o:p><\/p>\n<h2><strong>Softer materials for added comfort<\/strong><o:p><\/o:p><\/h2>\n<p>These orthopedic insoles are made of softer materials that provide additional comfort and depreciation. The materials used in the manufacture of the insoles have been carefully selected for their ability to retain shape and functionality, ensuring long-term support and comfort.<o:p><\/o:p><\/p>\n<h2><strong>Customization and personalization<\/strong><o:p><\/o:p><\/h2>\n<p>Ortho Comfort cartridges can be adapted to the specific needs of each user. Personalization of cartridges ensures maximum comfort and optimal support, tailored to your unique needs. This flexibility allows the cartridges to fit your feet perfectly, regardless of shape or size.<o:p><\/o:p><\/p>\n<p><strong>Ortho Comfort orthopedic insoles provide the perfect combination of comfort and corrective function. They are ideal for people who are standing or walking a lot and prefer softer shoes. With superior comfort, corrective function and adaptability, these insoles ensure that your feet are healthy and happy throughout the day.<\/strong><o:p><\/o:p><\/p>[\/et_pb_text][\/et_pb_column][et_pb_column type=\u20192_5\u2019\u2019_builder_version=\u20194.16\u2019\u2019_module_preset=\u2019default\u2019 global_colors_info=\u2019{}\u2019][et_pb_image src=\u2019https:\/\/www.ortopedski-ulo\u0161ci.hr\/wp-content\/uploads\/2024\/07\/Ortho-Balance-Comfort-Tenisice.jpg\u2019 title_text=\u2019Ortho-Balance-Comfort-Tenisice\u2019_builder_version=\u20194.26.0\u2019\u2019_pbl_ur title_preset=\u2019default\u2019 border_radii=\u2019on|15px|15px|15px\u2019px\u2019 global_colors_info=\u2019{\u2019][et_pbage_p% precision\u2019 use_icon=\u2018on\u2019 font_icon=\u2019 \u2047 |divi|400\u2032\u2032 image_icon_background_color=\u2019RGBA(0,0,0,0)\u2019 icon_placement=\u2019left\u2019 _builder_version=\u20194.26.0\u2019\u2019 _module_preset=\u2019default\u2019 header_line_height=\u20192.2em\u2019 background_enable_color=\u2019off\u2019 image_icon_custom_padding=\u20195px|5px|5px|true\u2019 animation_direction=\u2019bottom\u2019 animation=\u2019off\u2019 global_colors_info=\u2019{}\u2019][\/et_p_blurb][et_pb_blurb title=\u2019CAD\/CAM making\u2019 use_icon=\u2019on\u2019 font_icon=\u2019===\u2019obobuse\u2019#A1ACAA\u2019 divider_weight=\u20195px\u2019 _builder_version=\u20194.26.0\u2032\u2019 _module_preset=\u2019default\u2019 global_colors_info=\u2019{}\u2019][\/et_pb_divider][et_pb_blurb title=\u2019Price: 140\u20ac\" use_icon=\"on\" font_icon=\"||fa|900\u2032\u2032 image_icon_width=\"43px\" _builder_version=\"4.26.0\u2032\u2032 _module_preset=\"default\" header_text_align=\"center\" header_font_size=\"26px\" body_font_size=\"14px\" hover_enabled=\"0\u2032\u2032 global_colors_info=\"{}\" sticky_enabled=\"0\u2032\u2032]<p style=\"text-align: center;\"><em>On 4 and more pairs of insoles are calculated 15% discounts.<br \/>For children up to 14 years of age or up to the number of legs 40 is calculated 20% discounts.<br \/>No discount is charged for the urgent production of insoles.<br \/>Diagnostics are not included in the price of insoles.<br \/>Discounts don't add up.<\/em><\/p>[\/et_pb_blurb][\/et_pb_column][\/et_pb_row][\/et_pb_section][et_pb_section fb_built=\u201d1\u2033 custom_padding_last_edited=\u201don|tablet\u201d _builder_version=\u201d4.16\u2033 _module_preset=\u201ddefault\u201d custom_padding=\u201d150px||||false|false\u201d custom_padding_tablet=\u201d75px||||false|false\u201d custom_padding_phone=\u201d75px||||false|false\u201d global_colors_info=\u201d{}\u201d][et_pb_row _builder_version=\u201d4.26.0\u2033 _module_preset=\u201ddefault\u201d global_colors_info=\u201d{}\u201d][et_pb_column type=\u201d4_4\u2033 _builder_version=\u201d4.16\u2033 _module_preset=\u201ddefault\u201d custom_padding_tablet=\u201d||50px||false|false\u201d custom_padding_phone=\u201d||50px||false|false\u201d custom_padding_last_edited=\u201don|tablet\u201d global_colors_info=\u201d{}\u201d][et_pb_text _builder_version=\u201d4.26.0\u2033 _module_preset=\u201ddefault\u201d header_2_font_size=\u201d40px\u201d text_orientation=\u201dcenter\u201d global_colors_info=\u201d{}\u201d]<h2>How to get orthopedic insoles?<\/h2>[\/et_pb_text][\/et_pb_column][\/et_pb_row][et_pb_row column_structure=\"1_4,1_4,1_4,1_4\u2032\u2032\u2032 _builder_version=\"4.26.0\u2032\u2032 _module_preset=\"default\" global_colors_info=\"{}\"][et_pb_column type=\"1_4\u2032\u2032\u2032 _builder_version=\"4.16\u2032\u2032 _module_preset=\"default\" custom_padding_tablet=\"frivolved50px defladesfalse\" custom_padding_phone=\"frivolved50px tacticalphadesivance\" custom_padding_last_edited=\"on modest\" global_colors_info=\"{}\"][et_pb_blurb title=\"Reservation termina\" font_icon=\" \u2047 \u03b8\u03b8fa\u03ce900\u2032\u2032 image_icon_background_color=\"#edf3ff\" image_icon_width=\"60px\" _builder_version=\"4.26.0\u2032\u2032 _module_preset=\"default\" header_text_align=\"center\" header_font_size=\"20px\" header_line_height=\"1.6em\" body_font=\"\u00fealitan3\" justifitanki\" body_text_align=\"center\" body_font_size=\"16px\" body_line_height=\"1.6em\" image_icon_custom_padding=\"35px contiguous35px contratrue\" animation_style=\"slide\" animation_direction=\"bottom\" animation_duration=\"750ms\" animation_starting_opacity=\"5050%\u2019 animation=\u2019off\u2019 border_radii_image=\u2019on\u266112px\u224812px\u224812px\u2019 global_colors_info=\u2019{}\u2019]<p><span><strong>Step 1<\/strong> is booking an appointment by phone or e-mail<\/span><\/p>[\/et_pb_blurb][\/et_pb_column][et_pb_column type=\"1_4\u2032\u2032 _builder_version=\"4.16\u2032\u2032 _module_preset=\"default\" custom_padding_tablet=\"\u00feie50px\u0436false\" custom_padding_phone=\"\u00feie50px\u00feiefalse\" custom_padding_last_edited=\"on\u21d0tablet\" global_colors_info=\"{}\"][et_pb_blurb title=\"Preview fizioterapeuta\" use_icon=\"on\"\"_ fonticon=\" \u2047  compativaturefa consent900\u2032\u2032\u2032 image_icon_background_color=\"#edf3ff\" image_icon_width=\"60px\" _builder_version=\"4.26.0\u2032\u2032 _module_preset=\"default\" header_text_align=\"center\" header_font_size=\"20px\" header_line_height=\"1.6em\" body_font=\"\u00fealitan3\" justifitanki\" body_text_align=\"center\" body_font_size=\"16px\" body_line_height=\"1.6em\" image_icon_custom_padding=\"35px contiguous35px contratrue\" animation_style=\"slide\" animation_direction=\"bottom\" animation_duration=\"750ms\" animation_starting_opacity=\"5050%\u2019 animation=\u2019off\u2019 border_radii_image=\u2019on\u266112px\u224812px\u224812px\u2019 global_colors_info=\u2019{}\u2019]<p><span><strong>Step 2<\/strong> a Detailed Review of Physiotherapists<\/span><\/p>[\/et_pb_blurb][\/et_pb_column][et_pb_column type=\"1_4\u2032\u2032 _builder_version=\"4.16\u2032\u2032 _module_preset=\"default\" custom_padding_tablet=\"\u00feie50px\u0436false\" custom_padding_phone=\"\u00feie50px\u0436false\" custom_padding_last_edited=\"on\u00feietablet\" global_colors_info=\"{}\"][et_pb_blurb title=\"Diagnostic center\" use_icon=\"on\" font_icon=\" \u2047  justifiablefa consent900\u2032\u2032 image_icon_back_groundcolor=\"#edf3ff\" image_icon_width=\"60px\" _builder_version=\"4.26.0\u2032\u2032 _module_preset=\"default\" header_text_align=\"center\" header_font_size=\"20px\" header_line_height=\"1.6em\" body_font=\"\u00fealitan3\" justifitanki\" body_text_align=\"center\" body_font_size=\"16px\" body_line_height=\"1.6em\" image_icon_custom_padding=\"35px contiguous35px contratrue\" animation_style=\"slide\" animation_direction=\"bottom\" animation_duration=\"750ms\" animation_starting_opacity=\"5050%\u2019 animation=\u2019off\u2019 border_radii_image=\u2019on\u266112px\u224812px\u224812px\u2019 global_colors_info=\u2019{}\u2019]<p><span><strong>Step 3<\/strong> a Digital and 3D Analysis of Your Feet<\/span><\/p>[\/et_pb_blurb][\/et_pb_column][et_pb_column type=\"1_4\u2032\u2032 _builder_version=\"4.16\u2032\u2032 _module_preset=\"default\" global_colors_info=\"{}\"][et_pb_blurb title=\"Creation of cartridges\" use_icon=\"on\" font_icon=\" \u2047  eradicatingfa 19.900\u2032\u2032\u2032 image_icon_background_color=\"#edf3ff\" image_icon_width=\"60px\" _builder_version=\"4.26.0\u2032\u2032 _module_preset=\"default\" header_text_align=\"center\" header_font_size=\"20px\" header_line_height=\"1.6em\" body_font=\"\u00fealitan3\" justifitanki\" body_text_align=\"center\" body_font_size=\"16px\" body_line_height=\"1.6em\" image_icon_custom_padding=\"35px contiguous35px contratrue\" animation_style=\"slide\" animation_direction=\"bottom\" animation_duration=\"750ms\" animation_starting_opacity=\"5050%\u2019 animation=\u2019off\u2019 border_radii_image=\u2019on\u266112px\u224812px\u224812px\u2019 global_colors_info=\u2019{}\u2019]<p><span><strong>Step 4<\/strong> is the manufacture of insoles through CAD \/ CAM technology<\/span><\/p>[\/et_pb_blurb][\/et_pb_column][\/et_pb_row][\/et_pb_section]","protected":false},"excerpt":{"rendered":"<p>Ortho ComfortSpecial comfort and corrective function Ortho Comfort orthopedic insoles are designed to provide maximum comfort and optimal corrective function. These insoles are perfect for people looking for comfort and support during everyday activities, whether they are standing a lot, walking or simply prefer softer shoes. Ergonomic design for outstanding comfort Using the latest technologies and high quality materials, [...]<\/p>","protected":false},"author":1,"featured_media":0,"parent":99795,"menu_order":3,"comment_status":"closed","ping_status":"closed","template":"","meta":{"_et_pb_use_builder":"on","_et_pb_old_content":"","_et_gb_content_width":"","footnotes":""},"class_list":["post-99819","page","type-page","status-publish","hentry"],"yoast_head":"<!-- This site is optimized with the Yoast SEO plugin v26.8 - https:\/\/yoast.com\/product\/yoast-seo-wordpress\/ -->\n<title>Ortho Comfort - ORTHO BALANCE<\/title>\n<meta name=\"robots\" content=\"index, follow, max-snippet:-1, max-image-preview:large, max-video-preview:-1\" \/>\n<link rel=\"canonical\" href=\"https:\/\/www.ortopedski-ulosci.hr\/en\/ortopedski-ulosci\/ortho-comfort\/\" \/>\n<meta property=\"og:locale\" content=\"en_GB\" \/>\n<meta property=\"og:type\" content=\"article\" \/>\n<meta property=\"og:title\" content=\"Ortho Comfort - ORTHO BALANCE\" \/>\n<meta property=\"og:description\" content=\"Ortho ComfortVrhunska udobnost i korektivna funkcija Ortho Comfort ortopedski ulo\u0161ci dizajnirani su za pru\u017eanje maksimalne udobnosti i optimalne korektivne funkcije. Ovi ulo\u0161ci savr\u0161eni su za osobe koje tra\u017ee udobnost i podr\u0161ku tijekom svakodnevnih aktivnosti, bilo da puno stoje, hodaju ili jednostavno preferiraju mek\u0161u obu\u0107u. Ergonomski dizajn za izvanrednu udobnost Kori\u0161tenjem najnovijih tehnologija i visokokvalitetnih materijala, [&hellip;]\" \/>\n<meta property=\"og:url\" content=\"https:\/\/www.ortopedski-ulosci.hr\/en\/ortopedski-ulosci\/ortho-comfort\/\" \/>\n<meta property=\"og:site_name\" content=\"ORTHO BALANCE\" \/>\n<meta property=\"article:publisher\" content=\"https:\/\/www.facebook.com\/bodybalanceZG\/?locale=hr_HR\" \/>\n<meta property=\"article:modified_time\" content=\"2026-01-02T16:33:14+00:00\" \/>\n<meta property=\"og:image\" content=\"https:\/\/www.ortopedski-ulosci.hr\/wp-content\/uploads\/2024\/07\/Ortopedski-ulosci-OrthoBalance-14.jpg\" \/>\n\t<meta property=\"og:image:width\" content=\"1200\" \/>\n\t<meta property=\"og:image:height\" content=\"600\" \/>\n\t<meta property=\"og:image:type\" content=\"image\/jpeg\" \/>\n<meta name=\"twitter:card\" content=\"summary_large_image\" \/>\n<meta name=\"twitter:label1\" content=\"Estimated reading time\" \/>\n\t<meta name=\"twitter:data1\" content=\"3 minutes\" \/>\n<script type=\"application\/ld+json\" class=\"yoast-schema-graph\">{\"@context\":\"https:\/\/schema.org\",\"@graph\":[{\"@type\":\"WebPage\",\"@id\":\"https:\/\/www.ortopedski-ulosci.hr\/hr\/ortopedski-ulosci\/ortho-comfort\/\",\"url\":\"https:\/\/www.ortopedski-ulosci.hr\/hr\/ortopedski-ulosci\/ortho-comfort\/\",\"name\":\"Ortho Comfort - ORTHO BALANCE\",\"isPartOf\":{\"@id\":\"https:\/\/www.ortopedski-ulosci.hr\/#website\"},\"datePublished\":\"2024-07-19T07:31:49+00:00\",\"dateModified\":\"2026-01-02T16:33:14+00:00\",\"breadcrumb\":{\"@id\":\"https:\/\/www.ortopedski-ulosci.hr\/hr\/ortopedski-ulosci\/ortho-comfort\/#breadcrumb\"},\"inLanguage\":\"en-GB\",\"potentialAction\":[{\"@type\":\"ReadAction\",\"target\":[\"https:\/\/www.ortopedski-ulosci.hr\/hr\/ortopedski-ulosci\/ortho-comfort\/\"]}]},{\"@type\":\"BreadcrumbList\",\"@id\":\"https:\/\/www.ortopedski-ulosci.hr\/hr\/ortopedski-ulosci\/ortho-comfort\/#breadcrumb\",\"itemListElement\":[{\"@type\":\"ListItem\",\"position\":1,\"name\":\"Po\u010detna stranica\",\"item\":\"https:\/\/www.ortopedski-ulosci.hr\/hr\/\"},{\"@type\":\"ListItem\",\"position\":2,\"name\":\"Ortopedski ulo\u0161ci\",\"item\":\"https:\/\/www.ortopedski-ulosci.hr\/hr\/ortopedski-ulosci\/\"},{\"@type\":\"ListItem\",\"position\":3,\"name\":\"Ortho Comfort\"}]},{\"@type\":\"WebSite\",\"@id\":\"https:\/\/www.ortopedski-ulosci.hr\/#website\",\"url\":\"https:\/\/www.ortopedski-ulosci.hr\/\",\"name\":\"ORTHO BALANCE\",\"description\":\"Personalizirani ortopedski ulo\u0161ci\",\"publisher\":{\"@id\":\"https:\/\/www.ortopedski-ulosci.hr\/#organization\"},\"alternateName\":\"ortopedski-ulosci.hr\",\"potentialAction\":[{\"@type\":\"SearchAction\",\"target\":{\"@type\":\"EntryPoint\",\"urlTemplate\":\"https:\/\/www.ortopedski-ulosci.hr\/?s={search_term_string}\"},\"query-input\":{\"@type\":\"PropertyValueSpecification\",\"valueRequired\":true,\"valueName\":\"search_term_string\"}}],\"inLanguage\":\"en-GB\"},{\"@type\":\"Organization\",\"@id\":\"https:\/\/www.ortopedski-ulosci.hr\/#organization\",\"name\":\"ORTHO BALANCE\",\"url\":\"https:\/\/www.ortopedski-ulosci.hr\/\",\"logo\":{\"@type\":\"ImageObject\",\"inLanguage\":\"en-GB\",\"@id\":\"https:\/\/www.ortopedski-ulosci.hr\/#\/schema\/logo\/image\/\",\"url\":\"https:\/\/www.ortopedski-ulosci.hr\/wp-content\/uploads\/2024\/07\/orthobalance.png\",\"contentUrl\":\"https:\/\/www.ortopedski-ulosci.hr\/wp-content\/uploads\/2024\/07\/orthobalance.png\",\"width\":600,\"height\":200,\"caption\":\"ORTHO BALANCE\"},\"image\":{\"@id\":\"https:\/\/www.ortopedski-ulosci.hr\/#\/schema\/logo\/image\/\"},\"sameAs\":[\"https:\/\/www.facebook.com\/bodybalanceZG\/?locale=hr_HR\",\"https:\/\/www.instagram.com\/poliklinikamedicalbodybalance\/\"]}]}<\/script>\n<!-- \/ Yoast SEO plugin. -->","yoast_head_json":{"title":"Ortho Comfort - ORTHO BALANCE","robots":{"index":"index","follow":"follow","max-snippet":"max-snippet:-1","max-image-preview":"max-image-preview:large","max-video-preview":"max-video-preview:-1"},"canonical":"https:\/\/www.ortopedski-ulosci.hr\/en\/ortopedski-ulosci\/ortho-comfort\/","og_locale":"en_GB","og_type":"article","og_title":"Ortho Comfort - ORTHO BALANCE","og_description":"Ortho ComfortVrhunska udobnost i korektivna funkcija Ortho Comfort ortopedski ulo\u0161ci dizajnirani su za pru\u017eanje maksimalne udobnosti i optimalne korektivne funkcije. Ovi ulo\u0161ci savr\u0161eni su za osobe koje tra\u017ee udobnost i podr\u0161ku tijekom svakodnevnih aktivnosti, bilo da puno stoje, hodaju ili jednostavno preferiraju mek\u0161u obu\u0107u. Ergonomski dizajn za izvanrednu udobnost Kori\u0161tenjem najnovijih tehnologija i visokokvalitetnih materijala, [&hellip;]","og_url":"https:\/\/www.ortopedski-ulosci.hr\/en\/ortopedski-ulosci\/ortho-comfort\/","og_site_name":"ORTHO BALANCE","article_publisher":"https:\/\/www.facebook.com\/bodybalanceZG\/?locale=hr_HR","article_modified_time":"2026-01-02T16:33:14+00:00","og_image":[{"width":1200,"height":600,"url":"https:\/\/www.ortopedski-ulosci.hr\/wp-content\/uploads\/2024\/07\/Ortopedski-ulosci-OrthoBalance-14.jpg","type":"image\/jpeg"}],"twitter_card":"summary_large_image","twitter_misc":{"Estimated reading time":"3 minutes"},"schema":{"@context":"https:\/\/schema.org","@graph":[{"@type":"WebPage","@id":"https:\/\/www.ortopedski-ulosci.hr\/hr\/ortopedski-ulosci\/ortho-comfort\/","url":"https:\/\/www.ortopedski-ulosci.hr\/hr\/ortopedski-ulosci\/ortho-comfort\/","name":"Ortho Comfort - ORTHO BALANCE","isPartOf":{"@id":"https:\/\/www.ortopedski-ulosci.hr\/#website"},"datePublished":"2024-07-19T07:31:49+00:00","dateModified":"2026-01-02T16:33:14+00:00","breadcrumb":{"@id":"https:\/\/www.ortopedski-ulosci.hr\/hr\/ortopedski-ulosci\/ortho-comfort\/#breadcrumb"},"inLanguage":"en-GB","potentialAction":[{"@type":"ReadAction","target":["https:\/\/www.ortopedski-ulosci.hr\/hr\/ortopedski-ulosci\/ortho-comfort\/"]}]},{"@type":"BreadcrumbList","@id":"https:\/\/www.ortopedski-ulosci.hr\/hr\/ortopedski-ulosci\/ortho-comfort\/#breadcrumb","itemListElement":[{"@type":"ListItem","position":1,"name":"Po\u010detna stranica","item":"https:\/\/www.ortopedski-ulosci.hr\/hr\/"},{"@type":"ListItem","position":2,"name":"Ortopedski ulo\u0161ci","item":"https:\/\/www.ortopedski-ulosci.hr\/hr\/ortopedski-ulosci\/"},{"@type":"ListItem","position":3,"name":"Ortho Comfort"}]},{"@type":"WebSite","@id":"https:\/\/www.ortopedski-ulosci.hr\/#website","url":"https:\/\/www.ortopedski-ulosci.hr\/","name":"ORTHO BALANCE","description":"Personalizirani ortopedski ulo\u0161ci","publisher":{"@id":"https:\/\/www.ortopedski-ulosci.hr\/#organization"},"alternateName":"ortopedski-ulosci.hr","potentialAction":[{"@type":"SearchAction","target":{"@type":"EntryPoint","urlTemplate":"https:\/\/www.ortopedski-ulosci.hr\/?s={search_term_string}"},"query-input":{"@type":"PropertyValueSpecification","valueRequired":true,"valueName":"search_term_string"}}],"inLanguage":"en-GB"},{"@type":"Organization","@id":"https:\/\/www.ortopedski-ulosci.hr\/#organization","name":"ORTHO BALANCE","url":"https:\/\/www.ortopedski-ulosci.hr\/","logo":{"@type":"ImageObject","inLanguage":"en-GB","@id":"https:\/\/www.ortopedski-ulosci.hr\/#\/schema\/logo\/image\/","url":"https:\/\/www.ortopedski-ulosci.hr\/wp-content\/uploads\/2024\/07\/orthobalance.png","contentUrl":"https:\/\/www.ortopedski-ulosci.hr\/wp-content\/uploads\/2024\/07\/orthobalance.png","width":600,"height":200,"caption":"ORTHO BALANCE"},"image":{"@id":"https:\/\/www.ortopedski-ulosci.hr\/#\/schema\/logo\/image\/"},"sameAs":["https:\/\/www.facebook.com\/bodybalanceZG\/?locale=hr_HR","https:\/\/www.instagram.com\/poliklinikamedicalbodybalance\/"]}]}},"_links":{"self":[{"href":"https:\/\/www.ortopedski-ulosci.hr\/en\/wp-json\/wp\/v2\/pages\/99819","targetHints":{"allow":["GET"]}}],"collection":[{"href":"https:\/\/www.ortopedski-ulosci.hr\/en\/wp-json\/wp\/v2\/pages"}],"about":[{"href":"https:\/\/www.ortopedski-ulosci.hr\/en\/wp-json\/wp\/v2\/types\/page"}],"author":[{"embeddable":true,"href":"https:\/\/www.ortopedski-ulosci.hr\/en\/wp-json\/wp\/v2\/users\/1"}],"replies":[{"embeddable":true,"href":"https:\/\/www.ortopedski-ulosci.hr\/en\/wp-json\/wp\/v2\/comments?post=99819"}],"version-history":[{"count":7,"href":"https:\/\/www.ortopedski-ulosci.hr\/en\/wp-json\/wp\/v2\/pages\/99819\/revisions"}],"predecessor-version":[{"id":100178,"href":"https:\/\/www.ortopedski-ulosci.hr\/en\/wp-json\/wp\/v2\/pages\/99819\/revisions\/100178"}],"up":[{"embeddable":true,"href":"https:\/\/www.ortopedski-ulosci.hr\/en\/wp-json\/wp\/v2\/pages\/99795"}],"wp:attachment":[{"href":"https:\/\/www.ortopedski-ulosci.hr\/en\/wp-json\/wp\/v2\/media?parent=99819"}],"curies":[{"name":"wp","href":"https:\/\/api.w.org\/{rel}","templated":true}]}}