{"id":99802,"date":"2024-07-19T07:08:11","date_gmt":"2024-07-19T07:08:11","guid":{"rendered":"https:\/\/www.ortopedski-ulosci.hr\/?page_id=99802"},"modified":"2026-01-02T16:24:34","modified_gmt":"2026-01-02T16:24:34","slug":"premium-sport","status":"publish","type":"page","link":"https:\/\/www.ortopedski-ulosci.hr\/en\/ortopedski-ulosci\/premium-sport\/","title":{"rendered":"Premium Sport"},"content":{"rendered":"<p>[et_pb_section fb_built=\"1\u2032\u2032 _builder_version=\"4.26.0\u2032\u2032\u2032 _module_preset=\"default\" background_color=\"#0057ff\u2019 background_image=\u2019https:\/\/www.ortopedski-ulosci.hr\/wp-content\/uploads\/2024\/07\/Ortho-Balance-Pozadina2.jpg\u2019 top_divider_color=\u2019#FFFFFF\" top_divider_height=\"50px\" box_shadow_style=\"preset6\u2032\u2032 box_shadow_blur=\"25px\" box_shadow_color=\"rgba(0,0,0,0.2)\" global_colors_info=\"{}\"][et_pb_row _builder_version=\"4.16\u2032\u2032 _module_preset=\"default\" global_colors_info=\"{}\"][et_pb_column type=\"4_4\u2032\u2032\u2032 _builder_version=\"4.16\u2032\u2032\u2032 _module_preset=\"default\" global_colors_info=\"{}\"][et_pb_text _builder_version=\"4.26.0\u2032\u2032 _module_preset=\"default\" header_text_align=\"center header_text_color=\"#FFFFFF\u2019 header_font_size=\u201962px\u2019 header_2_text_align=\u2019center\u2019 header_2_text_color=\u2019#FFFFFF\u2019 header_2_font_size=\u201d40px\u201d global_colors_info=\u201d{}\u201d]<\/p>\n<h1>Premium Sport<\/h1>\n<p>[\/et_pb_text][\/et_pb_column][\/et_pb_row][\/et_pb_section][et_pb_section fb_built=\"1\u2032\u2032 _builder_version=\"4.16\u2032\u2032 _module_preset=\"default\" global_colors_info=\"{}\"][et_pb_row column_structure=\"3_5,2_5\u2032\u2032\u2032 _builder_version=\"4.16\u2032\u2032 _module_preset=\"default\" global_colors_info=\"{}\"][et_pb_column type=\"3_5\u2032\u2032\u2032\u2032 _builder_version=\"4.16\u2032\u2032\u2032 _module_preset=\"default\" global_colors_info=\"{}\"][et_pb_text _builder_coversion=4.26.0\u2032\u2032 _module_preset=\"default_font_ize_p=16x\"<\/p>\n<h2><strong>Excellent force absorption and high durability<\/strong><o:p><\/o:p><\/h2>\n<p>Premium Sport orthopedic insoles are designed to provide superior support and comfort to athletes who face intense physical exertion. Using the latest technologies and materials, these insoles ensure outstanding force absorption from all directions, reducing the risk of injury and improving overall performance.<o:p><\/o:p><\/p>\n<h2><strong>Top-quality materials for superior performance<\/strong><o:p><\/o:p><\/h2>\n<p>Made of high-quality and durable materials, Premium Sport insoles can withstand the high intensity of training and competition. These materials are selected for their wear resistance and ability to retain their properties even after long-term use. No matter what type of sport you do, you can be sure that these insoles will provide you with optimal support.<o:p><\/o:p><\/p>\n<h2><strong>Intended for top athletes<\/strong><o:p><\/o:p><\/h2>\n<p>Premium Sport orthopedic insoles are specially designed for professional athletes who require the best possible support and protection for their feet. They have been developed in collaboration with leading experts in the field of sports orthopaedics and biomechanics, and have been tested in the most demanding conditions to ensure that they meet the highest quality standards.<o:p><\/o:p><\/p>\n<h2><strong>Performance Improvement and Injury Prevention<\/strong><o:p><\/o:p><\/h2>\n<p>By using Premium Sport orthopedic insoles, athletes can improve their performance by reducing fatigue and foot pain. These insoles help to correctly distribute weight and forces, thereby reducing the load on the joints and muscles. They also reduce the risk of common sports injuries such as plantar fasciitis, tendinitis, and stress fractures.<o:p><\/o:p><\/p>\n<h2><strong>Individualized approach and maximum comfort<\/strong><o:p><\/o:p><\/h2>\n<p>Each pair of Premium Sport orthopedic insoles can be tailored to the individual needs of athletes, taking into account the specific requirements of their sport and physical characteristics. This flexibility ensures maximum comfort and optimal support during every training and competition.<o:p><\/o:p><\/p>\n<p><strong>Premium Sport orthopedic insoles are the ultimate option for all professional athletes looking for the best support for their feet. With superior force absorption, durable materials and an individualized approach, these insoles help athletes achieve their best results while protecting their health.<\/strong><o:p><\/o:p><\/p>\n<p>[\/et__pb_text][\/et_pb_column][et_ppp=_\u2033 __graphic type=\"2\u2033 _5_builder_version=\"4.16_module_preset=\"default\" global_colors_info=\"{}\"][et_pb_image src=\"https:\/\/www.ortopedski-ulo\u0161ci.hr\/wp-content\/uploads\/2024\/07\/Ortho-Balance-Premium-Sport.jpg\" title\u2033 _text=\"Ortho-_info=\"{}][\/et_p|p|bimage][et|p|b_spspspspsp=\"4.26.0_module_preset=\"default\" border_radii=\"on_15px\" global_colors__opopop=\"% preciznost\u201d use_icon=\u201don\u201d font_icon=\u201d\ue052||divi||400\u2033 image_icon_background_color=\u201dRGBA(0,0,0,0)\u201d icon_placement=\u201dleft\u201d _builder_version=\u201d4.26.0\u2033 _module_preset=\u201ddefault\u201d header_line_height=\u201d2.2em\u201d background_enable_color=\u201doff\u201d image_icon_custom_padding=\u201d5px|5px|5px|5px|true|true\u201d animation_direction=\u201dbottom\u201d animation=\u201doff\u201d global_colors_info=\u201d{}\u201d][\/et_pb_blurb][et_pb_blurb title=\u201dCAD\/CAM izrada\u201d use_icon=\u201don\u201d font_icon=\u201d\ue052||divi||400\u2033 image_icon_background_color=\u201dRGBA(0,0,0,0)\u201d icon_placement=\u201dleft\u201d _builder_version=\u201d4.26.0\u2033 _module_preset=\u201ddefault\u201d header_line_height=\u201d2.2em\u201d background_enable_color=\u201doff\u201d image_icon_custom_padding=\u201d5px|5px|5px|5px|true|true\u201d animation_direction=\u201dbottom\u201d animation=\u201doff\u201d global_colors_info=\u201d{}\u201d][\/et_pb_blurb][et_pb_blurb title=\u201dTOP Kvaliteta\u201d use_icon=\u201don\u201d font_icon=\u201d\ue052||divi||400\u2033 image_icon_background_color=\u201dRGBA(0,0,0,0)\u201d icon_placement=\u201dleft\u201d _builder_version=\u201d4.26.0\u2033 _module_preset=\u201ddefault\u201d header_line_height=\u201d2.2em\u201d background_enable_color=\u201doff\u201d image_icon_custom_padding=\u201d5px|5px|5px|5px|true|true\u201d animation_direction=\u201dbottom\u201d animation=\u201doff\u201d global_colors_info=\u201d{}\u201d][\/et_pb_blurb][et_pb_blurb title=\u201dBrzina isporuke\u201d use_icon=\u201don\u201d font_icon=\u201d\ue052||divi||400\u2033 image_icon_background_color=\u201dRGBA(0,0,0,0)\u201d icon_placement=\u201dleft\u201d _builder_version=\u201d4.26.0\u2033 _module_preset=\u201ddefault\u201d header_line_height=\u201d2.2em\u201d background_enable_color=\u201doff\u201d image_icon_custom_padding=\u201d5px|5px|5px|5px|true|true\u201d animation_direction=\u201dbottom\u201d animation=\u201doff\u201d global_colors_info=\u201d{}\u201d][\/et_pb_blurb][et_pb_divider color=\u201d#A1ACAA\u2019 divider_weight=\u20195px\u2019 _builder_version=\u20194.26.0\u2033 _module_preset=\u2019default\u2019 global_colors_info=\u2019{}\u2019][\/et_pb_divider][et_pb_blurb title=\u2019Price: 180\u20ac\" use_icon=\"on\" font_icon=\"\"||fa||900\u2033 image_icon_width=\"43px\" _builder_version=\"4.26.0\u2033 _module_preset=\"default\" header_text_align=\"center\" header_font_size=\"26px\" body_font_size=\"14px\" hover_enabled=\"0\u2033 global_colors_info=\"{}\" sticky_enabled=\"0\u2033]<\/p>\n<p style=\"text-align: center;\"><em>On 4 and more pairs of insoles are calculated 15% discounts.<br \/>For children up to 14 years of age or up to the number of legs 40 is calculated 20% discounts.<br \/>No discount is charged for the urgent production of insoles.<br \/>Diagnostics are not included in the price of insoles.<br \/>Discounts don't add up.<\/em><\/p>\n<p>[\/et_pb_blurb][\/et_pb_column][\/et_pb_row][\/et_pb_section][et_pb_section fb_built=\u201d1\u2033 custom_padding_last_edited=\u201don|tablet\u201d _builder_version=\u201d4.16\u2033 _module_preset=\u201ddefault\u201d custom_padding=\u201d150px||||false|false\u201d custom_padding_tablet=\u201d75px||||false|false\u201d custom_padding_phone=\u201d75px||||false|false\u201d global_colors_info=\u201d{}\u201d][et_pb_row _builder_version=\u201d4.26.0\u2033 _module_preset=\u201ddefault\u201d global_colors_info=\u201d{}\u201d][et_pb_column type=\u201d4_4\u2033 _builder_version=\u201d4.16\u2033 _module_preset=\u201ddefault\u201d custom_padding_tablet=\u201d||50px||false|false\u201d custom_padding_phone=\u201d||50px||false|false\u201d custom_padding_last_edited=\u201don|tablet\u201d global_colors_info=\u201d{}\u201d][et_pb_text _builder_version=\u201d4.26.0\u2033 _module_preset=\u201ddefault\u201d header_2_font_size=\u201d40px\u201d text_orientation=\u201dcenter\u201d global_colors_info=\u201d{}\u201d]<\/p>\n<h2>How to get orthopedic insoles?<\/h2>\n<p>[\/et_pb_text][\/et_pb_column][\/et_pb_row][et_pb_row column_structure=\"1_4,1_4,1_4,1_4\u2032\u2032\u2032 _builder_version=\"4.26.0\u2032\u2032 _module_preset=\"default\" global_colors_info=\"{}\"][et_pb_column type=\"1_4\u2032\u2032\u2032 _builder_version=\"4.16\u2032\u2032 _module_preset=\"default\" custom_padding_tablet=\"frivolved50px defladesfalse\" custom_padding_phone=\"frivolved50px tacticalphadesivance\" custom_padding_last_edited=\"on modest\" global_colors_info=\"{}\"][et_pb_blurb title=\"Reservation termina\" font_icon=\" \u2047 \u03b8\u03b8fa\u03ce900\u2032\u2032 image_icon_background_color=\"#edf3ff\" image_icon_width=\"60px\" _builder_version=\"4.26.0\u2032\u2032 _module_preset=\"default\" header_text_align=\"center\" header_font_size=\"20px\" header_line_height=\"1.6em\" body_font=\"\u00fealitan3\" justifitanki\" body_text_align=\"center\" body_font_size=\"16px\" body_line_height=\"1.6em\" image_icon_custom_padding=\"35px contiguous35px contratrue\" animation_style=\"slide\" animation_direction=\"bottom\" animation_duration=\"750ms\" animation_starting_opacity=\"5050%\u2019 animation=\u2019off\u2019 border_radii_image=\u2019on\u266112px\u224812px\u224812px\u2019 global_colors_info=\u2019{}\u2019]<\/p>\n<p><span><strong>Step 1<\/strong> is booking an appointment by phone or e-mail<\/span><\/p>\n<p>[\/et_pb_blurb][\/et_pb_column][et_pb_column type=\"1_4\u2032\u2032 _builder_version=\"4.16\u2032\u2032 _module_preset=\"default\" custom_padding_tablet=\"\u00feie50px\u0436false\" custom_padding_phone=\"\u00feie50px\u00feiefalse\" custom_padding_last_edited=\"on\u21d0tablet\" global_colors_info=\"{}\"][et_pb_blurb title=\"Preview fizioterapeuta\" use_icon=\"on\"\"_ fonticon=\" \u2047  compativaturefa consent900\u2032\u2032\u2032 image_icon_background_color=\"#edf3ff\" image_icon_width=\"60px\" _builder_version=\"4.26.0\u2032\u2032 _module_preset=\"default\" header_text_align=\"center\" header_font_size=\"20px\" header_line_height=\"1.6em\" body_font=\"\u00fealitan3\" justifitanki\" body_text_align=\"center\" body_font_size=\"16px\" body_line_height=\"1.6em\" image_icon_custom_padding=\"35px contiguous35px contratrue\" animation_style=\"slide\" animation_direction=\"bottom\" animation_duration=\"750ms\" animation_starting_opacity=\"5050%\u2019 animation=\u2019off\u2019 border_radii_image=\u2019on\u266112px\u224812px\u224812px\u2019 global_colors_info=\u2019{}\u2019]<\/p>\n<p><span><strong>Step 2<\/strong> a Detailed Review of Physiotherapists<\/span><\/p>\n<p>[\/et_pb_blurb][\/et_pb_column][et_pb_column type=\"1_4\u2032\u2032 _builder_version=\"4.16\u2032\u2032 _module_preset=\"default\" custom_padding_tablet=\"\u00feie50px\u0436false\" custom_padding_phone=\"\u00feie50px\u0436false\" custom_padding_last_edited=\"on\u00feietablet\" global_colors_info=\"{}\"][et_pb_blurb title=\"Diagnostic center\" use_icon=\"on\" font_icon=\" \u2047  justifiablefa consent900\u2032\u2032 image_icon_back_groundcolor=\"#edf3ff\" image_icon_width=\"60px\" _builder_version=\"4.26.0\u2032\u2032 _module_preset=\"default\" header_text_align=\"center\" header_font_size=\"20px\" header_line_height=\"1.6em\" body_font=\"\u00fealitan3\" justifitanki\" body_text_align=\"center\" body_font_size=\"16px\" body_line_height=\"1.6em\" image_icon_custom_padding=\"35px contiguous35px contratrue\" animation_style=\"slide\" animation_direction=\"bottom\" animation_duration=\"750ms\" animation_starting_opacity=\"5050%\u2019 animation=\u2019off\u2019 border_radii_image=\u2019on\u266112px\u224812px\u224812px\u2019 global_colors_info=\u2019{}\u2019]<\/p>\n<p><span><strong>Step 3<\/strong> a Digital and 3D Analysis of Your Feet<\/span><\/p>\n<p>[\/et_pb_blurb][\/et_pb_column][et_pb_column type=\"1_4\u2032\u2032 _builder_version=\"4.16\u2032\u2032 _module_preset=\"default\" global_colors_info=\"{}\"][et_pb_blurb title=\"Creation of cartridges\" use_icon=\"on\" font_icon=\" \u2047  eradicatingfa 19.900\u2032\u2032\u2032 image_icon_background_color=\"#edf3ff\" image_icon_width=\"60px\" _builder_version=\"4.26.0\u2032\u2032 _module_preset=\"default\" header_text_align=\"center\" header_font_size=\"20px\" header_line_height=\"1.6em\" body_font=\"\u00fealitan3\" justifitanki\" body_text_align=\"center\" body_font_size=\"16px\" body_line_height=\"1.6em\" image_icon_custom_padding=\"35px contiguous35px contratrue\" animation_style=\"slide\" animation_direction=\"bottom\" animation_duration=\"750ms\" animation_starting_opacity=\"5050%\u2019 animation=\u2019off\u2019 border_radii_image=\u2019on\u266112px\u224812px\u224812px\u2019 global_colors_info=\u2019{}\u2019]<\/p>\n<p><span><strong>Step 4<\/strong> is the manufacture of insoles through CAD \/ CAM technology<\/span><\/p>\n<p>[\/et_pb_blurb][\/et_pb_column][\/et_pb_row][\/et_pb_section]<\/p>","protected":false},"excerpt":{"rendered":"<p>Premium Sport orthopedic insoles are designed to provide superior support and comfort to athletes who face intense physical exertion. Using the latest technologies and materials, these insoles ensure outstanding force absorption from all directions, reducing the risk of injury and improving overall performance. Top quality materials for top [...]<\/p>","protected":false},"author":1,"featured_media":0,"parent":99795,"menu_order":1,"comment_status":"closed","ping_status":"closed","template":"","meta":{"_et_pb_use_builder":"on","_et_pb_old_content":"","_et_gb_content_width":"","footnotes":""},"class_list":["post-99802","page","type-page","status-publish","hentry"],"yoast_head":"<!-- This site is optimized with the Yoast SEO plugin v26.8 - https:\/\/yoast.com\/product\/yoast-seo-wordpress\/ -->\n<title>Premium Sport - ORTHO BALANCE<\/title>\n<meta name=\"robots\" content=\"index, follow, max-snippet:-1, max-image-preview:large, max-video-preview:-1\" \/>\n<link rel=\"canonical\" href=\"https:\/\/www.ortopedski-ulosci.hr\/en\/ortopedski-ulosci\/premium-sport\/\" \/>\n<meta property=\"og:locale\" content=\"en_GB\" \/>\n<meta property=\"og:type\" content=\"article\" \/>\n<meta property=\"og:title\" content=\"Premium Sport - ORTHO BALANCE\" \/>\n<meta property=\"og:description\" content=\"Premium SportIzvrsna apsorpcija sila i visoka izdr\u017eljivost Premium Sport ortopedski ulo\u0161ci dizajnirani su s ciljem pru\u017eanja vrhunske podr\u0161ke i udobnosti sporta\u0161ima koji se suo\u010davaju s intenzivnim fizi\u010dkim naporima. Kori\u0161tenjem najnovijih tehnologija i materijala, ovi ulo\u0161ci osiguravaju izvanrednu apsorpciju sila iz svih smjerova, \u010dime smanjuju rizik od ozljeda i pobolj\u0161avaju ukupnu izvedbu. Vrhunski materijali za vrhunske [&hellip;]\" \/>\n<meta property=\"og:url\" content=\"https:\/\/www.ortopedski-ulosci.hr\/en\/ortopedski-ulosci\/premium-sport\/\" \/>\n<meta property=\"og:site_name\" content=\"ORTHO BALANCE\" \/>\n<meta property=\"article:publisher\" content=\"https:\/\/www.facebook.com\/bodybalanceZG\/?locale=hr_HR\" \/>\n<meta property=\"article:modified_time\" content=\"2026-01-02T16:24:34+00:00\" \/>\n<meta property=\"og:image\" content=\"https:\/\/www.ortopedski-ulosci.hr\/wp-content\/uploads\/2024\/07\/Ortopedski-ulosci-OrthoBalance-14.jpg\" \/>\n\t<meta property=\"og:image:width\" content=\"1200\" \/>\n\t<meta property=\"og:image:height\" content=\"600\" \/>\n\t<meta property=\"og:image:type\" content=\"image\/jpeg\" \/>\n<meta name=\"twitter:card\" content=\"summary_large_image\" \/>\n<meta name=\"twitter:label1\" content=\"Estimated reading time\" \/>\n\t<meta name=\"twitter:data1\" content=\"8 minutes\" \/>\n<script type=\"application\/ld+json\" class=\"yoast-schema-graph\">{\"@context\":\"https:\/\/schema.org\",\"@graph\":[{\"@type\":\"WebPage\",\"@id\":\"https:\/\/www.ortopedski-ulosci.hr\/hr\/ortopedski-ulosci\/premium-sport\/\",\"url\":\"https:\/\/www.ortopedski-ulosci.hr\/hr\/ortopedski-ulosci\/premium-sport\/\",\"name\":\"Premium Sport - ORTHO BALANCE\",\"isPartOf\":{\"@id\":\"https:\/\/www.ortopedski-ulosci.hr\/#website\"},\"datePublished\":\"2024-07-19T07:08:11+00:00\",\"dateModified\":\"2026-01-02T16:24:34+00:00\",\"breadcrumb\":{\"@id\":\"https:\/\/www.ortopedski-ulosci.hr\/hr\/ortopedski-ulosci\/premium-sport\/#breadcrumb\"},\"inLanguage\":\"en-GB\",\"potentialAction\":[{\"@type\":\"ReadAction\",\"target\":[\"https:\/\/www.ortopedski-ulosci.hr\/hr\/ortopedski-ulosci\/premium-sport\/\"]}]},{\"@type\":\"BreadcrumbList\",\"@id\":\"https:\/\/www.ortopedski-ulosci.hr\/hr\/ortopedski-ulosci\/premium-sport\/#breadcrumb\",\"itemListElement\":[{\"@type\":\"ListItem\",\"position\":1,\"name\":\"Po\u010detna stranica\",\"item\":\"https:\/\/www.ortopedski-ulosci.hr\/hr\/\"},{\"@type\":\"ListItem\",\"position\":2,\"name\":\"Ortopedski ulo\u0161ci\",\"item\":\"https:\/\/www.ortopedski-ulosci.hr\/hr\/ortopedski-ulosci\/\"},{\"@type\":\"ListItem\",\"position\":3,\"name\":\"Premium Sport\"}]},{\"@type\":\"WebSite\",\"@id\":\"https:\/\/www.ortopedski-ulosci.hr\/#website\",\"url\":\"https:\/\/www.ortopedski-ulosci.hr\/\",\"name\":\"ORTHO BALANCE\",\"description\":\"Personalizirani ortopedski ulo\u0161ci\",\"publisher\":{\"@id\":\"https:\/\/www.ortopedski-ulosci.hr\/#organization\"},\"alternateName\":\"ortopedski-ulosci.hr\",\"potentialAction\":[{\"@type\":\"SearchAction\",\"target\":{\"@type\":\"EntryPoint\",\"urlTemplate\":\"https:\/\/www.ortopedski-ulosci.hr\/?s={search_term_string}\"},\"query-input\":{\"@type\":\"PropertyValueSpecification\",\"valueRequired\":true,\"valueName\":\"search_term_string\"}}],\"inLanguage\":\"en-GB\"},{\"@type\":\"Organization\",\"@id\":\"https:\/\/www.ortopedski-ulosci.hr\/#organization\",\"name\":\"ORTHO BALANCE\",\"url\":\"https:\/\/www.ortopedski-ulosci.hr\/\",\"logo\":{\"@type\":\"ImageObject\",\"inLanguage\":\"en-GB\",\"@id\":\"https:\/\/www.ortopedski-ulosci.hr\/#\/schema\/logo\/image\/\",\"url\":\"https:\/\/www.ortopedski-ulosci.hr\/wp-content\/uploads\/2024\/07\/orthobalance.png\",\"contentUrl\":\"https:\/\/www.ortopedski-ulosci.hr\/wp-content\/uploads\/2024\/07\/orthobalance.png\",\"width\":600,\"height\":200,\"caption\":\"ORTHO BALANCE\"},\"image\":{\"@id\":\"https:\/\/www.ortopedski-ulosci.hr\/#\/schema\/logo\/image\/\"},\"sameAs\":[\"https:\/\/www.facebook.com\/bodybalanceZG\/?locale=hr_HR\",\"https:\/\/www.instagram.com\/poliklinikamedicalbodybalance\/\"]}]}<\/script>\n<!-- \/ Yoast SEO plugin. -->","yoast_head_json":{"title":"Premium Sport - ORTHO BALANCE","robots":{"index":"index","follow":"follow","max-snippet":"max-snippet:-1","max-image-preview":"max-image-preview:large","max-video-preview":"max-video-preview:-1"},"canonical":"https:\/\/www.ortopedski-ulosci.hr\/en\/ortopedski-ulosci\/premium-sport\/","og_locale":"en_GB","og_type":"article","og_title":"Premium Sport - ORTHO BALANCE","og_description":"Premium SportIzvrsna apsorpcija sila i visoka izdr\u017eljivost Premium Sport ortopedski ulo\u0161ci dizajnirani su s ciljem pru\u017eanja vrhunske podr\u0161ke i udobnosti sporta\u0161ima koji se suo\u010davaju s intenzivnim fizi\u010dkim naporima. Kori\u0161tenjem najnovijih tehnologija i materijala, ovi ulo\u0161ci osiguravaju izvanrednu apsorpciju sila iz svih smjerova, \u010dime smanjuju rizik od ozljeda i pobolj\u0161avaju ukupnu izvedbu. Vrhunski materijali za vrhunske [&hellip;]","og_url":"https:\/\/www.ortopedski-ulosci.hr\/en\/ortopedski-ulosci\/premium-sport\/","og_site_name":"ORTHO BALANCE","article_publisher":"https:\/\/www.facebook.com\/bodybalanceZG\/?locale=hr_HR","article_modified_time":"2026-01-02T16:24:34+00:00","og_image":[{"width":1200,"height":600,"url":"https:\/\/www.ortopedski-ulosci.hr\/wp-content\/uploads\/2024\/07\/Ortopedski-ulosci-OrthoBalance-14.jpg","type":"image\/jpeg"}],"twitter_card":"summary_large_image","twitter_misc":{"Estimated reading time":"8 minutes"},"schema":{"@context":"https:\/\/schema.org","@graph":[{"@type":"WebPage","@id":"https:\/\/www.ortopedski-ulosci.hr\/hr\/ortopedski-ulosci\/premium-sport\/","url":"https:\/\/www.ortopedski-ulosci.hr\/hr\/ortopedski-ulosci\/premium-sport\/","name":"Premium Sport - ORTHO BALANCE","isPartOf":{"@id":"https:\/\/www.ortopedski-ulosci.hr\/#website"},"datePublished":"2024-07-19T07:08:11+00:00","dateModified":"2026-01-02T16:24:34+00:00","breadcrumb":{"@id":"https:\/\/www.ortopedski-ulosci.hr\/hr\/ortopedski-ulosci\/premium-sport\/#breadcrumb"},"inLanguage":"en-GB","potentialAction":[{"@type":"ReadAction","target":["https:\/\/www.ortopedski-ulosci.hr\/hr\/ortopedski-ulosci\/premium-sport\/"]}]},{"@type":"BreadcrumbList","@id":"https:\/\/www.ortopedski-ulosci.hr\/hr\/ortopedski-ulosci\/premium-sport\/#breadcrumb","itemListElement":[{"@type":"ListItem","position":1,"name":"Po\u010detna stranica","item":"https:\/\/www.ortopedski-ulosci.hr\/hr\/"},{"@type":"ListItem","position":2,"name":"Ortopedski ulo\u0161ci","item":"https:\/\/www.ortopedski-ulosci.hr\/hr\/ortopedski-ulosci\/"},{"@type":"ListItem","position":3,"name":"Premium Sport"}]},{"@type":"WebSite","@id":"https:\/\/www.ortopedski-ulosci.hr\/#website","url":"https:\/\/www.ortopedski-ulosci.hr\/","name":"ORTHO BALANCE","description":"Personalizirani ortopedski ulo\u0161ci","publisher":{"@id":"https:\/\/www.ortopedski-ulosci.hr\/#organization"},"alternateName":"ortopedski-ulosci.hr","potentialAction":[{"@type":"SearchAction","target":{"@type":"EntryPoint","urlTemplate":"https:\/\/www.ortopedski-ulosci.hr\/?s={search_term_string}"},"query-input":{"@type":"PropertyValueSpecification","valueRequired":true,"valueName":"search_term_string"}}],"inLanguage":"en-GB"},{"@type":"Organization","@id":"https:\/\/www.ortopedski-ulosci.hr\/#organization","name":"ORTHO BALANCE","url":"https:\/\/www.ortopedski-ulosci.hr\/","logo":{"@type":"ImageObject","inLanguage":"en-GB","@id":"https:\/\/www.ortopedski-ulosci.hr\/#\/schema\/logo\/image\/","url":"https:\/\/www.ortopedski-ulosci.hr\/wp-content\/uploads\/2024\/07\/orthobalance.png","contentUrl":"https:\/\/www.ortopedski-ulosci.hr\/wp-content\/uploads\/2024\/07\/orthobalance.png","width":600,"height":200,"caption":"ORTHO BALANCE"},"image":{"@id":"https:\/\/www.ortopedski-ulosci.hr\/#\/schema\/logo\/image\/"},"sameAs":["https:\/\/www.facebook.com\/bodybalanceZG\/?locale=hr_HR","https:\/\/www.instagram.com\/poliklinikamedicalbodybalance\/"]}]}},"_links":{"self":[{"href":"https:\/\/www.ortopedski-ulosci.hr\/en\/wp-json\/wp\/v2\/pages\/99802","targetHints":{"allow":["GET"]}}],"collection":[{"href":"https:\/\/www.ortopedski-ulosci.hr\/en\/wp-json\/wp\/v2\/pages"}],"about":[{"href":"https:\/\/www.ortopedski-ulosci.hr\/en\/wp-json\/wp\/v2\/types\/page"}],"author":[{"embeddable":true,"href":"https:\/\/www.ortopedski-ulosci.hr\/en\/wp-json\/wp\/v2\/users\/1"}],"replies":[{"embeddable":true,"href":"https:\/\/www.ortopedski-ulosci.hr\/en\/wp-json\/wp\/v2\/comments?post=99802"}],"version-history":[{"count":7,"href":"https:\/\/www.ortopedski-ulosci.hr\/en\/wp-json\/wp\/v2\/pages\/99802\/revisions"}],"predecessor-version":[{"id":100169,"href":"https:\/\/www.ortopedski-ulosci.hr\/en\/wp-json\/wp\/v2\/pages\/99802\/revisions\/100169"}],"up":[{"embeddable":true,"href":"https:\/\/www.ortopedski-ulosci.hr\/en\/wp-json\/wp\/v2\/pages\/99795"}],"wp:attachment":[{"href":"https:\/\/www.ortopedski-ulosci.hr\/en\/wp-json\/wp\/v2\/media?parent=99802"}],"curies":[{"name":"wp","href":"https:\/\/api.w.org\/{rel}","templated":true}]}}