{"id":99729,"date":"2024-07-18T07:11:48","date_gmt":"2024-07-18T07:11:48","guid":{"rendered":"https:\/\/www.ortopedski-ulosci.hr\/?page_id=99729"},"modified":"2024-07-18T07:11:48","modified_gmt":"2024-07-18T07:11:48","slug":"upute-za-pacijente","status":"publish","type":"page","link":"https:\/\/www.ortopedski-ulosci.hr\/en\/upute-za-pacijente\/","title":{"rendered":"Instructions for patients"},"content":{"rendered":"<p>[et_pb_section fb_built=\"1\u2032\u2032 _builder_version=\"4.26.0\u2032\u2032\u2032 _module_preset=\"default\" background_color=\"#0057ff\u2019 background_image=\u2019https:\/\/www.ortopedski-ulosci.hr\/wp-content\/uploads\/2024\/07\/Ortho-Balance-Pozadina2.jpg\u2019 top_divider_color=\u2019#FFFFFF\" top_divider_height=\"50px\" box_shadow_style=\"preset6\u2032\u2032 box_shadow_blur=\"25px\" box_shadow_color=\"rgba(0,0,0,0.2)\" global_colors_info=\"{}\" theme_builder_area=\"post_content\"][et_pb_row _builder_version=\"4.16\u2032\u2032\u2032 _module_preset=\"default\" global_colors_info=\"{}\" theme_builder_area=\"post_content\"][et_pb_column type=\"4_4\u2032\u2032\u2032 _builder_version=\"4.16\u2032\u2032 _module_preset=\"default\" global_colors_info=\"{}\" theme_builder_area=\"post_content\" _builder_version=\"4.26.0\u2032\u2032 _module_preset=\"default\" header_text_align=\"center\" header_text_color=\"#FFFFFF\u2019 header_font_size=\u201962px\u2019 header_2_text_align=\u2019center\u2019 header_2_text_color=\u2019#FFFFFF\u2019 header_2_font_size=\u201940px\u2019 global_colors_info=\u2019{}\u2019 theme_builder_area=\u2019post_content\u2019]<\/p>\n<h1>Instructions for patients<\/h1>\n<p>[\/et_pb_text][\/et_pb_column][\/et_pb_row][\/et_pb_section][et_pb_section fb_built=\u201d1\u2033 _builder_version=\u201d4.16\u2033 _module_preset=\u201ddefault\u201d global_colors_info=\u201d{}\u201d theme_builder_area=\u201dpost_content\u201d][et_pb_row column_structure=\u201d3_5,2_5\u2033 _builder_version=\u201d4.16\u2033 _module_preset=\u201ddefault\u201d global_colors_info=\u201d{}\u201d theme_builder_area=\u201dpost_content\u201d][et_pb_column type=\u201d3_5\u2033 _builder_version=\u201d4.16\u2033 _module_preset=\u201ddefault\u201d global_colors_info=\u201d{}\u201d theme_builder_area=\u201dpost_content\u201d][et_pb_text _builder_version=\u201d4.26.0\u2033 _module_preset=\u201ddefault\u201d text_font=\u201d|800||on|||||\u201d text_text_color=\u201d#57c2b0\u2032\u2032 text_font_size=\"16px\" custom_margin=\"\u265b5px\u0436false\u1ed9false\" global_colors_info=\"{}\" theme_builder_area=\"post_content\"]<\/p>\n<p>INSTRUCTIONS<\/p>\n<p>[\/et_pb_text][et_pb_text _builder_version=\"4.26.0\u2032\u2032 _module_preset=\"default\" header_2_font_size=\"40px\" global_colors_info=\"{}\" theme_builder_area=\"post_content\"]<\/p>\n<h2><strong>For use and o<\/strong><strong>State of orthopedic insoles<\/strong><\/h2>\n<p>[\/et_pb_text][\/et_pb_column][et_pb_column type=\"2_5\u2032\u2032 _builder_version=\"4.16\u2032\u2032 _module_preset=\"default\" global_colors_info=\"{}\" theme_builder_area=\"post_content\"][\/et_pb_column][\/et_pb_row][et_pb_row column_structure=\"3_5,2_5\u2032\u2032 _builder_version=\"4.16\u2032\u2032 _module_preset=\"default\" global_colors_info=\"{}\" theme_builder_area=\"post_content\"][et_pb_column type=\"3_5\u2032\u2032 _builder_version=\"4.16\u2032\u2032\u2032 _module_preset=\"default\"\" global_colorsinfo=\" theme_builder_area=\"post_content\"][et_pb_text _builder_version=\"4.26.0\u2032\u2032 _module_preset=\"default\" text_font_size=\"16px\" global_colors_info=\"{}\" theme_builder_area=\"post_content\"]<\/p>\n<p>Thank you for choosing orthopedic insoles <strong>ORTHO BALANCE.<\/strong><\/p>\n<p>These insoles are made with high precision to your foot. Before the first use, it is necessary to take several steps so that the insole fills your shoes and that there is no slipping of the insole or its deformation. The cartridge is made slightly larger, so that before the first use it can be best adapted to the footwear.<\/p>\n<p>Most of today's footwear is made with a \"factory\" insole, which must first be taken out. Some insoles are glued to the shoe\/tennis, so try to peel\/pull them off with light moves, taking care not to damage your shoes.<\/p>\n<p><strong>HOW TO INSERT THE INSTRUCTION RIGHTLY AND NOTICE IT (AS IS REQUIRED)<\/strong><\/p>\n<p>When you have removed the original \"factory\" insole from both shoes\/sneakers, you can switch to inserting the ORTHO BALANCE insole and possibly trimming it.<\/p>\n<p>Before approaching the subsequent trimming \/ grinding of the cartridge, it is necessary to first take steps to insert the existing form of the ORTHO BALANCE cartridge into your shoes. We do this by gently bending the insole over its width and first inserting the front of the insole towards the top of the shoe. We then carefully fold the insole in the middle so that we can tuck the fifth part of the insole into the lower part of the shoe (heel) and slowly correct the twisted insole by pushing the middle part of the insole inside the shoe forward.<\/p>\n<p><strong>NOTIFICATION<\/strong><\/p>\n<ol>\n<li>We trim the cartridge with sharp scissors<\/li>\n<li>Trimming is done by first removing the original insole from your shoe.<\/li>\n<li><strong>DAYS <\/strong>ORTHO BALANCE insole lean on the original factory <strong>Left<\/strong> insole from your footwear (and vice versa) so that the bottom (sole) of both insole aligns as well as possible.<\/li>\n<li>On the ORTHO BALANCE cartridge, draw the outline of the original factory insole from the shoe and carefully approach its trimming.<\/li>\n<li><strong>OBLIGATE WHICH MILLIMETER OF MORE RELATED TO ORIGINAL INVESTMENT<\/strong> Original factory insoles supplied with footwear are not made with as much precision as your ORTHO BALANCE insoles.<\/li>\n<\/ol>\n<p>&nbsp;<\/p>\n<p><strong>APPLICATION TO PARTICIPATION SURVEILLANCE<\/strong><\/p>\n<p>The period of adaptation to orthopedic insoles lasts 15-30 days. Wear insoles for the first few days <strong>2-3 hours a day<\/strong>, a <strong>then gradually increase the period of wearing<\/strong> so that <strong>Increase the wearing time by 1 hour every day<\/strong> until you reach the stage to wear them constantly.<\/p>\n<p>It is normal for you to feel a slight discomfort for the first month of wearing because the function of the cartridge is corrective, and if after a month of wearing you feel that something is not right - contact us at <a href=\"mailto:info@bodybalance.hr\"><strong>info@ortopedski-ulosci.hr<\/strong><\/a><\/p>\n<p><strong>RECOMMENDATIONS AND ETERNAL TERMINATION<\/strong><\/p>\n<p>Complaints are accepted for the duration of the adjustment, i.e. up to a maximum of 30 days after downloading the cartridges, and the complaint refers to the inability to adapt to orthopedic insoles.<\/p>\n<p>The lifespan of ORTHO BALANCE cartridges is 6-12 months of normal use under the recommended conditions of wear and maintenance, top sport and exceptional efforts can significantly reduce the lifespan of the cartridge<\/p>\n<p><strong>MAINTENANCE<\/strong><\/p>\n<ul>\n<li>Avoid washing insoles in washing machines!<\/li>\n<li>The cartridge is best washed by hand in a combination of lukewarm water and soap and light rubbing with a sponge.<\/li>\n<li>Do not dry the cartridge in the tumble dryer, but leave it to dry at room temperature.<\/li>\n<li>Avoid placing the cartridges on the radiator \/ direct sun, as too much heat can in some cases create certain deformations.<\/li>\n<li>You can refresh the cartridge with a foot deodorant or disinfectant if necessary.<\/li>\n<\/ul>\n<p>[\/et_pb_text][\/et_pb_column][et_pb_column type=\"2_5\u2032\u2032 _builder_version=\"4.16\u2032\u2032 _module_preset=\"default\" global_colors_info=\"{}\" theme_builder_area=\"post_content\"][et_pb_image src=\"https:\/\/www.ortopedski-ulosci.hr\/wp-content\/uploads\/2024\/07\/Ortho-Balance-ortopedski-ulosci.jpg\" title_text=\"Ortho-Balance-ortopedski-ulosci\" _builder_version=\"4.26.0\u2032\u2032\u2032 _module_preset=\"default border\"_radii=\"oncompliance15pxrati15px global_colors_info=\"{}\" theme_builder_area=\"post_content\"][\/et_pb_image][\/et_pb_column][\/et_pb_row][\/et_pb_section]<\/p>","protected":false},"excerpt":{"rendered":"<p>Instructions for patientsUPUTEZ use and maintenance of orthopedic insolesThank you for choosing orthopedic insoles ORTHO BALANCE. These insoles are made with high precision to your foot. Before the first use, it is necessary to take several steps so that the insole fills your shoes and that there is no slipping of the insole or its deformation. The insole is doing something [...]<\/p>","protected":false},"author":1,"featured_media":0,"parent":0,"menu_order":0,"comment_status":"closed","ping_status":"closed","template":"","meta":{"_et_pb_use_builder":"on","_et_pb_old_content":"","_et_gb_content_width":"","footnotes":""},"class_list":["post-99729","page","type-page","status-publish","hentry"],"yoast_head":"<!-- This site is optimized with the Yoast SEO plugin v26.8 - https:\/\/yoast.com\/product\/yoast-seo-wordpress\/ -->\n<title>Upute za pacijente - ORTHO BALANCE<\/title>\n<meta name=\"robots\" content=\"index, follow, max-snippet:-1, max-image-preview:large, max-video-preview:-1\" \/>\n<link rel=\"canonical\" href=\"https:\/\/www.ortopedski-ulosci.hr\/en\/upute-za-pacijente\/\" \/>\n<meta property=\"og:locale\" content=\"en_GB\" \/>\n<meta property=\"og:type\" content=\"article\" \/>\n<meta property=\"og:title\" content=\"Upute za pacijente - ORTHO BALANCE\" \/>\n<meta property=\"og:description\" content=\"Upute za pacijenteUPUTEZa kori\u0161tenje i odr\u017eavanje ortopedskih ulo\u017eakaHvala Vam \u0161to ste odabrali ortopedske ulo\u0161ke ORTHO BALANCE. Ovi ulo\u0161ci napravljeni su s visokom precizno\u0161\u0107u prema Va\u0161em stopalu. Prije prvog kori\u0161tenja potrebno je napraviti nekoliko koraka kako bi ulo\u017eak popunio Va\u0161u obu\u0107u i kako ne bi do\u0161lo do proklizavanja ulo\u0161ka ili njegove deformacije. Ulo\u017eak se radi ne\u0161to [&hellip;]\" \/>\n<meta property=\"og:url\" content=\"https:\/\/www.ortopedski-ulosci.hr\/en\/upute-za-pacijente\/\" \/>\n<meta property=\"og:site_name\" content=\"ORTHO BALANCE\" \/>\n<meta property=\"article:publisher\" content=\"https:\/\/www.facebook.com\/bodybalanceZG\/?locale=hr_HR\" \/>\n<meta property=\"og:image\" content=\"https:\/\/www.ortopedski-ulosci.hr\/wp-content\/uploads\/2024\/07\/Ortopedski-ulosci-OrthoBalance-14.jpg\" \/>\n\t<meta property=\"og:image:width\" content=\"1200\" \/>\n\t<meta property=\"og:image:height\" content=\"600\" \/>\n\t<meta property=\"og:image:type\" content=\"image\/jpeg\" \/>\n<meta name=\"twitter:card\" content=\"summary_large_image\" \/>\n<meta name=\"twitter:label1\" content=\"Estimated reading time\" \/>\n\t<meta name=\"twitter:data1\" content=\"5 minutes\" \/>\n<script type=\"application\/ld+json\" class=\"yoast-schema-graph\">{\"@context\":\"https:\/\/schema.org\",\"@graph\":[{\"@type\":\"WebPage\",\"@id\":\"https:\/\/www.ortopedski-ulosci.hr\/upute-za-pacijente\/\",\"url\":\"https:\/\/www.ortopedski-ulosci.hr\/upute-za-pacijente\/\",\"name\":\"Upute za pacijente - ORTHO BALANCE\",\"isPartOf\":{\"@id\":\"https:\/\/www.ortopedski-ulosci.hr\/#website\"},\"datePublished\":\"2024-07-18T07:11:48+00:00\",\"breadcrumb\":{\"@id\":\"https:\/\/www.ortopedski-ulosci.hr\/upute-za-pacijente\/#breadcrumb\"},\"inLanguage\":\"en-GB\",\"potentialAction\":[{\"@type\":\"ReadAction\",\"target\":[\"https:\/\/www.ortopedski-ulosci.hr\/upute-za-pacijente\/\"]}]},{\"@type\":\"BreadcrumbList\",\"@id\":\"https:\/\/www.ortopedski-ulosci.hr\/upute-za-pacijente\/#breadcrumb\",\"itemListElement\":[{\"@type\":\"ListItem\",\"position\":1,\"name\":\"Po\u010detna stranica\",\"item\":\"https:\/\/www.ortopedski-ulosci.hr\/hr\/\"},{\"@type\":\"ListItem\",\"position\":2,\"name\":\"Upute za pacijente\"}]},{\"@type\":\"WebSite\",\"@id\":\"https:\/\/www.ortopedski-ulosci.hr\/#website\",\"url\":\"https:\/\/www.ortopedski-ulosci.hr\/\",\"name\":\"ORTHO BALANCE\",\"description\":\"Personalizirani ortopedski ulo\u0161ci\",\"publisher\":{\"@id\":\"https:\/\/www.ortopedski-ulosci.hr\/#organization\"},\"alternateName\":\"ortopedski-ulosci.hr\",\"potentialAction\":[{\"@type\":\"SearchAction\",\"target\":{\"@type\":\"EntryPoint\",\"urlTemplate\":\"https:\/\/www.ortopedski-ulosci.hr\/?s={search_term_string}\"},\"query-input\":{\"@type\":\"PropertyValueSpecification\",\"valueRequired\":true,\"valueName\":\"search_term_string\"}}],\"inLanguage\":\"en-GB\"},{\"@type\":\"Organization\",\"@id\":\"https:\/\/www.ortopedski-ulosci.hr\/#organization\",\"name\":\"ORTHO BALANCE\",\"url\":\"https:\/\/www.ortopedski-ulosci.hr\/\",\"logo\":{\"@type\":\"ImageObject\",\"inLanguage\":\"en-GB\",\"@id\":\"https:\/\/www.ortopedski-ulosci.hr\/#\/schema\/logo\/image\/\",\"url\":\"https:\/\/www.ortopedski-ulosci.hr\/wp-content\/uploads\/2024\/07\/orthobalance.png\",\"contentUrl\":\"https:\/\/www.ortopedski-ulosci.hr\/wp-content\/uploads\/2024\/07\/orthobalance.png\",\"width\":600,\"height\":200,\"caption\":\"ORTHO BALANCE\"},\"image\":{\"@id\":\"https:\/\/www.ortopedski-ulosci.hr\/#\/schema\/logo\/image\/\"},\"sameAs\":[\"https:\/\/www.facebook.com\/bodybalanceZG\/?locale=hr_HR\",\"https:\/\/www.instagram.com\/poliklinikamedicalbodybalance\/\"]}]}<\/script>\n<!-- \/ Yoast SEO plugin. -->","yoast_head_json":{"title":"Upute za pacijente - ORTHO BALANCE","robots":{"index":"index","follow":"follow","max-snippet":"max-snippet:-1","max-image-preview":"max-image-preview:large","max-video-preview":"max-video-preview:-1"},"canonical":"https:\/\/www.ortopedski-ulosci.hr\/en\/upute-za-pacijente\/","og_locale":"en_GB","og_type":"article","og_title":"Upute za pacijente - ORTHO BALANCE","og_description":"Upute za pacijenteUPUTEZa kori\u0161tenje i odr\u017eavanje ortopedskih ulo\u017eakaHvala Vam \u0161to ste odabrali ortopedske ulo\u0161ke ORTHO BALANCE. Ovi ulo\u0161ci napravljeni su s visokom precizno\u0161\u0107u prema Va\u0161em stopalu. Prije prvog kori\u0161tenja potrebno je napraviti nekoliko koraka kako bi ulo\u017eak popunio Va\u0161u obu\u0107u i kako ne bi do\u0161lo do proklizavanja ulo\u0161ka ili njegove deformacije. Ulo\u017eak se radi ne\u0161to [&hellip;]","og_url":"https:\/\/www.ortopedski-ulosci.hr\/en\/upute-za-pacijente\/","og_site_name":"ORTHO BALANCE","article_publisher":"https:\/\/www.facebook.com\/bodybalanceZG\/?locale=hr_HR","og_image":[{"width":1200,"height":600,"url":"https:\/\/www.ortopedski-ulosci.hr\/wp-content\/uploads\/2024\/07\/Ortopedski-ulosci-OrthoBalance-14.jpg","type":"image\/jpeg"}],"twitter_card":"summary_large_image","twitter_misc":{"Estimated reading time":"5 minutes"},"schema":{"@context":"https:\/\/schema.org","@graph":[{"@type":"WebPage","@id":"https:\/\/www.ortopedski-ulosci.hr\/upute-za-pacijente\/","url":"https:\/\/www.ortopedski-ulosci.hr\/upute-za-pacijente\/","name":"Upute za pacijente - ORTHO BALANCE","isPartOf":{"@id":"https:\/\/www.ortopedski-ulosci.hr\/#website"},"datePublished":"2024-07-18T07:11:48+00:00","breadcrumb":{"@id":"https:\/\/www.ortopedski-ulosci.hr\/upute-za-pacijente\/#breadcrumb"},"inLanguage":"en-GB","potentialAction":[{"@type":"ReadAction","target":["https:\/\/www.ortopedski-ulosci.hr\/upute-za-pacijente\/"]}]},{"@type":"BreadcrumbList","@id":"https:\/\/www.ortopedski-ulosci.hr\/upute-za-pacijente\/#breadcrumb","itemListElement":[{"@type":"ListItem","position":1,"name":"Po\u010detna stranica","item":"https:\/\/www.ortopedski-ulosci.hr\/hr\/"},{"@type":"ListItem","position":2,"name":"Upute za pacijente"}]},{"@type":"WebSite","@id":"https:\/\/www.ortopedski-ulosci.hr\/#website","url":"https:\/\/www.ortopedski-ulosci.hr\/","name":"ORTHO BALANCE","description":"Personalizirani ortopedski ulo\u0161ci","publisher":{"@id":"https:\/\/www.ortopedski-ulosci.hr\/#organization"},"alternateName":"ortopedski-ulosci.hr","potentialAction":[{"@type":"SearchAction","target":{"@type":"EntryPoint","urlTemplate":"https:\/\/www.ortopedski-ulosci.hr\/?s={search_term_string}"},"query-input":{"@type":"PropertyValueSpecification","valueRequired":true,"valueName":"search_term_string"}}],"inLanguage":"en-GB"},{"@type":"Organization","@id":"https:\/\/www.ortopedski-ulosci.hr\/#organization","name":"ORTHO BALANCE","url":"https:\/\/www.ortopedski-ulosci.hr\/","logo":{"@type":"ImageObject","inLanguage":"en-GB","@id":"https:\/\/www.ortopedski-ulosci.hr\/#\/schema\/logo\/image\/","url":"https:\/\/www.ortopedski-ulosci.hr\/wp-content\/uploads\/2024\/07\/orthobalance.png","contentUrl":"https:\/\/www.ortopedski-ulosci.hr\/wp-content\/uploads\/2024\/07\/orthobalance.png","width":600,"height":200,"caption":"ORTHO BALANCE"},"image":{"@id":"https:\/\/www.ortopedski-ulosci.hr\/#\/schema\/logo\/image\/"},"sameAs":["https:\/\/www.facebook.com\/bodybalanceZG\/?locale=hr_HR","https:\/\/www.instagram.com\/poliklinikamedicalbodybalance\/"]}]}},"_links":{"self":[{"href":"https:\/\/www.ortopedski-ulosci.hr\/en\/wp-json\/wp\/v2\/pages\/99729","targetHints":{"allow":["GET"]}}],"collection":[{"href":"https:\/\/www.ortopedski-ulosci.hr\/en\/wp-json\/wp\/v2\/pages"}],"about":[{"href":"https:\/\/www.ortopedski-ulosci.hr\/en\/wp-json\/wp\/v2\/types\/page"}],"author":[{"embeddable":true,"href":"https:\/\/www.ortopedski-ulosci.hr\/en\/wp-json\/wp\/v2\/users\/1"}],"replies":[{"embeddable":true,"href":"https:\/\/www.ortopedski-ulosci.hr\/en\/wp-json\/wp\/v2\/comments?post=99729"}],"version-history":[{"count":2,"href":"https:\/\/www.ortopedski-ulosci.hr\/en\/wp-json\/wp\/v2\/pages\/99729\/revisions"}],"predecessor-version":[{"id":99731,"href":"https:\/\/www.ortopedski-ulosci.hr\/en\/wp-json\/wp\/v2\/pages\/99729\/revisions\/99731"}],"wp:attachment":[{"href":"https:\/\/www.ortopedski-ulosci.hr\/en\/wp-json\/wp\/v2\/media?parent=99729"}],"curies":[{"name":"wp","href":"https:\/\/api.w.org\/{rel}","templated":true}]}}